{"id":702,"date":"2018-06-12T12:15:11","date_gmt":"2018-06-12T11:15:11","guid":{"rendered":"http:\/\/associationodyssee.fr\/?page_id=702"},"modified":"2019-10-30T10:49:45","modified_gmt":"2019-10-30T09:49:45","slug":"nos-partenaires-locaux","status":"publish","type":"page","link":"https:\/\/associationodyssee.fr\/it\/les-activites\/nos-partenaires-locaux\/","title":{"rendered":"I nostri partner"},"content":{"rendered":"<p>Per svolgere le sue attivit\u00e0 locali, l\u2019associazione Odyss\u00e9e si avvale di una rete di partner diversi.<\/p>\n<p>&nbsp;<\/p>\n<h5><span style=\"color: #1bc7bc;\">Pr\u00e9pas Sports\u00a0<\/span><\/h5>\n<p style=\"text-align: justify;\"><img decoding=\"async\" loading=\"lazy\" class=\"wp-image-814 alignleft\" src=\"http:\/\/associationodyssee.fr\/wp-content\/uploads\/2018\/07\/logo-prepas-sports-621x196.jpg\" alt=\"\" width=\"276\" height=\"87\" srcset=\"https:\/\/associationodyssee.fr\/wp-content\/uploads\/2018\/07\/logo-prepas-sports-621x196.jpg 621w, https:\/\/associationodyssee.fr\/wp-content\/uploads\/2018\/07\/logo-prepas-sports-621x196-300x95.jpg 300w, https:\/\/associationodyssee.fr\/wp-content\/uploads\/2018\/07\/logo-prepas-sports-621x196-600x189.jpg 600w\" sizes=\"(max-width: 276px) 100vw, 276px\" \/>Nel quadro delle nostre attivit\u00e0 interculturali, siamo lieti di presentare tra i nostri partner PR\u00c9PAS SPORTS. PR\u00c9PAS SPORTS \u00abPercorso di rimobilizzazione educativa Personalizzato Intorno allo Sport\u00bb \u00e8 un dispositivo di inserimento promosso dallo Stadio Bordelais-Asptt e finanziato dal Fondo Sociale Europeo nel quadro del programma &#8220;Iniziativa per l\u2019Occupazione Giovanile&#8221; nonch\u00e9 dalla Gironde, la nuova Aquitania, Bordeaux M\u00e9tropole e il Comune di Bordeaux.<\/p>\n<hr \/>\n<h5 style=\"text-align: justify;\"><strong><span style=\"color: #1bc7bc;\">Cap Ulysse\u00a0<\/span><\/strong><\/h5>\n<p><img decoding=\"async\" loading=\"lazy\" class=\"wp-image-2582 alignright\" src=\"http:\/\/associationodyssee.fr\/wp-content\/uploads\/2019\/10\/logo-CU.png\" alt=\"cap ulysse\" width=\"146\" height=\"146\" srcset=\"https:\/\/associationodyssee.fr\/wp-content\/uploads\/2019\/10\/logo-CU.png 302w, https:\/\/associationodyssee.fr\/wp-content\/uploads\/2019\/10\/logo-CU-150x150.png 150w, https:\/\/associationodyssee.fr\/wp-content\/uploads\/2019\/10\/logo-CU-300x300.png 300w\" sizes=\"(max-width: 146px) 100vw, 146px\" \/><\/p>\n<p style=\"text-align: justify;\"><strong><span style=\"color: #1bc7bc;\"><a style=\"color: #1bc7bc;\" href=\"http:\/\/www.capulysse.fr\" target=\"_blank\" rel=\"noopener\">Cap Ulysse<\/a> <\/span><\/strong>\u00e8 un organismo di formazione che accoglie e colloca i giovani europei in tirocinio presso imprese a Bordeaux. Nel quadro delle attivit\u00e0 linguistiche e interculturali, Cap Ulysse \u00e8 uno dei nostri partner privilegiati! Svolgiamo numerose attivit\u00e0 con i giovani europei accompagnati dal team di Cap Ulysse: italiani, spagnoli, tedeschi, svizzeri, portoghesi, austriaci&#8230;<\/p>\n<p>&nbsp;<\/p>\n<hr \/>\n<h5><span style=\"color: #1bc7bc;\"><img decoding=\"async\" loading=\"lazy\" class=\"irc_mi alignleft\" src=\"http:\/\/webetab.ac-bordeaux.fr\/Etablissement\/ClgStJeanIllac\/JourneesPortesOuvertes\/img\/menuts.jpg\" alt=\"R\u00e9sultat de recherche d'images pour &quot;lyc\u00e9e professionnel les menuts logo&quot;\" width=\"199\" height=\"155\" \/>Lyc\u00e9e Professionnel Les Menuts<\/span><\/h5>\n<p style=\"text-align: justify;\">L\u2019equipe educativa del Liceo Professionale Les Menuts, a Bordeaux, \u00e8 molto spesso coinvolta nella realizzazione e nell\u2019animazione di attivit\u00e0 interculturali! Gli studenti delle scuole superiori spesso partecipano alle attivit\u00e0 interculturali locali, ma si dedicano anche a progetti specifici e puntuali. Nel 2019, ad esempio, il liceo ha ospitato una delegazione di insegnanti tedeschi per un giorno, accompagnati da Odyss\u00e9e per una visita di studio. I professori tedeschi sono stati accolti calorosamente e orientati dai liceali nel corso di una situazione professionale. Un partner privilegiato e aperto agli esperimenti pedagogici che ringraziamo di nuovo!<\/p>\n<p><\/p>","protected":false},"excerpt":{"rendered":"<p>Per svolgere le sue attivit\u00e0 locali, l\u2019associazione Odyss\u00e9e si avvale di una rete di partner diversi. &nbsp; Pr\u00e9pas Sports\u00a0 Nel quadro delle nostre attivit\u00e0 interculturali, siamo lieti di presentare tra i nostri partner PR\u00c9PAS SPORTS. PR\u00c9PAS SPORTS \u00abPercorso di rimobilizzazione educativa Personalizzato Intorno allo Sport\u00bb \u00e8 un dispositivo di inserimento promosso dallo Stadio Bordelais-Asptt e [&hellip;]<\/p>\n","protected":false},"author":1,"featured_media":300,"parent":20,"menu_order":4,"comment_status":"closed","ping_status":"closed","template":"","meta":[],"_links":{"self":[{"href":"https:\/\/associationodyssee.fr\/it\/wp-json\/wp\/v2\/pages\/702"}],"collection":[{"href":"https:\/\/associationodyssee.fr\/it\/wp-json\/wp\/v2\/pages"}],"about":[{"href":"https:\/\/associationodyssee.fr\/it\/wp-json\/wp\/v2\/types\/page"}],"author":[{"embeddable":true,"href":"https:\/\/associationodyssee.fr\/it\/wp-json\/wp\/v2\/users\/1"}],"replies":[{"embeddable":true,"href":"https:\/\/associationodyssee.fr\/it\/wp-json\/wp\/v2\/comments?post=702"}],"version-history":[{"count":17,"href":"https:\/\/associationodyssee.fr\/it\/wp-json\/wp\/v2\/pages\/702\/revisions"}],"predecessor-version":[{"id":2618,"href":"https:\/\/associationodyssee.fr\/it\/wp-json\/wp\/v2\/pages\/702\/revisions\/2618"}],"up":[{"embeddable":true,"href":"https:\/\/associationodyssee.fr\/it\/wp-json\/wp\/v2\/pages\/20"}],"wp:featuredmedia":[{"embeddable":true,"href":"https:\/\/associationodyssee.fr\/it\/wp-json\/wp\/v2\/media\/300"}],"wp:attachment":[{"href":"https:\/\/associationodyssee.fr\/it\/wp-json\/wp\/v2\/media?parent=702"}],"curies":[{"name":"wp","href":"https:\/\/api.w.org\/{rel}","templated":true}]}}