{"id":412,"date":"2018-01-15T09:59:00","date_gmt":"2018-01-15T08:59:00","guid":{"rendered":"http:\/\/associationodyssee.fr\/?page_id=412"},"modified":"2020-03-03T12:59:15","modified_gmt":"2020-03-03T11:59:15","slug":"erasmus-staff-mobility","status":"publish","type":"page","link":"https:\/\/associationodyssee.fr\/it\/projets-europeens\/erasmus-staff-mobility\/","title":{"rendered":"(Fran\u00e7ais) Visites d&#8217;\u00e9tudes et mobilit\u00e9s Erasmus+ de personnels"},"content":{"rendered":"<p class=\"qtranxs-available-languages-message qtranxs-available-languages-message-it\">Ci spiace, ma questo articolo \u00e8 disponibile soltanto in <a href=\"https:\/\/associationodyssee.fr\/en\/wp-json\/wp\/v2\/pages\/412\" class=\"qtranxs-available-language-link qtranxs-available-language-link-en\" title=\"English\">Inglese Americano<\/a> e <a href=\"https:\/\/associationodyssee.fr\/de\/wp-json\/wp\/v2\/pages\/412\" class=\"qtranxs-available-language-link qtranxs-available-language-link-de\" title=\"Deutsch\">Tedesco<\/a>. Per ragioni di convenienza del visitatore, il contenuto \u00e8 mostrato sotto in una delle  lingue alternative disponibili. Puoi cliccare su uno dei links per cambiare la lingua del sito in un'altra lingua disponibile.<\/p><p><\/p>\n<p style=\"text-align: justify;\">Association Odyss\u00e9e proposes several <span style=\"color: #1bc7bc;\"><strong>study visits<\/strong><\/span> dedicated to <span style=\"color: #1bc7bc;\"><strong>European professionals<\/strong><\/span> willing to enlarge their network and deepend their knowledges, skills and competences by <span style=\"color: #1bc7bc;\"><strong>coming to Bordeaux, France<\/strong><\/span>. Our local network of non-profit organisations, schools, companies, institutions, local authorities allow us to set up a <strong><span style=\"color: #1bc7bc;\">tailor-made programme<\/span><\/strong>.<\/p>\n<h3 style=\"text-align: justify;\"><span style=\"color: #1bc7bc;\">Discover bellow some of our proposals<\/span><\/h3>\n<hr \/>\n<h4 style=\"text-align: justify;\"><strong><span style=\"color: #1bc7bc;\">1. Preschool education: Intercultural learning with migrants. How to work intercultural in kindergarten with persons from different cultural backgrounds? <\/span><\/strong><\/h4>\n<p style=\"text-align: justify;\">Association Odyss\u00e9e organises a one-week course on this topic in partnership with <strong><span style=\"color: #1bc7bc;\">FairBUND e.V., Germany.<\/span><\/strong><\/p>\n<p style=\"text-align: justify;\">The course of this study visit is structured to:<img decoding=\"async\" loading=\"lazy\" class=\"wp-image-1810 alignright\" src=\"http:\/\/associationodyssee.fr\/wp-content\/uploads\/2019\/02\/Sans-titre6.png\" alt=\"\" width=\"318\" height=\"318\" srcset=\"https:\/\/associationodyssee.fr\/wp-content\/uploads\/2019\/02\/Sans-titre6.png 800w, https:\/\/associationodyssee.fr\/wp-content\/uploads\/2019\/02\/Sans-titre6-150x150.png 150w, https:\/\/associationodyssee.fr\/wp-content\/uploads\/2019\/02\/Sans-titre6-300x300.png 300w, https:\/\/associationodyssee.fr\/wp-content\/uploads\/2019\/02\/Sans-titre6-768x768.png 768w\" sizes=\"(max-width: 318px) 100vw, 318px\" \/><\/p>\n<p>&#8211; provide the participants with relevant information on the French scholarship system<\/p>\n<p>&#8211; provide the participants with relevant information on the French context regarding migrations<\/p>\n<p>&#8211; allow the participants to discover several organisations and to exchange with the staff members such as: nursery (0-3 years old), kindergarten (3-6 years old), non-profit organisations working with families and children with different cultural backgrounds etc.<\/p>\n<h5 style=\"text-align: justify;\"><span style=\"color: #1bc7bc;\"><strong>Indicative programme<\/strong><\/span><\/h5>\n<p><span style=\"text-decoration: underline;\"><strong><span style=\"color: #1bc7bc; text-decoration: underline;\">Day 1:<\/span><\/strong><\/span> Arrival to Bordeaux, installation in the accommodation<\/p>\n<p><span style=\"text-decoration: underline;\"><strong><span style=\"color: #1bc7bc; text-decoration: underline;\">Day 2:<\/span><\/strong><\/span><\/p>\n<p style=\"text-align: justify;\">&#8211; introduction meeting with information on the programme, the course&#8217;s objectives, the organisation<br \/>\n&#8211; theoretical part: overview on the French scholarship system and on the context regarding past and current migrations in France<br \/>\n&#8211; discovery of Bordeaux during a guided city tour<\/p>\n<p><span style=\"text-decoration: underline;\"><strong><span style=\"color: #1bc7bc; text-decoration: underline;\">Day 3: <\/span><\/strong><\/span>Study visit: visit of a kindergarten for children from 0 to 3 years old whose families have different cultural backgrounds, introductions and exchanges with the staff members<\/p>\n<p><span style=\"text-decoration: underline;\"><strong><span style=\"color: #1bc7bc; text-decoration: underline;\">Day 4: <\/span><\/strong><\/span>Study visit: visit of a organisation supporting itinerants people &#8211; travellers in the territory<\/p>\n<p><span style=\"text-decoration: underline;\"><strong><span style=\"color: #1bc7bc; text-decoration: underline;\">Day 5:<\/span><\/strong><\/span><\/p>\n<p style=\"text-align: justify;\">&#8211; Study visit: visit of an organisation supporting families, mothers and children with migration backgrounds or with different cultural backgrounds towards their integration at local level<br \/>\n&#8211; Study visit: visit of an organisation supporting families and mothers with migration backgrounds with a focus on health and psychology<\/p>\n<p><span style=\"text-decoration: underline;\"><strong><span style=\"color: #1bc7bc; text-decoration: underline;\">Day 6:<\/span><\/strong><\/span><\/p>\n<p style=\"text-align: justify;\">&#8211; Study visit: visit of an organisation supporting mothers and families with migration backgrounds in their integration at local level and in their relationships with the schools<br \/>\n&#8211; Final meeting: self-assessment and evaluation of the mobility, administrative documents, organisation of the departure<\/p>\n<p><strong><span style=\"text-decoration: underline;\"><span style=\"color: #1bc7bc; text-decoration: underline;\">Day 7: <\/span><\/span><\/strong>departure and way back to Germany<\/p>\n<hr \/>\n<h4 style=\"text-align: justify;\"><strong><span style=\"color: #1bc7bc;\">2. Language promotion within Vocational Education and Training (VET) in Europe<\/span><\/strong><\/h4>\n<p style=\"text-align: justify;\"><img decoding=\"async\" loading=\"lazy\" class=\"wp-image-2056 alignleft\" src=\"http:\/\/associationodyssee.fr\/wp-content\/uploads\/2019\/06\/DSC_0376.jpg\" alt=\"mobinardo visite d'\u00e9tude \u00e9change de pratiques professionnelles europe allemagne france professeurs apprentissage langue fran\u00e7ais fran\u00e7aise\" width=\"363\" height=\"204\" srcset=\"https:\/\/associationodyssee.fr\/wp-content\/uploads\/2019\/06\/DSC_0376.jpg 4208w, https:\/\/associationodyssee.fr\/wp-content\/uploads\/2019\/06\/DSC_0376-300x169.jpg 300w, https:\/\/associationodyssee.fr\/wp-content\/uploads\/2019\/06\/DSC_0376-768x432.jpg 768w, https:\/\/associationodyssee.fr\/wp-content\/uploads\/2019\/06\/DSC_0376-1024x576.jpg 1024w, https:\/\/associationodyssee.fr\/wp-content\/uploads\/2019\/06\/DSC_0376-750x420.jpg 750w\" sizes=\"(max-width: 363px) 100vw, 363px\" \/><\/p>\n<p>&nbsp;<\/p>\n<p style=\"text-align: justify;\">In May 2019, Odyss\u00e9e welcomed a group of German teachers and researchers for a study visit on integrated language learning in the vocational education and training system, funded by the Erasmus + programme and coming with the Mobinardo programme. Various meetings and exchanges were organised with teachers and trainers allowing to question and deepen the knowledges, practices and approaches of all participants involved.<\/p>\n<p>&nbsp;<\/p>\n<h5 style=\"text-align: justify;\"><span style=\"color: #1bc7bc;\">Programme:<\/span><\/h5>\n<p><strong><span style=\"text-decoration: underline;\"><span style=\"color: #1bc7bc; text-decoration: underline;\">Day 1: <\/span><\/span><\/strong>Arrival to Bordeaux, installation in the accommodation<\/p>\n<p><strong><span style=\"text-decoration: underline;\"><span style=\"color: #1bc7bc; text-decoration: underline;\">Day 2:<\/span><\/span><\/strong><\/p>\n<p style=\"text-align: justify;\">&#8211; Introduction meeting with Odyss\u00e9e&#8217;s team, information on the programme, the course&#8217;s objectives, the organisation<br \/>\n&#8211; Overview of the topic: VET and language learning<br \/>\n&#8211; Theoretical part: overview on the French VET system and exchanges with teachers of the Vocational High School and Apprenticeship Center Gustave Eiffel on language learning issues<br \/>\n&#8211; Meeting with facilitators, trainers and participants of the Job to Stay project led in Bordeaux by Odyss\u00e9e<br \/>\n&#8211; Meeting with an English teacher part of the CASNAV programme<\/p>\n<p><span style=\"text-decoration: underline;\"><strong><span style=\"color: #1bc7bc; text-decoration: underline;\">Day 3:<\/span><\/strong><\/span><\/p>\n<p style=\"text-align: justify;\">&#8211; Welcoming session and tour by the students of the Vocational High School Les Menuts<br \/>\n&#8211; Theoretical part: overview of the Vocational High School system and language learning issues, round table<br \/>\n&#8211; Job shadowing with teachers of business and economics, administration, customers relations, French as Foreign Language, hairdressing&#8230;<\/p>\n<p><span style=\"text-decoration: underline;\"><strong><span style=\"color: #1bc7bc; text-decoration: underline;\">Day 4:<\/span><\/strong><\/span><\/p>\n<p>&#8211; Meeting with a training center providing vocational training and language courses, named Alios Formation.<br \/>\n&#8211; Final meeting: self-assessment and evaluation of the mobility, administrative documents, organisation of the departure, closure of the trip. Way back to Germany.<\/p>\n<p style=\"text-align: center;\"><img decoding=\"async\" loading=\"lazy\" class=\"wp-image-2634 alignleft\" src=\"http:\/\/associationodyssee.fr\/wp-content\/uploads\/2019\/10\/DSCI0332-min.jpg\" alt=\"mobinardo visite d'\u00e9tude bordeaux study visit staff mobility mobilit\u00e9 europp\u00e9enne personnel professionnel erasmus association odyss\u00e9e bordeaux france\" width=\"381\" height=\"286\" srcset=\"https:\/\/associationodyssee.fr\/wp-content\/uploads\/2019\/10\/DSCI0332-min.jpg 5152w, https:\/\/associationodyssee.fr\/wp-content\/uploads\/2019\/10\/DSCI0332-min-300x225.jpg 300w, https:\/\/associationodyssee.fr\/wp-content\/uploads\/2019\/10\/DSCI0332-min-768x576.jpg 768w, https:\/\/associationodyssee.fr\/wp-content\/uploads\/2019\/10\/DSCI0332-min-1024x768.jpg 1024w\" sizes=\"(max-width: 381px) 100vw, 381px\" \/><\/p>\n<p style=\"text-align: center;\"><img decoding=\"async\" loading=\"lazy\" class=\"wp-image-2635 alignleft\" src=\"http:\/\/associationodyssee.fr\/wp-content\/uploads\/2019\/10\/IMG_20190523_092211.jpg\" alt=\"mobinardo visite d'\u00e9tude bordeaux study visit staff mobility mobilit\u00e9 europp\u00e9enne personnel professionnel erasmus association odyss\u00e9e bordeaux france\" width=\"382\" height=\"287\" srcset=\"https:\/\/associationodyssee.fr\/wp-content\/uploads\/2019\/10\/IMG_20190523_092211.jpg 3968w, https:\/\/associationodyssee.fr\/wp-content\/uploads\/2019\/10\/IMG_20190523_092211-300x225.jpg 300w, https:\/\/associationodyssee.fr\/wp-content\/uploads\/2019\/10\/IMG_20190523_092211-768x576.jpg 768w, https:\/\/associationodyssee.fr\/wp-content\/uploads\/2019\/10\/IMG_20190523_092211-1024x768.jpg 1024w\" sizes=\"(max-width: 382px) 100vw, 382px\" \/><\/p>\n<p>&nbsp;<\/p>\n<p>&nbsp;<\/p>\n<p>&nbsp;<\/p>\n<p>&nbsp;<\/p>\n<p>&nbsp;<\/p>\n<p>&nbsp;<\/p>\n<p>&nbsp;<\/p>\n<p>&nbsp;<\/p>\n<p>&nbsp;<\/p>\n<hr \/>\n<h4 style=\"text-align: justify;\"><span style=\"color: #1bc7bc;\">3. Innovative approaches for agriculture teachers<\/span><\/h4>\n<p style=\"text-align: justify;\"><img decoding=\"async\" loading=\"lazy\" class=\"wp-image-2651 alignleft\" src=\"http:\/\/associationodyssee.fr\/wp-content\/uploads\/2019\/10\/IMG_0483.jpg\" alt=\"association odyss\u00e9e bordeaux france visite d'\u00e9tudes study visits visit europe europ\u00e9en european erasmus staff mobility\" width=\"365\" height=\"274\" srcset=\"https:\/\/associationodyssee.fr\/wp-content\/uploads\/2019\/10\/IMG_0483.jpg 3264w, https:\/\/associationodyssee.fr\/wp-content\/uploads\/2019\/10\/IMG_0483-300x225.jpg 300w, https:\/\/associationodyssee.fr\/wp-content\/uploads\/2019\/10\/IMG_0483-768x576.jpg 768w, https:\/\/associationodyssee.fr\/wp-content\/uploads\/2019\/10\/IMG_0483-1024x768.jpg 1024w\" sizes=\"(max-width: 365px) 100vw, 365px\" \/><\/p>\n<p style=\"text-align: justify;\">In 2016, Odyss\u00e9e organised and implemented a one-week study visit with a group of 8 Italian teachers of<strong><span style=\"color: #1bc7bc;\"> agriculture, horticulture, organic approaches, and wine production<\/span><\/strong>, in partnership with AEF in Italy. Several visits occured:<\/p>\n<p>&#8211; theoretical information with DRAAF on the French system for agricultural teaching and training<\/p>\n<p>&#8211; study visit to Terres d&#8217;ADELE<\/p>\n<p>&#8211; study visit to Jardin Botanique<\/p>\n<p>&#8211; study visit to Tonnellerie Nadali\u00e9<\/p>\n<p>&#8211; study visit to Ch\u00e2teau Dillon<\/p>\n<p>&#8211; study visit to the Horticulture High School Camille Godard<\/p>\n<p>&#8211; city tour of Bordeaux<\/p>\n<p>&#8211; cultural visits to Saint-Emilion and Cit\u00e9 du Vin<\/p>\n<hr \/>\n<p style=\"text-align: justify;\">All study visits are subject to changes; programme might change too.<\/p>\n<h4 style=\"text-align: justify;\"><span style=\"color: #1bc7bc;\">Contact us with explanations on your project of study visit and staff mobility so we can propose our offer and programme.<\/span><\/h4>\n<p><\/p>","protected":false},"excerpt":{"rendered":"<p>Ci spiace, ma questo articolo \u00e8 disponibile soltanto in Inglese Americano e Tedesco. Per ragioni di convenienza del visitatore, il contenuto \u00e8 mostrato sotto in una delle lingue alternative disponibili. Puoi cliccare su uno dei links per cambiare la lingua del sito in un&#8217;altra lingua disponibile. Association Odyss\u00e9e proposes several study visits dedicated to European [&hellip;]<\/p>\n","protected":false},"author":1,"featured_media":308,"parent":302,"menu_order":6,"comment_status":"closed","ping_status":"closed","template":"","meta":[],"_links":{"self":[{"href":"https:\/\/associationodyssee.fr\/it\/wp-json\/wp\/v2\/pages\/412"}],"collection":[{"href":"https:\/\/associationodyssee.fr\/it\/wp-json\/wp\/v2\/pages"}],"about":[{"href":"https:\/\/associationodyssee.fr\/it\/wp-json\/wp\/v2\/types\/page"}],"author":[{"embeddable":true,"href":"https:\/\/associationodyssee.fr\/it\/wp-json\/wp\/v2\/users\/1"}],"replies":[{"embeddable":true,"href":"https:\/\/associationodyssee.fr\/it\/wp-json\/wp\/v2\/comments?post=412"}],"version-history":[{"count":27,"href":"https:\/\/associationodyssee.fr\/it\/wp-json\/wp\/v2\/pages\/412\/revisions"}],"predecessor-version":[{"id":2906,"href":"https:\/\/associationodyssee.fr\/it\/wp-json\/wp\/v2\/pages\/412\/revisions\/2906"}],"up":[{"embeddable":true,"href":"https:\/\/associationodyssee.fr\/it\/wp-json\/wp\/v2\/pages\/302"}],"wp:featuredmedia":[{"embeddable":true,"href":"https:\/\/associationodyssee.fr\/it\/wp-json\/wp\/v2\/media\/308"}],"wp:attachment":[{"href":"https:\/\/associationodyssee.fr\/it\/wp-json\/wp\/v2\/media?parent=412"}],"curies":[{"name":"wp","href":"https:\/\/api.w.org\/{rel}","templated":true}]}}