{"id":3186,"date":"2020-09-08T13:51:42","date_gmt":"2020-09-08T12:51:42","guid":{"rendered":"http:\/\/associationodyssee.fr\/?page_id=3186"},"modified":"2020-12-16T15:42:55","modified_gmt":"2020-12-16T14:42:55","slug":"equalling","status":"publish","type":"page","link":"https:\/\/associationodyssee.fr\/it\/projets-europeens\/equalling\/","title":{"rendered":"(Fran\u00e7ais) EquALL(ING)"},"content":{"rendered":"<p class=\"qtranxs-available-languages-message qtranxs-available-languages-message-it\">Ci spiace, ma questo articolo \u00e8 disponibile soltanto in <a href=\"https:\/\/associationodyssee.fr\/fr\/wp-json\/wp\/v2\/pages\/3186\" class=\"qtranxs-available-language-link qtranxs-available-language-link-fr\" title=\"Fran\u00e7ais\">Francese<\/a>. Per ragioni di convenienza del visitatore, il contenuto \u00e8 mostrato sotto nella lingua alternativa. Puoi cliccare sul link per cambiare la lingua attiva.<\/p><p><\/p>\n<p style=\"text-align: justify;\">EquALL(ING) est un projet de partenariat strat\u00e9gique pour l&#8217;\u00e9change de bonnes pratiques dans la formation pour adultes, soutenu par le programme Erasmus+ de l&#8217;Union Europ\u00e9enne.<\/p>\n<p style=\"text-align: justify;\">Coordonn\u00e9 par le <a href=\"http:\/\/formacionteruel.es\/\" target=\"_blank\" rel=\"noopener noreferrer\"><span style=\"text-decoration: underline;\"><span style=\"color: #008080;\"><strong>Centro de Profesorado \u00c1ngel Sanz Briz<\/strong><\/span><\/span><\/a> de Teruel en Espagne, le projet commence en septembre 2020 pour une dur\u00e9e de deux ans.<\/p>\n<p>&nbsp;<\/p>\n<h4 style=\"text-align: justify;\"><strong><span style=\"color: #008080;\">Le projet en quelques mots<\/span><\/strong><\/h4>\n<p style=\"text-align: justify;\">EquALL(ING) se concentre sur l&#8217;\u00e9ducation des adultes et l&#8217;\u00e9galit\u00e9 de genre \u00e0 partir d&#8217;une perspective intersectionnelle. Les objectifs principaux sont d&#8217;\u00e9changer sur les pratiques professionnelles entre structures d&#8217;\u00e9ducation des adultes en Espagne, en France, en Italie, en Slov\u00e9nie, en Slovaquie et en Autriche, d&#8217;\u00e9laborer un questionnaire diagnostique afin d&#8217;identifier les besoins des formateurs.rices et de leur proposer des activit\u00e9s, des m\u00e9thodes et des outils.<\/p>\n<p>&nbsp;<\/p>\n<h4 style=\"text-align: justify;\"><span style=\"color: #008080;\"><strong>Les activit\u00e9s du projet<\/strong><\/span><\/h4>\n<p style=\"text-align: justify;\">Le projet pr\u00e9voit des mobilit\u00e9s d&#8217;apprenant.e.s et de professionnel.le.s de la formation pour adultes, ainsi que des r\u00e9unions transnationales de coordination. En parall\u00e8le de ces temps forts, les partenaires travailleront sur l&#8217;identification des besoins et le partage de bonnes pratiques au niveau europ\u00e9en.<\/p>\n<p>&nbsp;<\/p>\n<h4 style=\"text-align: justify;\"><span style=\"color: #008080;\"><strong>Les partenaires<\/strong><\/span><\/h4>\n<ul>\n<li style=\"text-align: justify;\">En Espagne :\u00a0<span style=\"text-decoration: underline;\"><strong><span style=\"color: #008080;\"><a style=\"color: #008080; text-decoration: underline;\" href=\"http:\/\/formacionteruel.es\/\" target=\"_blank\" rel=\"noopener noreferrer\">Centro de Profesorado \u00c1ngel Sanz Briz<\/a><\/span><\/strong><\/span> \u00e0 Teruel, CPEPA \u00e0 Cella<\/li>\n<li style=\"text-align: justify;\">En Italie : <a href=\"http:\/\/www.cpia2altamura.it\" target=\"_blank\" rel=\"noopener noreferrer\"><span style=\"color: #008080;\"><span style=\"text-decoration: underline;\"><strong>CPIA2<\/strong><\/span><\/span><\/a>\u00a0\u00e0 Bari<\/li>\n<li style=\"text-align: justify;\">En Autriche : <span style=\"text-decoration: underline;\"><strong><span style=\"color: #008080;\"><a style=\"color: #008080; text-decoration: underline;\" href=\"http:\/\/www.orientexpress-wien.com\" target=\"_blank\" rel=\"noopener noreferrer\">Orient-Express<\/a><\/span><\/strong><\/span>\u00a0\u00e0 Vienne<\/li>\n<li style=\"text-align: justify;\">En Slovaquie : Topcoach sro<\/li>\n<li style=\"text-align: justify;\">En Slov\u00e9nie : <span style=\"text-decoration: underline;\"><span style=\"color: #008080;\"><strong><a style=\"color: #008080; text-decoration: underline;\" href=\"https:\/\/www.lu-celje.si\/\" target=\"_blank\" rel=\"noopener noreferrer\">Ljudska Univerza<\/a><\/strong><\/span><\/span> \u00e0 Celje<\/li>\n<li style=\"text-align: justify;\">En France : <a href=\"http:\/\/associationodyssee.fr\/\" target=\"_blank\" rel=\"noopener noreferrer\"><span style=\"text-decoration: underline;\"><strong><span style=\"color: #008080; text-decoration: underline;\">Odyss\u00e9e<\/span><\/strong><\/span><\/a> \u00e0 Bordeaux<\/li>\n<\/ul>\n<p>&nbsp;<\/p>\n<p style=\"text-align: justify;\"><span class=\"JsGRdQ\">Ce projet est soutenu par le programme Erasmus+ de l\u2019Union Europ\u00e9enne. <\/span><img decoding=\"async\" loading=\"lazy\" class=\"wp-image-2854 alignright\" src=\"http:\/\/associationodyssee.fr\/wp-content\/uploads\/2020\/01\/erasmus.jpg\" sizes=\"(max-width: 138px) 100vw, 138px\" srcset=\"http:\/\/associationodyssee.fr\/wp-content\/uploads\/2020\/01\/erasmus.jpg 1851w, http:\/\/associationodyssee.fr\/wp-content\/uploads\/2020\/01\/erasmus-300x61.jpg 300w, http:\/\/associationodyssee.fr\/wp-content\/uploads\/2020\/01\/erasmus-768x156.jpg 768w, http:\/\/associationodyssee.fr\/wp-content\/uploads\/2020\/01\/erasmus-1024x207.jpg 1024w\" alt=\"erasmus\" width=\"138\" height=\"28\" \/><span class=\"JsGRdQ\">Le soutien de la Commission europ\u00e9enne \u00e0 la production de cette publication ne constitue pas une approbation du contenu, qui refl\u00e8te uniquement le point de vue des auteurs, et la Commission ne peut pas \u00eatre tenue responsable de toute utilisation qui pourrait \u00eatre faite des informations qu\u2019elle contient.<\/span><\/p>\n<p><\/p>","protected":false},"excerpt":{"rendered":"<p>Ci spiace, ma questo articolo \u00e8 disponibile soltanto in Francese. Per ragioni di convenienza del visitatore, il contenuto \u00e8 mostrato sotto nella lingua alternativa. Puoi cliccare sul link per cambiare la lingua attiva. EquALL(ING) est un projet de partenariat strat\u00e9gique pour l&#8217;\u00e9change de bonnes pratiques dans la formation pour adultes, soutenu par le programme Erasmus+ [&hellip;]<\/p>\n","protected":false},"author":1,"featured_media":0,"parent":302,"menu_order":0,"comment_status":"closed","ping_status":"closed","template":"","meta":[],"_links":{"self":[{"href":"https:\/\/associationodyssee.fr\/it\/wp-json\/wp\/v2\/pages\/3186"}],"collection":[{"href":"https:\/\/associationodyssee.fr\/it\/wp-json\/wp\/v2\/pages"}],"about":[{"href":"https:\/\/associationodyssee.fr\/it\/wp-json\/wp\/v2\/types\/page"}],"author":[{"embeddable":true,"href":"https:\/\/associationodyssee.fr\/it\/wp-json\/wp\/v2\/users\/1"}],"replies":[{"embeddable":true,"href":"https:\/\/associationodyssee.fr\/it\/wp-json\/wp\/v2\/comments?post=3186"}],"version-history":[{"count":3,"href":"https:\/\/associationodyssee.fr\/it\/wp-json\/wp\/v2\/pages\/3186\/revisions"}],"predecessor-version":[{"id":3344,"href":"https:\/\/associationodyssee.fr\/it\/wp-json\/wp\/v2\/pages\/3186\/revisions\/3344"}],"up":[{"embeddable":true,"href":"https:\/\/associationodyssee.fr\/it\/wp-json\/wp\/v2\/pages\/302"}],"wp:attachment":[{"href":"https:\/\/associationodyssee.fr\/it\/wp-json\/wp\/v2\/media?parent=3186"}],"curies":[{"name":"wp","href":"https:\/\/api.w.org\/{rel}","templated":true}]}}