{"id":309,"date":"2017-09-27T11:50:54","date_gmt":"2017-09-27T10:50:54","guid":{"rendered":"http:\/\/associationodyssee.fr\/?page_id=309"},"modified":"2019-11-27T12:28:41","modified_gmt":"2019-11-27T11:28:41","slug":"inclusion-et-integration","status":"publish","type":"page","link":"https:\/\/associationodyssee.fr\/it\/projets-europeens\/inclusion-et-integration\/","title":{"rendered":"Inclusion et int\u00e9gration"},"content":{"rendered":"<p><\/p>\n<p style=\"text-align: justify;\"><strong>L\u2019association Odyss\u00e9e est partenaire du projet europ\u00e9en <span style=\"color: #009786;\">\u00ab\u00a0Inclusion et Int\u00e9gration en Europe pour les professionnels de la petite enfance, la jeunesse et le travail social\u00a0\u00bb<\/span>, avec un coordinateur en Allemagne et des partenaires en Irlande et en Gr\u00e8ce. Ce projet est co-financ\u00e9 par le programme Erasmus+ de la Commission Europ\u00e9enne. <\/strong><\/p>\n<p style=\"text-align: justify;\"><span style=\"color: #009786;\"><strong><u>Objectifs<\/u><\/strong><\/span><\/p>\n<p style=\"text-align: justify;\">Le projet Inclusion &amp; Int\u00e9gration consiste en un \u00e9change de pratiques entre professionnels europ\u00e9ens du secteur de la petite enfance, la jeunesse et l\u2019accompagnement social et familial. Il leur permettra de d\u00e9couvrir des m\u00e9thodes, des outils et des pratiques pour accompagner les enfants, les jeunes (jusqu\u2019\u00e0 18 ans) et leurs familles et d\u2019am\u00e9liorer leurs pratiques avec d\u2019autres m\u00e9thodes employ\u00e9es par des structures homologues europ\u00e9ennes. Le projet am\u00e8nera \u00e9galement les professionnels \u00e0 r\u00e9fl\u00e9chir aux m\u00e9thodes mises en \u0153uvre au sein de leurs structures pour adopter une p\u00e9dagogie qui permet une meilleure int\u00e9gration de ces publics et de leurs familles.<\/p>\n<p style=\"text-align: justify;\"><span style=\"color: #009786;\"><strong><u>Activit\u00e9s<\/u><\/strong><\/span><\/p>\n<p style=\"text-align: justify;\">D\u2019une dur\u00e9e de 24 mois, le projet se compose de 5 mobilit\u00e9s europ\u00e9ennes (Leipzig, Allemagne\u00a0; Irlande\u00a0; Gr\u00e8ce\u00a0; Bordeaux, France\u00a0; Leipzig, Allemagne). \u00c0 chaque mobilit\u00e9, 4\u00a0participants par organisations partenaires partiront pendant trois jours pour d\u00e9couvrir les pratiques des partenaires et rencontrer des structures locales et impulser de nouvelles relations partenariales europ\u00e9ennes. Les participants aux mobilit\u00e9s europ\u00e9ennes seront des personnels qui travaillent avec des enfants, des adolescents, des jeunes et leurs familles (ex. \u00e9ducateurs, travailleurs sociaux, animateurs de centres de jeunes\u2026) qui rencontrent des difficult\u00e9s dans leur vie de tous les jours en mati\u00e8re d\u2019inclusion et d\u2019int\u00e9gration.<\/p>\n<p style=\"text-align: justify;\"><span style=\"color: #009786;\"><strong><u>Calendrier<\/u><\/strong><\/span><\/p>\n<p style=\"text-align: justify;\">D\u00e9cembre 2017 : mobilit\u00e9 \u00e0 Leipzig en Allemagne<\/p>\n<p style=\"text-align: justify;\">Avril 2018 : mobilit\u00e9 en Irlande<\/p>\n<p style=\"text-align: justify;\">Septembre 2018 : mobilit\u00e9 en Gr\u00e8ce<\/p>\n<p style=\"text-align: justify;\">Mars 2019 : mobilit\u00e9 \u00e0 Bordeaux<\/p>\n<p style=\"text-align: justify;\">Septembre 2019 : mobilit\u00e9 \u00e0 Leipzig en Allemagne<\/p>\n<p style=\"text-align: justify;\"><span style=\"text-decoration: underline; color: #009786;\"><strong>Partenaires<\/strong> <\/span><\/p>\n<p style=\"text-align: justify;\">FAIRbund e.V., Leipzig, Allemagne<\/p>\n<p style=\"text-align: justify;\">KCAT Art &amp; Study center, Callan, Irlande<\/p>\n<p style=\"text-align: justify;\">European Education &amp; Learning Institute, Rethymno, Gr\u00e8ce<\/p>\n<p style=\"text-align: justify;\">Association Odyss\u00e9e, Bordeaux, France<\/p>\n<p style=\"text-align: justify;\"><em>Ce projet est co-financ\u00e9 par le programme Erasmus+ de la Commission Europ\u00e9enne. Cette communication n\u2019engage que son auteur et la Commission n\u2019est pas responsable de l\u2019usage qui pourrait \u00eatre fait des informations qui y sont contenues.<\/em><\/p>\n<p style=\"text-align: justify;\"><span style=\"color: #ffffff;\">Erasmus + association odyss\u00e9e commission europ\u00e9enne ka1 mobilit\u00e9 des acteurs de jeunesse europe europ\u00e9ens professionnels \u00e9ducation populaire association odyss\u00e9e bordeaux<\/span><\/p>\n<p><\/p>","protected":false},"excerpt":{"rendered":"<p>L\u2019association Odyss\u00e9e est partenaire du projet europ\u00e9en \u00ab\u00a0Inclusion et Int\u00e9gration en Europe pour les professionnels de la petite enfance, la jeunesse et le travail social\u00a0\u00bb, avec un coordinateur en Allemagne et des partenaires en Irlande et en Gr\u00e8ce. Ce projet est co-financ\u00e9 par le programme Erasmus+ de la Commission Europ\u00e9enne. Objectifs Le projet Inclusion &amp; [&hellip;]<\/p>\n","protected":false},"author":1,"featured_media":308,"parent":302,"menu_order":2,"comment_status":"closed","ping_status":"closed","template":"","meta":[],"_links":{"self":[{"href":"https:\/\/associationodyssee.fr\/it\/wp-json\/wp\/v2\/pages\/309"}],"collection":[{"href":"https:\/\/associationodyssee.fr\/it\/wp-json\/wp\/v2\/pages"}],"about":[{"href":"https:\/\/associationodyssee.fr\/it\/wp-json\/wp\/v2\/types\/page"}],"author":[{"embeddable":true,"href":"https:\/\/associationodyssee.fr\/it\/wp-json\/wp\/v2\/users\/1"}],"replies":[{"embeddable":true,"href":"https:\/\/associationodyssee.fr\/it\/wp-json\/wp\/v2\/comments?post=309"}],"version-history":[{"count":7,"href":"https:\/\/associationodyssee.fr\/it\/wp-json\/wp\/v2\/pages\/309\/revisions"}],"predecessor-version":[{"id":2828,"href":"https:\/\/associationodyssee.fr\/it\/wp-json\/wp\/v2\/pages\/309\/revisions\/2828"}],"up":[{"embeddable":true,"href":"https:\/\/associationodyssee.fr\/it\/wp-json\/wp\/v2\/pages\/302"}],"wp:featuredmedia":[{"embeddable":true,"href":"https:\/\/associationodyssee.fr\/it\/wp-json\/wp\/v2\/media\/308"}],"wp:attachment":[{"href":"https:\/\/associationodyssee.fr\/it\/wp-json\/wp\/v2\/media?parent=309"}],"curies":[{"name":"wp","href":"https:\/\/api.w.org\/{rel}","templated":true}]}}