{"id":1630,"date":"2018-12-07T16:23:00","date_gmt":"2018-12-07T15:23:00","guid":{"rendered":"http:\/\/associationodyssee.fr\/?page_id=1630"},"modified":"2020-12-15T09:34:58","modified_gmt":"2020-12-15T08:34:58","slug":"ateliers-daccompagnement-professionnel-job-to-stay","status":"publish","type":"page","link":"https:\/\/associationodyssee.fr\/it\/projets-europeens\/job-to-stay\/ateliers-daccompagnement-professionnel-job-to-stay\/","title":{"rendered":"(Fran\u00e7ais) Ateliers d&#8217;accompagnement professionnel Job to Stay"},"content":{"rendered":"<p class=\"qtranxs-available-languages-message qtranxs-available-languages-message-it\">Ci spiace, ma questo articolo \u00e8 disponibile soltanto in <a href=\"https:\/\/associationodyssee.fr\/fr\/wp-json\/wp\/v2\/pages\/1630\" class=\"qtranxs-available-language-link qtranxs-available-language-link-fr\" title=\"Fran\u00e7ais\">Francese<\/a>. Per ragioni di convenienza del visitatore, il contenuto \u00e8 mostrato sotto nella lingua alternativa. Puoi cliccare sul link per cambiare la lingua attiva.<\/p><p><\/p>\n<h4 style=\"text-align: justify;\"><span style=\"color: #008080;\"><strong><span style=\"color: #00ccff;\"><span style=\"color: #1bc7bc;\">Coop\u00e9ration europ\u00e9enne Job to Stay pour les r\u00e9fugi\u00e9s statutaires<\/span> <\/span><\/strong><\/span><\/h4>\n<h4 style=\"text-align: justify;\"><span style=\"color: #008080;\"><strong><span style=\"color: #00ccff;\"><img decoding=\"async\" loading=\"lazy\" class=\"alignright wp-image-772\" src=\"http:\/\/associationodyssee.fr\/wp-content\/uploads\/2018\/06\/csm_Logo-Job-to-stay_ab48d63a01-e1529307637453.jpg\" alt=\"\" width=\"301\" height=\"112\" \/><\/span><\/strong><\/span><\/h4>\n<h4 style=\"text-align: justify;\"><\/h4>\n<p style=\"text-align: justify;\">L\u2019association Odyss\u00e9e est partenaire du projet europ\u00e9en \u00ab<span style=\"color: #00ccff;\"><strong>\u00a0<span style=\"color: #1bc7bc;\">Job to Stay<\/span><\/strong><\/span>\u00a0\u00bb en faveur de l&#8217;insertion socioprofessionnelle des r\u00e9fugi\u00e9s et b\u00e9n\u00e9ficiaires de la protection subsidiaire. Odyss\u00e9e travaille avec plusieurs universit\u00e9s, associations et entreprises en Allemagne, Autriche, Slov\u00e9nie et Italie. Ce projet est co-financ\u00e9 par le programme Erasmus+ de la Commission Europ\u00e9enne. Plus d&#8217;informations en suivant <span style=\"color: #1bc7bc;\"><a style=\"color: #1bc7bc;\" href=\"http:\/\/associationodyssee.fr\/projets-europeens\/job-to-stay\/\" target=\"_blank\" rel=\"noopener noreferrer\"><strong>ce lien : cliquez ici<\/strong><\/a>.<\/span><\/p>\n<h5 style=\"text-align: justify;\"><\/h5>\n<p>&nbsp;<\/p>\n<p><img decoding=\"async\" loading=\"lazy\" class=\"wp-image-1876 alignleft\" src=\"http:\/\/associationodyssee.fr\/wp-content\/uploads\/2019\/03\/Point-Blur_Mar202019_183405.jpg\" alt=\"stage entreprise restaurant job to stay accompagnement emploi r\u00e9fugi\u00e9 odyss\u00e9e bordeaux\" width=\"311\" height=\"175\" srcset=\"https:\/\/associationodyssee.fr\/wp-content\/uploads\/2019\/03\/Point-Blur_Mar202019_183405.jpg 2559w, https:\/\/associationodyssee.fr\/wp-content\/uploads\/2019\/03\/Point-Blur_Mar202019_183405-300x169.jpg 300w, https:\/\/associationodyssee.fr\/wp-content\/uploads\/2019\/03\/Point-Blur_Mar202019_183405-768x432.jpg 768w, https:\/\/associationodyssee.fr\/wp-content\/uploads\/2019\/03\/Point-Blur_Mar202019_183405-1024x576.jpg 1024w, https:\/\/associationodyssee.fr\/wp-content\/uploads\/2019\/03\/Point-Blur_Mar202019_183405-750x420.jpg 750w\" sizes=\"(max-width: 311px) 100vw, 311px\" \/><\/p>\n<h5 style=\"text-align: justify;\"><span style=\"color: #1bc7bc;\"><strong>Objectifs du projet<\/strong><\/span><\/h5>\n<p style=\"text-align: justify;\">Contribuer \u00e0 l\u2019insertion socioprofessionnelle des personnes ayant obtenu une protection internationale (statut de r\u00e9fugi\u00e9, protection subsidiaire) au sein du march\u00e9 d\u2019emploi de l&#8217;\u00e9conomie du tourisme et de l\u2019h\u00f4tellerie-restauration par la mise en place d\u2019un dispositif d\u2019accompagnement exp\u00e9rimental sur une dur\u00e9e de 9 mois.<\/p>\n<p>&nbsp;<\/p>\n<p>&nbsp;<\/p>\n<h5 style=\"text-align: justify;\"><span style=\"color: #1bc7bc;\"><strong>Ateliers \u00e0 Bordeaux\u00a0<\/strong><\/span><\/h5>\n<p style=\"text-align: justify;\">De janvier 2019 \u00e0 juin 2019, l&#8217;association Odyss\u00e9e a propos\u00e9 des ateliers collectifs d&#8217;accompagnement vers l&#8217;insertion professionnelle pour les personnes ayant obtenu le statut de r\u00e9fugi\u00e9 ou la protection subsidiaire. Les ateliers d&#8217;accompagnement professionnel \u00e9taient appuy\u00e9s par des ateliers linguistiques de fran\u00e7ais.<\/p>\n<p>&nbsp;<\/p>\n<h5 style=\"text-align: justify;\"><span style=\"color: #1bc7bc;\">Voici quelques temps fort du programme<\/span><\/h5>\n<ul style=\"text-align: justify;\">\n<li>Atelier collectif de connaissance du groupe<\/li>\n<li>Je souhaite : mes envies, mes attentes, mes motivations, mes craintes<img decoding=\"async\" loading=\"lazy\" class=\"wp-image-1705 alignright\" src=\"http:\/\/associationodyssee.fr\/wp-content\/uploads\/2019\/01\/Point-Blur_Jan222019_170912.jpg\" alt=\"erasmus association odyss\u00e9e job to stay visite escorial insertion professionnel r\u00e9fugi\u00e9 europe association odyss\u00e9e bordeaux\" width=\"340\" height=\"255\" srcset=\"https:\/\/associationodyssee.fr\/wp-content\/uploads\/2019\/01\/Point-Blur_Jan222019_170912.jpg 1920w, https:\/\/associationodyssee.fr\/wp-content\/uploads\/2019\/01\/Point-Blur_Jan222019_170912-300x225.jpg 300w, https:\/\/associationodyssee.fr\/wp-content\/uploads\/2019\/01\/Point-Blur_Jan222019_170912-768x576.jpg 768w, https:\/\/associationodyssee.fr\/wp-content\/uploads\/2019\/01\/Point-Blur_Jan222019_170912-1024x768.jpg 1024w\" sizes=\"(max-width: 340px) 100vw, 340px\" \/><\/li>\n<li>Ma valise professionnelle : mes connaissances, mes comp\u00e9tences, mes aptitudes<\/li>\n<li>Ma bo\u00eete \u00e0 outils professionnelle<\/li>\n<li>D\u00e9couverte du secteur de l&#8217;h\u00f4tellerie : rencontre avec la g\u00e9rante d&#8217;un h\u00f4tel<\/li>\n<li>D\u00e9couverte du secteur de la restauration : rencontre avec le g\u00e9rant d&#8217;un restaurant<\/li>\n<li>Mon escalier professionnel<\/li>\n<li>Pr\u00e9paration aux premi\u00e8res rencontres en entreprise<\/li>\n<li>D\u00e9couverte du milieu professionnel : p\u00e9riode de mise en situation en milieu professionnel \/ stage<\/li>\n<li>Ateliers d&#8217;animation linguistique : fran\u00e7ais g\u00e9n\u00e9ral, fran\u00e7ais adapt\u00e9 aux secteurs de l&#8217;h\u00f4tellerie et de la restauration, fran\u00e7ais du milieu professionnel (travail en \u00e9quipe, organisation&#8230;)<\/li>\n<\/ul>\n<p>&nbsp;<\/p>\n<p>&nbsp;<\/p>\n<p><img decoding=\"async\" loading=\"lazy\" class=\"wp-image-1702 alignleft\" src=\"http:\/\/associationodyssee.fr\/wp-content\/uploads\/2019\/01\/Point-Blur_Jan222019_172332.jpg\" alt=\"job to stay r\u00e9fugi\u00e9 cours de fran\u00e7ais association odyss\u00e9e bordeaux erasmus\" width=\"251\" height=\"188\" srcset=\"https:\/\/associationodyssee.fr\/wp-content\/uploads\/2019\/01\/Point-Blur_Jan222019_172332.jpg 1600w, https:\/\/associationodyssee.fr\/wp-content\/uploads\/2019\/01\/Point-Blur_Jan222019_172332-300x225.jpg 300w, https:\/\/associationodyssee.fr\/wp-content\/uploads\/2019\/01\/Point-Blur_Jan222019_172332-768x576.jpg 768w, https:\/\/associationodyssee.fr\/wp-content\/uploads\/2019\/01\/Point-Blur_Jan222019_172332-1024x768.jpg 1024w\" sizes=\"(max-width: 251px) 100vw, 251px\" \/><\/p>\n<h5 style=\"text-align: justify;\"><span style=\"color: #00ccff;\"><strong><span style=\"color: #1bc7bc;\">Plus d&#8217;informations<\/span> <\/strong><\/span><\/h5>\n<p style=\"text-align: justify;\">Si vous souhaitez plus d&#8217;informations, contactez la r\u00e9f\u00e9rente du projet, Marilou BREDA :<\/p>\n<p style=\"text-align: justify;\">T\u00e9l\u00e9phone : 0033 6 09 46 33 14<\/p>\n<p style=\"text-align: justify;\">Email : contact@associationodyssee.fr<\/p>\n<p>&nbsp;<\/p>\n<p>&nbsp;<\/p>\n<p><img decoding=\"async\" loading=\"lazy\" class=\"wp-image-2422 alignright\" src=\"http:\/\/associationodyssee.fr\/wp-content\/uploads\/2019\/10\/Erasmus-EN.jpg\" alt=\"Erasmus+ EN\" width=\"231\" height=\"66\" srcset=\"https:\/\/associationodyssee.fr\/wp-content\/uploads\/2019\/10\/Erasmus-EN.jpg 480w, https:\/\/associationodyssee.fr\/wp-content\/uploads\/2019\/10\/Erasmus-EN-300x86.jpg 300w\" sizes=\"(max-width: 231px) 100vw, 231px\" \/><\/p>\n<p style=\"text-align: justify;\"><em>Ce projet a \u00e9t\u00e9 financ\u00e9 avec le soutien de la Commission europ\u00e9enne. Cette publication n\u2019engage que son auteur et la Commission n\u2019est pas responsable de l\u2019usage qui pourrait \u00eatre fait des informations qui y sont contenues.<\/em><\/p>\n<p><\/p>","protected":false},"excerpt":{"rendered":"<p>Ci spiace, ma questo articolo \u00e8 disponibile soltanto in Francese. Per ragioni di convenienza del visitatore, il contenuto \u00e8 mostrato sotto nella lingua alternativa. Puoi cliccare sul link per cambiare la lingua attiva. Coop\u00e9ration europ\u00e9enne Job to Stay pour les r\u00e9fugi\u00e9s statutaires L\u2019association Odyss\u00e9e est partenaire du projet europ\u00e9en \u00ab\u00a0Job to Stay\u00a0\u00bb en faveur de [&hellip;]<\/p>\n","protected":false},"author":1,"featured_media":1709,"parent":409,"menu_order":2,"comment_status":"closed","ping_status":"closed","template":"","meta":[],"_links":{"self":[{"href":"https:\/\/associationodyssee.fr\/it\/wp-json\/wp\/v2\/pages\/1630"}],"collection":[{"href":"https:\/\/associationodyssee.fr\/it\/wp-json\/wp\/v2\/pages"}],"about":[{"href":"https:\/\/associationodyssee.fr\/it\/wp-json\/wp\/v2\/types\/page"}],"author":[{"embeddable":true,"href":"https:\/\/associationodyssee.fr\/it\/wp-json\/wp\/v2\/users\/1"}],"replies":[{"embeddable":true,"href":"https:\/\/associationodyssee.fr\/it\/wp-json\/wp\/v2\/comments?post=1630"}],"version-history":[{"count":7,"href":"https:\/\/associationodyssee.fr\/it\/wp-json\/wp\/v2\/pages\/1630\/revisions"}],"predecessor-version":[{"id":3331,"href":"https:\/\/associationodyssee.fr\/it\/wp-json\/wp\/v2\/pages\/1630\/revisions\/3331"}],"up":[{"embeddable":true,"href":"https:\/\/associationodyssee.fr\/it\/wp-json\/wp\/v2\/pages\/409"}],"wp:featuredmedia":[{"embeddable":true,"href":"https:\/\/associationodyssee.fr\/it\/wp-json\/wp\/v2\/media\/1709"}],"wp:attachment":[{"href":"https:\/\/associationodyssee.fr\/it\/wp-json\/wp\/v2\/media?parent=1630"}],"curies":[{"name":"wp","href":"https:\/\/api.w.org\/{rel}","templated":true}]}}