{"id":111,"date":"2016-09-01T17:47:44","date_gmt":"2016-09-01T16:47:44","guid":{"rendered":"http:\/\/associationodyssee.fr\/?page_id=111"},"modified":"2019-10-30T10:05:16","modified_gmt":"2019-10-30T09:05:16","slug":"les-statuts","status":"publish","type":"page","link":"https:\/\/associationodyssee.fr\/it\/l-association\/les-statuts\/","title":{"rendered":"I statuti"},"content":{"rendered":"<p><\/p>\n<p style=\"text-align: justify;\">Ecco un estratto dei statuti dell\u2019Associazione Odyss\u00e9e, approvati il 23 dicembre 2015:<\/p>\n<h5 style=\"text-align: justify;\"><span style=\"color: #1bc7bc;\">Articolo 2 Oggetti di interesse:<\/span><\/h5>\n<p style=\"text-align: justify;\">Questa associazione ha lo scopo di:<\/p>\n<ul>\n<li style=\"text-align: justify;\">Contribuire all\u2019impegno e alla partecipazione di tutti, per rafforzare la cittadinanza europea e l\u2019emergere di \u00abcittadini del mondo\u00bb:<\/li>\n<\/ul>\n<p style=\"text-align: justify;\">\u2013 essendo protagonista dell\u2019apprendimento permanente e degli scambi interculturali e<\/p>\n<p style=\"text-align: justify;\">\u2013 promuovendo la cooperazione tra gli attori territoriali del settore associativo e privato<\/p>\n<ul>\n<li style=\"text-align: justify;\">Fornire chiavi di lettura per una migliore comprensione della globalizzazione, per comprendere la diversit\u00e0 e la complessit\u00e0 del mondo attuale e sviluppare l\u2019apprendimento interculturale promuovendo e attuando gli scambi europei e internazionali e consigliando e accompagnando i promotori di progetti queste dinamiche<\/li>\n<li style=\"text-align: justify;\">Facilitare il vivere insieme e lavorare insieme, in particolare portando a sperimentare la diversit\u00e0 culturale e a praticare le lingue straniere in particolare il francese come lingua straniera<\/li>\n<li style=\"text-align: justify;\">Valorizzare la ricchezza dei territori locali proponendo attivit\u00e0 di scoperta della cultura e del patrimonio e, pi\u00f9 in generale, di attuare tutte le attivit\u00e0, azioni o eventi suscettibili di sviluppare il progetto associativo.<\/li>\n<\/ul>\n<p>La sua durata \u00e8 illimitata.<\/p>\n<p>\u00c8 possibile scaricare la Odyss\u00e9e <a href=\"http:\/\/associationodyssee.fr\/wp-content\/uploads\/2016\/09\/Statuts-Association-Odyss\u00e9e-23-12-15.pdf\"><span style=\"color: #1bc7bc;\"><strong>Status 23-12-15.<\/strong><\/span><\/a><\/p>","protected":false},"excerpt":{"rendered":"<p>Ecco un estratto dei statuti dell\u2019Associazione Odyss\u00e9e, approvati il 23 dicembre 2015: Articolo 2 Oggetti di interesse: Questa associazione ha lo scopo di: Contribuire all\u2019impegno e alla partecipazione di tutti, per rafforzare la cittadinanza europea e l\u2019emergere di \u00abcittadini del mondo\u00bb: \u2013 essendo protagonista dell\u2019apprendimento permanente e degli scambi interculturali e \u2013 promuovendo la cooperazione [&hellip;]<\/p>\n","protected":false},"author":1,"featured_media":346,"parent":16,"menu_order":3,"comment_status":"closed","ping_status":"closed","template":"","meta":[],"_links":{"self":[{"href":"https:\/\/associationodyssee.fr\/it\/wp-json\/wp\/v2\/pages\/111"}],"collection":[{"href":"https:\/\/associationodyssee.fr\/it\/wp-json\/wp\/v2\/pages"}],"about":[{"href":"https:\/\/associationodyssee.fr\/it\/wp-json\/wp\/v2\/types\/page"}],"author":[{"embeddable":true,"href":"https:\/\/associationodyssee.fr\/it\/wp-json\/wp\/v2\/users\/1"}],"replies":[{"embeddable":true,"href":"https:\/\/associationodyssee.fr\/it\/wp-json\/wp\/v2\/comments?post=111"}],"version-history":[{"count":13,"href":"https:\/\/associationodyssee.fr\/it\/wp-json\/wp\/v2\/pages\/111\/revisions"}],"predecessor-version":[{"id":2604,"href":"https:\/\/associationodyssee.fr\/it\/wp-json\/wp\/v2\/pages\/111\/revisions\/2604"}],"up":[{"embeddable":true,"href":"https:\/\/associationodyssee.fr\/it\/wp-json\/wp\/v2\/pages\/16"}],"wp:featuredmedia":[{"embeddable":true,"href":"https:\/\/associationodyssee.fr\/it\/wp-json\/wp\/v2\/media\/346"}],"wp:attachment":[{"href":"https:\/\/associationodyssee.fr\/it\/wp-json\/wp\/v2\/media?parent=111"}],"curies":[{"name":"wp","href":"https:\/\/api.w.org\/{rel}","templated":true}]}}