{"id":3381,"date":"2021-03-01T15:55:59","date_gmt":"2021-03-01T14:55:59","guid":{"rendered":"http:\/\/associationodyssee.fr\/?page_id=3381"},"modified":"2021-03-01T15:58:21","modified_gmt":"2021-03-01T14:58:21","slug":"moreab","status":"publish","type":"page","link":"https:\/\/associationodyssee.fr\/es\/projets-europeens\/moreab\/","title":{"rendered":"(Fran\u00e7ais) MOREAB"},"content":{"rendered":"<p class=\"qtranxs-available-languages-message qtranxs-available-languages-message-es\">Disculpa, pero esta entrada est\u00e1 disponible s\u00f3lo en <a href=\"https:\/\/associationodyssee.fr\/fr\/wp-json\/wp\/v2\/pages\/3381\" class=\"qtranxs-available-language-link qtranxs-available-language-link-fr\" title=\"Fran\u00e7ais\">Franc\u00e9s<\/a> y <a href=\"https:\/\/associationodyssee.fr\/en\/wp-json\/wp\/v2\/pages\/3381\" class=\"qtranxs-available-language-link qtranxs-available-language-link-en\" title=\"English\">Ingl\u00e9s Estadounidense<\/a>. For the sake of viewer convenience, the content is shown below in this site default language. You may click one of the links to switch the site language to another available language.<\/p><p>Pr\u00e9sentation du projet : en cours<\/p>","protected":false},"excerpt":{"rendered":"<p>Disculpa, pero esta entrada est\u00e1 disponible s\u00f3lo en Franc\u00e9s y Ingl\u00e9s Estadounidense. For the sake of viewer convenience, the content is shown below in this site default language. You may click one of the links to switch the site language to another available language.Pr\u00e9sentation du projet : en cours<\/p>\n","protected":false},"author":1,"featured_media":0,"parent":302,"menu_order":9,"comment_status":"closed","ping_status":"closed","template":"","meta":[],"_links":{"self":[{"href":"https:\/\/associationodyssee.fr\/es\/wp-json\/wp\/v2\/pages\/3381"}],"collection":[{"href":"https:\/\/associationodyssee.fr\/es\/wp-json\/wp\/v2\/pages"}],"about":[{"href":"https:\/\/associationodyssee.fr\/es\/wp-json\/wp\/v2\/types\/page"}],"author":[{"embeddable":true,"href":"https:\/\/associationodyssee.fr\/es\/wp-json\/wp\/v2\/users\/1"}],"replies":[{"embeddable":true,"href":"https:\/\/associationodyssee.fr\/es\/wp-json\/wp\/v2\/comments?post=3381"}],"version-history":[{"count":2,"href":"https:\/\/associationodyssee.fr\/es\/wp-json\/wp\/v2\/pages\/3381\/revisions"}],"predecessor-version":[{"id":3384,"href":"https:\/\/associationodyssee.fr\/es\/wp-json\/wp\/v2\/pages\/3381\/revisions\/3384"}],"up":[{"embeddable":true,"href":"https:\/\/associationodyssee.fr\/es\/wp-json\/wp\/v2\/pages\/302"}],"wp:attachment":[{"href":"https:\/\/associationodyssee.fr\/es\/wp-json\/wp\/v2\/media?parent=3381"}],"curies":[{"name":"wp","href":"https:\/\/api.w.org\/{rel}","templated":true}]}}