{"id":3345,"date":"2020-12-16T15:58:34","date_gmt":"2020-12-16T14:58:34","guid":{"rendered":"http:\/\/associationodyssee.fr\/?page_id=3345"},"modified":"2023-06-07T09:54:38","modified_gmt":"2023-06-07T08:54:38","slug":"bligs","status":"publish","type":"page","link":"https:\/\/associationodyssee.fr\/es\/projets-europeens\/bligs\/","title":{"rendered":"(Fran\u00e7ais) BLIGS"},"content":{"rendered":"<p class=\"qtranxs-available-languages-message qtranxs-available-languages-message-es\">Disculpa, pero esta entrada est\u00e1 disponible s\u00f3lo en <a href=\"https:\/\/associationodyssee.fr\/fr\/wp-json\/wp\/v2\/pages\/3345\" class=\"qtranxs-available-language-link qtranxs-available-language-link-fr\" title=\"Fran\u00e7ais\">Franc\u00e9s<\/a>. For the sake of viewer convenience, the content is shown below in the alternative language. You may click the link to switch the active language.<\/p><p><audio class=\"audio-for-speech\"><\/audio><\/p>\n<div class=\"translate-tooltip-mtz translator-hidden\">\n<div class=\"header\">\n<div class=\"header-controls\">Translator<\/div>\n<div class=\"header-controls\"><\/div>\n<\/div>\n<div class=\"translated-text\">\n<div class=\"words\"><\/div>\n<div class=\"sentences\"><\/div>\n<\/div>\n<\/div>\n<p>&nbsp;<\/p>\n<p><audio class=\"audio-for-speech\"><\/audio><\/p>\n<div class=\"translate-tooltip-mtz translator-hidden\">\n<div class=\"header\">\n<div class=\"header-controls\">Translator<\/div>\n<div class=\"header-controls\"><\/div>\n<\/div>\n<div class=\"translated-text\">\n<div class=\"words\"><\/div>\n<div class=\"sentences\"><\/div>\n<\/div>\n<\/div>\n<p><audio class=\"audio-for-speech\"><\/audio><\/p>\n<div class=\"translate-tooltip-mtz translator-hidden\">\n<div class=\"header\">\n<div class=\"header-controls\">Translator<\/div>\n<div class=\"header-controls\"><\/div>\n<\/div>\n<div class=\"translated-text\">\n<div class=\"words\"><\/div>\n<div class=\"sentences\"><\/div>\n<\/div>\n<\/div>\n<p>&nbsp;<\/p>\n<p><audio class=\"audio-for-speech\"><\/audio><\/p>\n<div class=\"translate-tooltip-mtz translator-hidden\">\n<div class=\"header\">\n<div class=\"header-controls\">Translator<\/div>\n<div class=\"header-controls\"><\/div>\n<\/div>\n<div class=\"translated-text\">\n<div class=\"words\"><\/div>\n<div class=\"sentences\"><\/div>\n<\/div>\n<\/div>\n<p>&nbsp;<\/p>\n<p style=\"text-align: justify;\">\u00abBlended learning &#8211; an inno<img decoding=\"async\" loading=\"lazy\" class=\"wp-image-3560 alignright\" src=\"http:\/\/associationodyssee.fr\/wp-content\/uploads\/2021\/12\/BLIGS_logo.jpg\" alt=\"bligs logo\" width=\"206\" height=\"206\" srcset=\"https:\/\/associationodyssee.fr\/wp-content\/uploads\/2021\/12\/BLIGS_logo.jpg 2033w, https:\/\/associationodyssee.fr\/wp-content\/uploads\/2021\/12\/BLIGS_logo-300x300.jpg 300w, https:\/\/associationodyssee.fr\/wp-content\/uploads\/2021\/12\/BLIGS_logo-1024x1024.jpg 1024w, https:\/\/associationodyssee.fr\/wp-content\/uploads\/2021\/12\/BLIGS_logo-150x150.jpg 150w, https:\/\/associationodyssee.fr\/wp-content\/uploads\/2021\/12\/BLIGS_logo-768x768.jpg 768w, https:\/\/associationodyssee.fr\/wp-content\/uploads\/2021\/12\/BLIGS_logo-1536x1536.jpg 1536w\" sizes=\"(max-width: 206px) 100vw, 206px\" \/>vative gate to success at Folk High Schools and similar institutions\u00bb (BLIGS) est un projet de partenariat strat\u00e9gique pour le d\u00e9veloppement de l&#8217;innovation, soutenu par le programme Erasmus+ de l&#8217;Union Europ\u00e9enne.<\/p>\n<p style=\"text-align: justify;\">Coordonn\u00e9 par Polskie Uniwersytety Ludowe en Pologne, le projet a une dur\u00e9e de 3 ans.<\/p>\n<h4 style=\"text-align: justify;\"><span style=\"color: #008080;\"><strong>Le projet en quelques mots<\/strong><\/span><\/h4>\n<p style=\"text-align: justify;\">L&#8217;objectif du projet est de diversifier et de renforcer les pratiques des formateur.rice.s travaillant dans le champ de la formation pour adultes en favorisant le d\u00e9veloppement de formations mixtes (en pr\u00e9sentiel et \u00e0 distance). De nouveaux outils, m\u00e9thodes et pratiques seront partag\u00e9s entre les partenaires pour permettre \u00e0 chaque structure de d\u00e9velopper et de mener un programme de formation mixte au cours du projet.<\/p>\n<h4 style=\"text-align: justify;\"><span style=\"color: #008080;\"><strong>Les activit\u00e9s du projet<\/strong><\/span><\/h4>\n<p style=\"text-align: justify;\">Plusieurs productions intellectuelles seront d\u00e9velopp\u00e9es tout au long du projet :<\/p>\n<ul style=\"text-align: justify;\">\n<li>Un guide m\u00e9thodologique et didactique pour les formateur.rice.s. Il contiendra une emphase sur les formations mixtes.<\/li>\n<li>Les programmes de six formations mixtes, d\u00e9velopp\u00e9es par certains partenaires europ\u00e9ens du projet. Chaque structure sera libre de d\u00e9velopper une formation adapt\u00e9e aux publics et aux besoins propres \u00e0 son contexte.<\/li>\n<li>La mise en \u0153uvre des formations pilotes et leurs \u00e9valuations.<\/li>\n<\/ul>\n<p style=\"text-align: justify;\">De plus, de nombreuses mobilit\u00e9s d&#8217;\u00e9change de pratiques sont pr\u00e9vues : chaque partenaire accueillera les formateur.rice.s des autres partenaires europ\u00e9ens et organisera un programme de formation. Des r\u00e9unions transnationales de coordination sont \u00e9galement pr\u00e9vues, ainsi que des \u00e9v\u00e9nements de promotion du projet.<\/p>\n<p>Odyss\u00e9e d\u00e9clinera ce projet au niveau local en proposant un programme d&#8217;accompagnement socioprofessionnel pour des publics f\u00e9minins b\u00e9n\u00e9ficiaires d&#8217;une protection internationale ou d&#8217;une carte de s\u00e9jour autorisant le travail en France. En 2022, le programme se d\u00e9roulera en pr\u00e9sentiel :<span style=\"color: #008080;\"><strong><a style=\"color: #008080;\" href=\"http:\/\/associationodyssee.fr\/les-activites\/ateliers-daccompagnement-socioprofessionnel\/\" target=\"_blank\" rel=\"noopener noreferrer\"> \u00e0 d\u00e9couvrir ici<\/a><\/strong><\/span>.<\/p>\n<h4 style=\"text-align: justify;\"><span style=\"color: #008080;\"><strong>Les partenaires<\/strong><\/span><\/h4>\n<ul style=\"text-align: justify;\">\n<li>Pologne : Polskie Uniwersytety Ludowe et Zachodniopomorski Uniwersytet Ludowy<\/li>\n<li>Finlande : Paasikiviopistoyhdistys ry et Koskelan Setlementti ry<\/li>\n<li>France : Association Odyss\u00e9e<\/li>\n<li>Allemagne : Hochschule f\u00fcr Nachhaltige Entwicklung Eberswalde<\/li>\n<li>Espagne : Mancomunitat de la Ribera Baixa<\/li>\n<li>Autriche : bit Schulungscenter GmbH<\/li>\n<\/ul>\n<h4><span style=\"color: #008080;\"><strong>Les r\u00e9sultats du projet<br \/>\n<\/strong><\/span><\/h4>\n<p>voici les r\u00e9sultats pour les professionnel.le.s de la formation pour adultes qui travaillent avec des outils num\u00e9riques et\/ou en blended learning<\/p>\n<p>IO1 &#8211;<span style=\"color: #008080;\"> <a style=\"color: #008080;\" href=\"https:\/\/drive.google.com\/file\/d\/1u9WyS9sRW5APIDLdNf2qia0DSN2rQ7lZ\/view?usp=sharing\">Le livre sur le blended learning\u00a0 <\/a><\/span><\/p>\n<p>EN<\/p>\n<p>Un livre qui explique comment mettre en place du blended learning dans les formations pour adultes &#8211; explication des termes, outils, m\u00e9thodes. Articles d&#8217;experts sur la question. T\u00e9moignages des formateur.trice.s des 8 pays partenaires au projet dans lesquels des formations en blended learning ont eu lieu.<\/p>\n<p>IO2 &#8211; <span style=\"color: #008080;\"><a style=\"color: #008080;\" href=\"https:\/\/drive.google.com\/file\/d\/13wZ4TEC__qtCSNpoIUDnzlJ8IOTny3qA\/view?usp=sharing\">Nos formations en blended learning <\/a><\/span><\/p>\n<p>EN, FR, GE, FIN, ESP, POL<\/p>\n<p>Programmes et contenus des cours en blended learning mis en place par 6 partenaires projet europ\u00e9ens (explications des m\u00e9thodes et des outils)<\/p>\n<p>IO3 &#8211; <a href=\"https:\/\/drive.google.com\/file\/d\/1WVf18dKeoutTWD9ZJO-qGOXZF38XbKFs\/view?usp=sharing\"><span style=\"color: #008080;\">Evaluation des cours en blended learning<\/span><\/a><\/p>\n<p>EN<\/p>\n<p>\u00c9valuation et propositions de meilleures pratiques concernant les 6 formations en blended learning mises en place par les partenaires europ\u00e9ens.<\/p>\n<p style=\"text-align: justify;\"><span class=\"JsGRdQ\">Ce projet est soutenu par le programme Erasmus+ de l\u2019Union Europ\u00e9enne. <\/span><img decoding=\"async\" loading=\"lazy\" class=\"wp-image-2854 alignright\" src=\"http:\/\/associationodyssee.fr\/wp-content\/uploads\/2020\/01\/erasmus.jpg\" sizes=\"(max-width: 138px) 100vw, 138px\" srcset=\"http:\/\/associationodyssee.fr\/wp-content\/uploads\/2020\/01\/erasmus.jpg 1851w, http:\/\/associationodyssee.fr\/wp-content\/uploads\/2020\/01\/erasmus-300x61.jpg 300w, http:\/\/associationodyssee.fr\/wp-content\/uploads\/2020\/01\/erasmus-768x156.jpg 768w, http:\/\/associationodyssee.fr\/wp-content\/uploads\/2020\/01\/erasmus-1024x207.jpg 1024w\" alt=\"erasmus\" width=\"138\" height=\"28\" \/><span class=\"JsGRdQ\">Le soutien de la Commission europ\u00e9enne \u00e0 la production de cette publication ne constitue pas une approbation du contenu, qui refl\u00e8te uniquement le point de vue des auteurs, et la Commission ne peut pas \u00eatre tenue responsable de toute utilisation qui pourrait \u00eatre faite des informations qu\u2019elle contient.<\/span><\/p>\n<p><\/p>","protected":false},"excerpt":{"rendered":"<p>Disculpa, pero esta entrada est\u00e1 disponible s\u00f3lo en Franc\u00e9s. For the sake of viewer convenience, the content is shown below in the alternative language. You may click the link to switch the active language. Translator &nbsp; Translator Translator &nbsp; Translator &nbsp; \u00abBlended learning &#8211; an innovative gate to success at Folk High Schools and similar [&hellip;]<\/p>\n","protected":false},"author":1,"featured_media":0,"parent":302,"menu_order":3,"comment_status":"closed","ping_status":"closed","template":"","meta":[],"_links":{"self":[{"href":"https:\/\/associationodyssee.fr\/es\/wp-json\/wp\/v2\/pages\/3345"}],"collection":[{"href":"https:\/\/associationodyssee.fr\/es\/wp-json\/wp\/v2\/pages"}],"about":[{"href":"https:\/\/associationodyssee.fr\/es\/wp-json\/wp\/v2\/types\/page"}],"author":[{"embeddable":true,"href":"https:\/\/associationodyssee.fr\/es\/wp-json\/wp\/v2\/users\/1"}],"replies":[{"embeddable":true,"href":"https:\/\/associationodyssee.fr\/es\/wp-json\/wp\/v2\/comments?post=3345"}],"version-history":[{"count":13,"href":"https:\/\/associationodyssee.fr\/es\/wp-json\/wp\/v2\/pages\/3345\/revisions"}],"predecessor-version":[{"id":3745,"href":"https:\/\/associationodyssee.fr\/es\/wp-json\/wp\/v2\/pages\/3345\/revisions\/3745"}],"up":[{"embeddable":true,"href":"https:\/\/associationodyssee.fr\/es\/wp-json\/wp\/v2\/pages\/302"}],"wp:attachment":[{"href":"https:\/\/associationodyssee.fr\/es\/wp-json\/wp\/v2\/media?parent=3345"}],"curies":[{"name":"wp","href":"https:\/\/api.w.org\/{rel}","templated":true}]}}