{"id":3332,"date":"2020-12-15T09:56:56","date_gmt":"2020-12-15T08:56:56","guid":{"rendered":"http:\/\/associationodyssee.fr\/?page_id=3332"},"modified":"2023-02-15T10:53:51","modified_gmt":"2023-02-15T09:53:51","slug":"ateliers-daccompagnement-socioprofessionnel","status":"publish","type":"page","link":"https:\/\/associationodyssee.fr\/es\/les-activites\/ateliers-daccompagnement-socioprofessionnel\/","title":{"rendered":"(Fran\u00e7ais) Ateliers d&#8217;accompagnement socio-professionnel"},"content":{"rendered":"<p class=\"qtranxs-available-languages-message qtranxs-available-languages-message-es\">Disculpa, pero esta entrada est\u00e1 disponible s\u00f3lo en <a href=\"https:\/\/associationodyssee.fr\/fr\/wp-json\/wp\/v2\/pages\/3332\" class=\"qtranxs-available-language-link qtranxs-available-language-link-fr\" title=\"Fran\u00e7ais\">Franc\u00e9s<\/a>. For the sake of viewer convenience, the content is shown below in the alternative language. You may click the link to switch the active language.<\/p><p><\/p>\n<p style=\"text-align: justify;\">Les accompagnements socio-professionnels sont d\u00e9sormais men\u00e9s par le centre de formation<a href=\"http:\/\/www.capulysse.fr\/\"> Cap Ulysse<\/a>. Voici les informations pour les prochains parcours d&#8217;accompagnement vers l&#8217;insertion socioprofessionnelle dans le cadre du projet Erasmus+ <a href=\"http:\/\/strengthwomen.eu\/en\/\">STRENGTH<\/a> et Skills 4 work destin\u00e9 \u00e0 des femmes adultes b\u00e9n\u00e9ficiaires du statut de r\u00e9fugi\u00e9e ou de la protection subsidiaire, ou d&#8217;une carte de s\u00e9jour autorisant le travail en France.<\/p>\n<h4 style=\"text-align: justify;\"><span style=\"color: #008080;\">Objectif de l&#8217;accompagnement<\/span><\/h4>\n<p class=\"_04xlpA direction-ltr align-justify para-style-body\"><span class=\"S1PPyQ\">Un programme de <\/span><span class=\"S1PPyQ\">50 heures de formation<\/span><span class=\"S1PPyQ\"> non-diplomante incluant<\/span> <span class=\"S1PPyQ\">un accompagnement vers l&#8217;insertion socioprofessionnelle des femmes :<\/span><\/p>\n<ul>\n<li style=\"list-style-type: none;\">\n<ul>\n<li><span class=\"S1PPyQ\">une formation sur les outils num\u00e9riques<\/span><\/li>\n<li><span class=\"S1PPyQ\">des ateliers de fran\u00e7ais<\/span><\/li>\n<li><span class=\"S1PPyQ\">d\u00e9veloppement de l&#8217;autonomie d&#8217;apprentissage<\/span><\/li>\n<li><span class=\"S1PPyQ\">avec des ateliers sur les techniques de recherche d&#8217;emploi<\/span><\/li>\n<\/ul>\n<\/li>\n<\/ul>\n<p class=\"_04xlpA direction-ltr align-start para-style-body\"><strong><span class=\"S1PPyQ\">Quand : <\/span><\/strong><span class=\"S1PPyQ\">P\u00e9riode de formation du <\/span><span class=\"S1PPyQ\">21\/02\/2023 au 06\/04\/2023.<\/span><span class=\"S1PPyQ\"> Avec programme optionnel en fonction du statut: une p\u00e9riode de d\u00e9couverte professionnelle et de confirmation du projet professionnel en entreprise du <\/span><span class=\"S1PPyQ\">24\/04\/2023 \u2013 05\/05\/2023<\/span> <span class=\"S1PPyQ\">.<\/span><\/p>\n<p class=\"_04xlpA direction-ltr align-start para-style-body\"><span class=\"S1PPyQ\"><strong>Organisation<\/strong> :<\/span><span class=\"S1PPyQ\"> 14 s\u00e9ances, tous les <\/span><span class=\"S1PPyQ\">mardis et jeudis de 9h30 \u00e0 13h00,<\/span><span class=\"S1PPyQ\"> rendez-vous individuel(s) et sorties p\u00e9dagogiques et culturelles<\/span><\/p>\n<p class=\"_04xlpA direction-ltr align-justify para-style-body\"><span class=\"S1PPyQ\"><strong>Public<\/strong> :<\/span><span class=\"S1PPyQ\"> femmes adultes b\u00e9n\u00e9ficiaires du statut de r\u00e9fugi\u00e9e ou de la protection subsidiaire, ou d\u2019une carte de s\u00e9jour autorisant le travail en France et demandeuses d&#8217;asile. <\/span><span class=\"S1PPyQ\">Niveau de fran\u00e7ais<\/span><span class=\"S1PPyQ\"> minimum A1.<\/span><\/p>\n<p class=\"_04xlpA direction-ltr align-justify para-style-body\"><strong><span class=\"S1PPyQ\">Lieu de la formation <\/span><\/strong><span class=\"S1PPyQ\"><strong>:<\/strong> Cap Ulysse, 5 rue Marengo, 33000 Bordeaux<\/span><\/p>\n<p class=\"_04xlpA direction-ltr align-justify para-style-body\"><strong><span class=\"S1PPyQ\">Tarif et inscriptions <\/span><\/strong><span class=\"S1PPyQ\">: <\/span><span class=\"S1PPyQ\">ateliers gratuits<\/span><span class=\"S1PPyQ\">, inscriptions obligatoires 1 mois avant le d\u00e9but de la formation.<\/span><\/p>\n<p class=\"_04xlpA direction-ltr align-start para-style-body\"><span class=\"S1PPyQ\"><strong>Contact :<\/strong> lafonsilber@capulysse.fr &#8211; 0609463314 &#8211; www.capulysse.fr<\/span><\/p>\n<p><\/p>","protected":false},"excerpt":{"rendered":"<p>Disculpa, pero esta entrada est\u00e1 disponible s\u00f3lo en Franc\u00e9s. For the sake of viewer convenience, the content is shown below in the alternative language. You may click the link to switch the active language. Les accompagnements socio-professionnels sont d\u00e9sormais men\u00e9s par le centre de formation Cap Ulysse. Voici les informations pour les prochains parcours d&#8217;accompagnement [&hellip;]<\/p>\n","protected":false},"author":1,"featured_media":1705,"parent":20,"menu_order":1,"comment_status":"closed","ping_status":"closed","template":"","meta":[],"_links":{"self":[{"href":"https:\/\/associationodyssee.fr\/es\/wp-json\/wp\/v2\/pages\/3332"}],"collection":[{"href":"https:\/\/associationodyssee.fr\/es\/wp-json\/wp\/v2\/pages"}],"about":[{"href":"https:\/\/associationodyssee.fr\/es\/wp-json\/wp\/v2\/types\/page"}],"author":[{"embeddable":true,"href":"https:\/\/associationodyssee.fr\/es\/wp-json\/wp\/v2\/users\/1"}],"replies":[{"embeddable":true,"href":"https:\/\/associationodyssee.fr\/es\/wp-json\/wp\/v2\/comments?post=3332"}],"version-history":[{"count":10,"href":"https:\/\/associationodyssee.fr\/es\/wp-json\/wp\/v2\/pages\/3332\/revisions"}],"predecessor-version":[{"id":3724,"href":"https:\/\/associationodyssee.fr\/es\/wp-json\/wp\/v2\/pages\/3332\/revisions\/3724"}],"up":[{"embeddable":true,"href":"https:\/\/associationodyssee.fr\/es\/wp-json\/wp\/v2\/pages\/20"}],"wp:featuredmedia":[{"embeddable":true,"href":"https:\/\/associationodyssee.fr\/es\/wp-json\/wp\/v2\/media\/1705"}],"wp:attachment":[{"href":"https:\/\/associationodyssee.fr\/es\/wp-json\/wp\/v2\/media?parent=3332"}],"curies":[{"name":"wp","href":"https:\/\/api.w.org\/{rel}","templated":true}]}}