{"id":304,"date":"2017-09-27T11:44:21","date_gmt":"2017-09-27T10:44:21","guid":{"rendered":"http:\/\/associationodyssee.fr\/?page_id=304"},"modified":"2019-10-30T11:28:22","modified_gmt":"2019-10-30T10:28:22","slug":"youth-employment-toolbox","status":"publish","type":"page","link":"https:\/\/associationodyssee.fr\/es\/projets-europeens\/youth-employment-toolbox\/","title":{"rendered":"Youth Employment Toolbox"},"content":{"rendered":"<p class=\"qtranxs-available-languages-message qtranxs-available-languages-message-es\">Disculpa, pero esta entrada est\u00e1 disponible s\u00f3lo en <a href=\"https:\/\/associationodyssee.fr\/fr\/wp-json\/wp\/v2\/pages\/304\" class=\"qtranxs-available-language-link qtranxs-available-language-link-fr\" title=\"Fran\u00e7ais\">Franc\u00e9s<\/a>, <a href=\"https:\/\/associationodyssee.fr\/en\/wp-json\/wp\/v2\/pages\/304\" class=\"qtranxs-available-language-link qtranxs-available-language-link-en\" title=\"English\">Ingl\u00e9s Estadounidense<\/a>, <a href=\"https:\/\/associationodyssee.fr\/it\/wp-json\/wp\/v2\/pages\/304\" class=\"qtranxs-available-language-link qtranxs-available-language-link-it\" title=\"Italiano\">Italiano<\/a> y <a href=\"https:\/\/associationodyssee.fr\/de\/wp-json\/wp\/v2\/pages\/304\" class=\"qtranxs-available-language-link qtranxs-available-language-link-de\" title=\"Deutsch\">Alem\u00e1n<\/a>. For the sake of viewer convenience, the content is shown below in this site default language. You may click one of the links to switch the site language to another available language.<\/p><p><\/p>\n<p style=\"text-align: justify;\"><strong>L\u2019association Odyss\u00e9e coordonne le projet europ\u00e9en \u00ab\u00a0<span style=\"color: #009786;\">Youth Employment Toolbox\u00a0<\/span>\u00bb en partenariat avec un centre de jeunes municipal en Lettonie, une association de jeunesse en Italie et une fondation sur l\u2019entrepreneuriat des femmes en Hongrie. Ce projet est co-financ\u00e9 par le programme Erasmus+ Jeunesse de la Commission Europ\u00e9enne. <\/strong><\/p>\n<p style=\"text-align: justify;\"><span style=\"color: #009786;\"><strong><u>Objectifs<\/u><\/strong><\/span><\/p>\n<p style=\"text-align: justify;\">Le projet YET\u00a0 consiste en un <strong><span style=\"color: #009786;\">\u00e9change de pratiques entre professionnels europ\u00e9ens du secteur de l\u2019\u00e9ducation populaire et de la jeunesse<\/span><\/strong>. Il a pour objectif de leur permettre de d\u00e9couvrir des m\u00e9thodes, des outils et des pratiques pour accompagner les jeunes, de fa\u00e7on directe ou indirecte, dans leur insertion professionnelle. Le projet cherche \u00e0 renforcer les capacit\u00e9s des acteurs de jeunesse \u00e0 d\u00e9velopper les comp\u00e9tences transversales des jeunes, favorables \u00e0 leur insertion professionnelle, ainsi qu\u2019\u00e0 cr\u00e9er un r\u00e9seau d\u2019acteurs europ\u00e9ens avec des relations partenariales de qualit\u00e9.<\/p>\n<p>Retrouver notre<strong><span style=\"color: #008080;\"> <a style=\"color: #008080;\" href=\"http:\/\/associationodyssee.fr\/wp-content\/uploads\/2019\/07\/Youth-Employment-Toolbox_compressed-1.pdf\">youth employment toolbox !<\/a><\/span><\/strong><\/p>\n<p style=\"text-align: justify;\"><span style=\"color: #009786;\"><strong><u>Activit\u00e9s<\/u><\/strong><\/span><\/p>\n<p style=\"text-align: justify;\">D\u2019une dur\u00e9e de 18 mois, le projet se compose de <strong><span style=\"color: #009786;\">4 mobilit\u00e9s europ\u00e9ennes<\/span><\/strong> (Bordeaux, France\u00a0; Camposano, Italie\u00a0; Budapest, Hongrie\u00a0; Naukseni, Lettonie). A chaque mobilit\u00e9, 2 participants par organisations partenaires partiront pendant trois jours pour d\u00e9couvrir le contexte national et local de l\u2019emploi, rencontrer 4 structures locales pour d\u00e9couvrir d\u2019autres pratiques et impulser de nouvelles relations partenariales europ\u00e9ennes.<\/p>\n<p style=\"text-align: justify;\"><span style=\"color: #009786;\"><strong><u>Calendrier<\/u><\/strong><\/span><\/p>\n<p style=\"text-align: justify;\">14, 15 et 16 Novembre 2017 &#8211; Mobilit\u00e9 europ\u00e9enne \u00e0 Bordeaux, France<\/p>\n<p style=\"text-align: justify;\">Avril 2018 &#8211; Mobilit\u00e9 europ\u00e9enne \u00e0 Naples, Italie<\/p>\n<p>Octobre 2018 &#8211; Mobilit\u00e9 europ\u00e9enne \u00e0 Naukseni, Lettonie<\/p>\n<p style=\"text-align: justify;\">Novembre 2018 &#8211; Mobilit\u00e9 europ\u00e9enne \u00e0 Budapest, Hongrie<\/p>\n<p style=\"text-align: justify;\"><span style=\"text-decoration: underline;\"><strong><span style=\"color: #009786; text-decoration: underline;\">Partenaires europ\u00e9ens<\/span><\/strong><\/span><\/p>\n<p style=\"text-align: justify;\"><strong>Hongrie : N\u00f6tars \u2013 Womanmate Foundation <\/strong><em>(accompagnement \u00e0 l\u2019entrepreneuriat des femmes)<br \/>\n<\/em><\/p>\n<p style=\"text-align: justify;\"><strong>Italie : NOUS \u2013 ONG <\/strong><em>(mobilit\u00e9 europ\u00e9enne jeunesse, \u00e9v\u00e9nements artistiques et culturels)<br \/>\n<\/em><\/p>\n<p style=\"text-align: justify;\"><strong>Lettonie : Naukseni \u2013 Centre de jeunes de la municipalit\u00e9 <\/strong><em>(activit\u00e9s avec les jeunes au niveau local, sports, environnement, culture\u2026) <\/em><\/p>\n<p style=\"text-align: justify;\"><em>Ce projet est co-financ\u00e9 par le programme Erasmus+ Jeunesse de la Commission Europ\u00e9enne. Cette communication n&#8217;engage que son auteur et la Commission n&#8217;est pas responsable de l&#8217;usage qui pourrait \u00eatre fait des informations qui y sont contenues.<\/em><\/p>\n<p style=\"text-align: justify;\"><span style=\"color: #ffffff;\">\u00a0<\/span><\/p>\n<p><\/p>","protected":false},"excerpt":{"rendered":"<p>Disculpa, pero esta entrada est\u00e1 disponible s\u00f3lo en Franc\u00e9s, Ingl\u00e9s Estadounidense, Italiano y Alem\u00e1n. For the sake of viewer convenience, the content is shown below in this site default language. You may click one of the links to switch the site language to another available language. L\u2019association Odyss\u00e9e coordonne le projet europ\u00e9en \u00ab\u00a0Youth Employment Toolbox\u00a0\u00bb [&hellip;]<\/p>\n","protected":false},"author":1,"featured_media":308,"parent":302,"menu_order":1,"comment_status":"closed","ping_status":"closed","template":"","meta":[],"_links":{"self":[{"href":"https:\/\/associationodyssee.fr\/es\/wp-json\/wp\/v2\/pages\/304"}],"collection":[{"href":"https:\/\/associationodyssee.fr\/es\/wp-json\/wp\/v2\/pages"}],"about":[{"href":"https:\/\/associationodyssee.fr\/es\/wp-json\/wp\/v2\/types\/page"}],"author":[{"embeddable":true,"href":"https:\/\/associationodyssee.fr\/es\/wp-json\/wp\/v2\/users\/1"}],"replies":[{"embeddable":true,"href":"https:\/\/associationodyssee.fr\/es\/wp-json\/wp\/v2\/comments?post=304"}],"version-history":[{"count":7,"href":"https:\/\/associationodyssee.fr\/es\/wp-json\/wp\/v2\/pages\/304\/revisions"}],"predecessor-version":[{"id":2629,"href":"https:\/\/associationodyssee.fr\/es\/wp-json\/wp\/v2\/pages\/304\/revisions\/2629"}],"up":[{"embeddable":true,"href":"https:\/\/associationodyssee.fr\/es\/wp-json\/wp\/v2\/pages\/302"}],"wp:featuredmedia":[{"embeddable":true,"href":"https:\/\/associationodyssee.fr\/es\/wp-json\/wp\/v2\/media\/308"}],"wp:attachment":[{"href":"https:\/\/associationodyssee.fr\/es\/wp-json\/wp\/v2\/media?parent=304"}],"curies":[{"name":"wp","href":"https:\/\/api.w.org\/{rel}","templated":true}]}}