{"id":16,"date":"2016-08-23T10:26:42","date_gmt":"2016-08-23T09:26:42","guid":{"rendered":"http:\/\/associationodyssee.fr\/?page_id=16"},"modified":"2019-10-23T14:32:27","modified_gmt":"2019-10-23T13:32:27","slug":"l-association","status":"publish","type":"page","link":"https:\/\/associationodyssee.fr\/es\/l-association\/","title":{"rendered":"(Fran\u00e7ais) L&#8217;Association"},"content":{"rendered":"<p class=\"qtranxs-available-languages-message qtranxs-available-languages-message-es\">Disculpa, pero esta entrada est\u00e1 disponible s\u00f3lo en <a href=\"https:\/\/associationodyssee.fr\/fr\/wp-json\/wp\/v2\/pages\/16\" class=\"qtranxs-available-language-link qtranxs-available-language-link-fr\" title=\"Fran\u00e7ais\">Franc\u00e9s<\/a>, <a href=\"https:\/\/associationodyssee.fr\/en\/wp-json\/wp\/v2\/pages\/16\" class=\"qtranxs-available-language-link qtranxs-available-language-link-en\" title=\"English\">Ingl\u00e9s Estadounidense<\/a> y <a href=\"https:\/\/associationodyssee.fr\/it\/wp-json\/wp\/v2\/pages\/16\" class=\"qtranxs-available-language-link qtranxs-available-language-link-it\" title=\"Italiano\">Italiano<\/a>. For the sake of viewer convenience, the content is shown below in this site default language. You may click one of the links to switch the site language to another available language.<\/p><p>Dans cette rubrique, d\u00e9couvrez les pages de pr\u00e9sentation de l&#8217;association Odyss\u00e9e suivantes :<\/p>\n<ul>\n<li><span style=\"color: #1bc7bc;\"><strong><a style=\"color: #1bc7bc;\" href=\"http:\/\/associationodyssee.fr\/l-association\/qui-sommes-nous-odyssee\/\">Qui sommes-nous ?<\/a><\/strong><\/span><\/li>\n<li><span style=\"color: #1bc7bc;\"><strong><a style=\"color: #1bc7bc;\" href=\"http:\/\/associationodyssee.fr\/l-association\/projet-associatif-odyssee\/\">Le projet associatif<\/a><\/strong><\/span><\/li>\n<li><span style=\"color: #1bc7bc;\"><strong><a style=\"color: #1bc7bc;\" href=\"http:\/\/associationodyssee.fr\/l-association\/les-statuts\/\">Les statuts<\/a><\/strong><\/span><\/li>\n<li><strong><span style=\"color: #00ccff;\"><a style=\"color: #00ccff;\" href=\"http:\/\/associationodyssee.fr\/l-association\/nous-contacter\/\"><span style=\"color: #1bc7bc;\">Nous contacter<\/span><\/a><\/span><\/strong><\/li>\n<\/ul>\n<p><\/p>","protected":false},"excerpt":{"rendered":"<p>Disculpa, pero esta entrada est\u00e1 disponible s\u00f3lo en Franc\u00e9s, Ingl\u00e9s Estadounidense y Italiano. For the sake of viewer convenience, the content is shown below in this site default language. You may click one of the links to switch the site language to another available language.Dans cette rubrique, d\u00e9couvrez les pages de pr\u00e9sentation de l&#8217;association Odyss\u00e9e [&hellip;]<\/p>\n","protected":false},"author":1,"featured_media":122,"parent":0,"menu_order":0,"comment_status":"closed","ping_status":"closed","template":"","meta":[],"_links":{"self":[{"href":"https:\/\/associationodyssee.fr\/es\/wp-json\/wp\/v2\/pages\/16"}],"collection":[{"href":"https:\/\/associationodyssee.fr\/es\/wp-json\/wp\/v2\/pages"}],"about":[{"href":"https:\/\/associationodyssee.fr\/es\/wp-json\/wp\/v2\/types\/page"}],"author":[{"embeddable":true,"href":"https:\/\/associationodyssee.fr\/es\/wp-json\/wp\/v2\/users\/1"}],"replies":[{"embeddable":true,"href":"https:\/\/associationodyssee.fr\/es\/wp-json\/wp\/v2\/comments?post=16"}],"version-history":[{"count":18,"href":"https:\/\/associationodyssee.fr\/es\/wp-json\/wp\/v2\/pages\/16\/revisions"}],"predecessor-version":[{"id":3146,"href":"https:\/\/associationodyssee.fr\/es\/wp-json\/wp\/v2\/pages\/16\/revisions\/3146"}],"wp:featuredmedia":[{"embeddable":true,"href":"https:\/\/associationodyssee.fr\/es\/wp-json\/wp\/v2\/media\/122"}],"wp:attachment":[{"href":"https:\/\/associationodyssee.fr\/es\/wp-json\/wp\/v2\/media?parent=16"}],"curies":[{"name":"wp","href":"https:\/\/api.w.org\/{rel}","templated":true}]}}