{"id":1326,"date":"2018-09-25T10:55:11","date_gmt":"2018-09-25T09:55:11","guid":{"rendered":"http:\/\/associationodyssee.fr\/?page_id=1326"},"modified":"2023-02-15T10:44:54","modified_gmt":"2023-02-15T09:44:54","slug":"qui-sommes-nous-odyssee","status":"publish","type":"page","link":"https:\/\/associationodyssee.fr\/es\/l-association\/qui-sommes-nous-odyssee\/","title":{"rendered":"\u00bfQui\u00e9nes somos?"},"content":{"rendered":"<\/p>\r\n<p>Elisabeth SILVA<\/p>\r\n<p>Marl\u00e8ne SEVERE<\/p>\r\n<p>C\u00e9dric MONIER<\/p>\r\n<p>Marilou BREDA<\/p>\r\n<p>Catherine DE LABARRE<\/p>\r\n<p><\/p><p>Elisabeth SILVA<\/p>\r\n<p>Marl\u00e8ne SEVERE<\/p>\r\n<p>C\u00e9dric MONIER<\/p>\r\n<p>Marilou BREDA<\/p>\r\n<p>Catherine DE LABARRE<\/p>","protected":false},"excerpt":{"rendered":"<p>Elisabeth SILVA Marl\u00e8ne SEVERE C\u00e9dric MONIER Marilou BREDA Catherine DE LABARRE Elisabeth SILVA Marl\u00e8ne SEVERE C\u00e9dric MONIER Marilou BREDA Catherine DE LABARRE<\/p>\n","protected":false},"author":1,"featured_media":472,"parent":16,"menu_order":1,"comment_status":"closed","ping_status":"closed","template":"","meta":[],"_links":{"self":[{"href":"https:\/\/associationodyssee.fr\/es\/wp-json\/wp\/v2\/pages\/1326"}],"collection":[{"href":"https:\/\/associationodyssee.fr\/es\/wp-json\/wp\/v2\/pages"}],"about":[{"href":"https:\/\/associationodyssee.fr\/es\/wp-json\/wp\/v2\/types\/page"}],"author":[{"embeddable":true,"href":"https:\/\/associationodyssee.fr\/es\/wp-json\/wp\/v2\/users\/1"}],"replies":[{"embeddable":true,"href":"https:\/\/associationodyssee.fr\/es\/wp-json\/wp\/v2\/comments?post=1326"}],"version-history":[{"count":98,"href":"https:\/\/associationodyssee.fr\/es\/wp-json\/wp\/v2\/pages\/1326\/revisions"}],"predecessor-version":[{"id":3716,"href":"https:\/\/associationodyssee.fr\/es\/wp-json\/wp\/v2\/pages\/1326\/revisions\/3716"}],"up":[{"embeddable":true,"href":"https:\/\/associationodyssee.fr\/es\/wp-json\/wp\/v2\/pages\/16"}],"wp:featuredmedia":[{"embeddable":true,"href":"https:\/\/associationodyssee.fr\/es\/wp-json\/wp\/v2\/media\/472"}],"wp:attachment":[{"href":"https:\/\/associationodyssee.fr\/es\/wp-json\/wp\/v2\/media?parent=1326"}],"curies":[{"name":"wp","href":"https:\/\/api.w.org\/{rel}","templated":true}]}}