{"id":111,"date":"2016-09-01T17:47:44","date_gmt":"2016-09-01T16:47:44","guid":{"rendered":"http:\/\/associationodyssee.fr\/?page_id=111"},"modified":"2019-10-30T10:05:16","modified_gmt":"2019-10-30T09:05:16","slug":"les-statuts","status":"publish","type":"page","link":"https:\/\/associationodyssee.fr\/es\/l-association\/les-statuts\/","title":{"rendered":"(Fran\u00e7ais) Les statuts"},"content":{"rendered":"<p class=\"qtranxs-available-languages-message qtranxs-available-languages-message-es\">Disculpa, pero esta entrada est\u00e1 disponible s\u00f3lo en <a href=\"https:\/\/associationodyssee.fr\/fr\/wp-json\/wp\/v2\/pages\/111\" class=\"qtranxs-available-language-link qtranxs-available-language-link-fr\" title=\"Fran\u00e7ais\">Franc\u00e9s<\/a>, <a href=\"https:\/\/associationodyssee.fr\/en\/wp-json\/wp\/v2\/pages\/111\" class=\"qtranxs-available-language-link qtranxs-available-language-link-en\" title=\"English\">Ingl\u00e9s Estadounidense<\/a> y <a href=\"https:\/\/associationodyssee.fr\/it\/wp-json\/wp\/v2\/pages\/111\" class=\"qtranxs-available-language-link qtranxs-available-language-link-it\" title=\"Italiano\">Italiano<\/a>. For the sake of viewer convenience, the content is shown below in this site default language. You may click one of the links to switch the site language to another available language.<\/p><p><\/p>\n<p style=\"text-align: justify;\">Voici un extrait des statuts de l&#8217;<span style=\"color: #1bc7bc;\"><strong>Association Odyss\u00e9e<\/strong><\/span>, approuv\u00e9s le 23 d\u00e9cembre 2015 :<\/p>\n<h5 style=\"text-align: justify;\"><strong><span style=\"color: #1bc7bc;\"><em>Article 2 des statuts &#8211; Objets\u00a0:<\/em><\/span><\/strong><\/h5>\n<p style=\"text-align: justify;\"><em>Cette association a pour objet de\u00a0:<\/em><\/p>\n<p style=\"text-align: justify;\"><em>&#8211; Contribuer \u00e0 l&#8217;engagement et \u00e0 la participation de tous, pour renforcer la citoyennet\u00e9 europ\u00e9enne et l&#8217;\u00e9mergence de \u00ab\u00a0citoyens du monde\u00a0\u00bb\u00a0:<\/em><\/p>\n<p style=\"text-align: justify;\"><em>\u00a0\u00a0\u00a0\u00a0\u00a0\u00a0\u00a0\u00a0\u00a0\u00a0\u00a0\u00a0\u00a0\u00a0\u00a0 &#8211; en \u00e9tant acteur de l&#8217;\u00e9ducation et la formation tout au long de la vie\u00a0et des \u00e9changes interculturels et<\/em><\/p>\n<p style=\"text-align: justify;\"><em>\u00a0\u00a0\u00a0\u00a0\u00a0\u00a0\u00a0\u00a0\u00a0\u00a0\u00a0\u00a0\u00a0\u00a0\u00a0 &#8211; en favorisant une coop\u00e9ration entre acteurs territoriaux du secteur associatif et du secteur priv\u00e9<\/em><\/p>\n<p style=\"text-align: justify;\"><em>\u00a0&#8211; Donner des cl\u00e9s de lecture pour une meilleure compr\u00e9hension de la mondialisation, pour appr\u00e9hender la diversit\u00e9 et la complexit\u00e9 du monde actuel et d\u00e9velopper l&#8217;apprentissage interculturel en promouvant et en mettant en \u0153uvre des \u00e9changes europ\u00e9ens et internationaux et en conseillant et accompagnant des porteurs de projets dans ces dynamiques<\/em><\/p>\n<p style=\"text-align: justify;\"><em>\u00a0&#8211; Faciliter le vivre ensemble et le travailler ensemble, notamment en amenant \u00e0 exp\u00e9rimenter la diversit\u00e9 culturelle et \u00e0 pratiquer des langues \u00e9trang\u00e8res notamment le fran\u00e7ais comme langue \u00e9trang\u00e8re<\/em><\/p>\n<p style=\"text-align: justify;\"><em>\u00a0&#8211; Valoriser la richesse des territoires locaux en proposant des activit\u00e9s de d\u00e9couverte de la culture et du patrimoine<\/em><\/p>\n<p style=\"text-align: justify;\"><em>et plus g\u00e9n\u00e9ralement de mettre en \u0153uvre toutes activit\u00e9s, actions ou \u00e9v\u00e9nements susceptibles de d\u00e9velopper le projet associatif.<\/em><\/p>\n<p style=\"text-align: justify;\"><em>Sa dur\u00e9e est illimit\u00e9e.<\/em><\/p>\n<p style=\"text-align: justify;\">Vous pouvez t\u00e9l\u00e9charger les<span style=\"color: #1bc7bc;\"> <strong><a style=\"color: #1bc7bc;\" href=\"http:\/\/associationodyssee.fr\/wp-content\/uploads\/2016\/09\/Statuts-Association-Odyss\u00e9e-23-12-15.pdf\">Statuts Association Odyss\u00e9e 23-12-15<\/a><\/strong>.<\/span><\/p>\n<p><\/p>","protected":false},"excerpt":{"rendered":"<p>Disculpa, pero esta entrada est\u00e1 disponible s\u00f3lo en Franc\u00e9s, Ingl\u00e9s Estadounidense y Italiano. For the sake of viewer convenience, the content is shown below in this site default language. You may click one of the links to switch the site language to another available language. Voici un extrait des statuts de l&#8217;Association Odyss\u00e9e, approuv\u00e9s le [&hellip;]<\/p>\n","protected":false},"author":1,"featured_media":346,"parent":16,"menu_order":3,"comment_status":"closed","ping_status":"closed","template":"","meta":[],"_links":{"self":[{"href":"https:\/\/associationodyssee.fr\/es\/wp-json\/wp\/v2\/pages\/111"}],"collection":[{"href":"https:\/\/associationodyssee.fr\/es\/wp-json\/wp\/v2\/pages"}],"about":[{"href":"https:\/\/associationodyssee.fr\/es\/wp-json\/wp\/v2\/types\/page"}],"author":[{"embeddable":true,"href":"https:\/\/associationodyssee.fr\/es\/wp-json\/wp\/v2\/users\/1"}],"replies":[{"embeddable":true,"href":"https:\/\/associationodyssee.fr\/es\/wp-json\/wp\/v2\/comments?post=111"}],"version-history":[{"count":13,"href":"https:\/\/associationodyssee.fr\/es\/wp-json\/wp\/v2\/pages\/111\/revisions"}],"predecessor-version":[{"id":2604,"href":"https:\/\/associationodyssee.fr\/es\/wp-json\/wp\/v2\/pages\/111\/revisions\/2604"}],"up":[{"embeddable":true,"href":"https:\/\/associationodyssee.fr\/es\/wp-json\/wp\/v2\/pages\/16"}],"wp:featuredmedia":[{"embeddable":true,"href":"https:\/\/associationodyssee.fr\/es\/wp-json\/wp\/v2\/media\/346"}],"wp:attachment":[{"href":"https:\/\/associationodyssee.fr\/es\/wp-json\/wp\/v2\/media?parent=111"}],"curies":[{"name":"wp","href":"https:\/\/api.w.org\/{rel}","templated":true}]}}