{"id":702,"date":"2018-06-12T12:15:11","date_gmt":"2018-06-12T11:15:11","guid":{"rendered":"http:\/\/associationodyssee.fr\/?page_id=702"},"modified":"2019-10-30T10:49:45","modified_gmt":"2019-10-30T09:49:45","slug":"nos-partenaires-locaux","status":"publish","type":"page","link":"https:\/\/associationodyssee.fr\/en\/les-activites\/nos-partenaires-locaux\/","title":{"rendered":"Our local partners"},"content":{"rendered":"<p>In order to carry out its local activities, Association Odyss\u00e9e relies on a network of various partners.<\/p>\n<h5><\/h5>\n<h5 style=\"text-align: justify;\"><span style=\"color: #1bc7bc;\"><img decoding=\"async\" loading=\"lazy\" class=\"wp-image-814 alignleft\" src=\"http:\/\/associationodyssee.fr\/wp-content\/uploads\/2018\/07\/logo-prepas-sports-621x196.jpg\" alt=\"\" width=\"297\" height=\"94\" srcset=\"https:\/\/associationodyssee.fr\/wp-content\/uploads\/2018\/07\/logo-prepas-sports-621x196.jpg 621w, https:\/\/associationodyssee.fr\/wp-content\/uploads\/2018\/07\/logo-prepas-sports-621x196-300x95.jpg 300w, https:\/\/associationodyssee.fr\/wp-content\/uploads\/2018\/07\/logo-prepas-sports-621x196-600x189.jpg 600w\" sizes=\"(max-width: 297px) 100vw, 297px\" \/>Pr\u00e9pas Sports<\/span><\/h5>\n<p style=\"text-align: justify;\">As partner of our intercultural activities, we are pleased to introduce PR\u00c9PAS SPORTS. It is an integration programme carried out by the Stade Bordelais-Asptt and financed by the European Social Fund within the framework of the programme &#8220;Youth Employment Initiative&#8221; as well as by the Gironde, Nouvelle Aquitaine, Bordeaux M\u00e9tropole and the city of Bordeaux.<\/p>\n<hr \/>\n<h5 style=\"text-align: justify;\"><strong><span style=\"color: #1bc7bc;\">Cap Ulysse\u00a0<\/span><\/strong><\/h5>\n<p><img decoding=\"async\" loading=\"lazy\" class=\"wp-image-2582 alignright\" src=\"http:\/\/associationodyssee.fr\/wp-content\/uploads\/2019\/10\/logo-CU.png\" alt=\"cap ulysse\" width=\"168\" height=\"168\" srcset=\"https:\/\/associationodyssee.fr\/wp-content\/uploads\/2019\/10\/logo-CU.png 302w, https:\/\/associationodyssee.fr\/wp-content\/uploads\/2019\/10\/logo-CU-150x150.png 150w, https:\/\/associationodyssee.fr\/wp-content\/uploads\/2019\/10\/logo-CU-300x300.png 300w\" sizes=\"(max-width: 168px) 100vw, 168px\" \/><\/p>\n<p style=\"text-align: justify;\"><strong><span style=\"color: #1bc7bc;\"><a style=\"color: #1bc7bc;\" href=\"http:\/\/www.capulysse.fr\" target=\"_blank\" rel=\"noopener\">Cap Ulysse<\/a><\/span><\/strong> is a training organisation that welcomes and places European trainees on a business internship in Bordeaux. As part of the language and intercultural activities, Cap Ulysse is one of our privileged partners! We carry out many actions with young Europeans accompanied by the Cap Ulysse team: Italian, Spanish, German, Swiss, Portuguese, Austrian young people&#8230;<\/p>\n<p>&nbsp;<\/p>\n<p>&nbsp;<\/p>\n<hr \/>\n<h5 style=\"text-align: justify;\"><strong><span style=\"color: #1bc7bc;\"><img decoding=\"async\" loading=\"lazy\" class=\"irc_mi alignleft\" src=\"http:\/\/webetab.ac-bordeaux.fr\/Etablissement\/ClgStJeanIllac\/JourneesPortesOuvertes\/img\/menuts.jpg\" alt=\"R\u00e9sultat de recherche d'images pour &quot;lyc\u00e9e professionnel les menuts logo&quot;\" width=\"199\" height=\"155\" \/>Vocational High School Les Menuts<\/span> <\/strong><\/h5>\n<p style=\"text-align: justify;\">The educational team of the Vocational High School Les Menuts in Bordeaux is very often involved in setting-up and facilitating intercultural activities! High school students are frequently involved in local intercultural activities but are also involved in specific projects. In 2019, for example, the school hosted a delegation of German teachers for one day, accompanied by Odyss\u00e9e for a study visit. German teachers were warmly welcomed and guided by the High School students. A privileged partner and open to educational experimentation that we thank again!<\/p>\n<p><\/p>","protected":false},"excerpt":{"rendered":"<p>In order to carry out its local activities, Association Odyss\u00e9e relies on a network of various partners. Pr\u00e9pas Sports As partner of our intercultural activities, we are pleased to introduce PR\u00c9PAS SPORTS. It is an integration programme carried out by the Stade Bordelais-Asptt and financed by the European Social Fund within the framework of the [&hellip;]<\/p>\n","protected":false},"author":1,"featured_media":300,"parent":20,"menu_order":4,"comment_status":"closed","ping_status":"closed","template":"","meta":[],"_links":{"self":[{"href":"https:\/\/associationodyssee.fr\/en\/wp-json\/wp\/v2\/pages\/702"}],"collection":[{"href":"https:\/\/associationodyssee.fr\/en\/wp-json\/wp\/v2\/pages"}],"about":[{"href":"https:\/\/associationodyssee.fr\/en\/wp-json\/wp\/v2\/types\/page"}],"author":[{"embeddable":true,"href":"https:\/\/associationodyssee.fr\/en\/wp-json\/wp\/v2\/users\/1"}],"replies":[{"embeddable":true,"href":"https:\/\/associationodyssee.fr\/en\/wp-json\/wp\/v2\/comments?post=702"}],"version-history":[{"count":17,"href":"https:\/\/associationodyssee.fr\/en\/wp-json\/wp\/v2\/pages\/702\/revisions"}],"predecessor-version":[{"id":2618,"href":"https:\/\/associationodyssee.fr\/en\/wp-json\/wp\/v2\/pages\/702\/revisions\/2618"}],"up":[{"embeddable":true,"href":"https:\/\/associationodyssee.fr\/en\/wp-json\/wp\/v2\/pages\/20"}],"wp:featuredmedia":[{"embeddable":true,"href":"https:\/\/associationodyssee.fr\/en\/wp-json\/wp\/v2\/media\/300"}],"wp:attachment":[{"href":"https:\/\/associationodyssee.fr\/en\/wp-json\/wp\/v2\/media?parent=702"}],"curies":[{"name":"wp","href":"https:\/\/api.w.org\/{rel}","templated":true}]}}