{"id":702,"date":"2018-06-12T12:15:11","date_gmt":"2018-06-12T11:15:11","guid":{"rendered":"http:\/\/associationodyssee.fr\/?page_id=702"},"modified":"2019-10-30T10:49:45","modified_gmt":"2019-10-30T09:49:45","slug":"nos-partenaires-locaux","status":"publish","type":"page","link":"https:\/\/associationodyssee.fr\/de\/les-activites\/nos-partenaires-locaux\/","title":{"rendered":"(Fran\u00e7ais) Nos partenaires locaux"},"content":{"rendered":"<p class=\"qtranxs-available-languages-message qtranxs-available-languages-message-de\">Leider ist der Eintrag nur auf <a href=\"https:\/\/associationodyssee.fr\/fr\/wp-json\/wp\/v2\/pages\/702\" class=\"qtranxs-available-language-link qtranxs-available-language-link-fr\" title=\"Fran\u00e7ais\">Franz\u00f6sisch<\/a>, <a href=\"https:\/\/associationodyssee.fr\/en\/wp-json\/wp\/v2\/pages\/702\" class=\"qtranxs-available-language-link qtranxs-available-language-link-en\" title=\"English\">Amerikanisches Englisch<\/a> und <a href=\"https:\/\/associationodyssee.fr\/it\/wp-json\/wp\/v2\/pages\/702\" class=\"qtranxs-available-language-link qtranxs-available-language-link-it\" title=\"Italiano\">Italienisch<\/a> verf\u00fcgbar. Der Inhalt wird in der Standard-Sprache dieser Website angezeigt. Sie k\u00f6nnen einen Link anklicken, um zu einer anderen verf\u00fcgbaren Sprache zu wechseln.<\/p><p><\/p>\n<p style=\"text-align: justify;\">Afin de mener \u00e0 bien ses activit\u00e9s locales, l&#8217;association Odyss\u00e9e s&#8217;appuie sur un r\u00e9seau de partenaires vari\u00e9s.<\/p>\n<p>&nbsp;<\/p>\n<h5><span style=\"color: #1bc7bc;\">Pr\u00e9pas Sports<\/span><\/h5>\n<p><img decoding=\"async\" loading=\"lazy\" class=\"wp-image-814 alignleft\" src=\"http:\/\/associationodyssee.fr\/wp-content\/uploads\/2018\/07\/logo-prepas-sports-621x196.jpg\" alt=\"\" width=\"371\" height=\"117\" srcset=\"https:\/\/associationodyssee.fr\/wp-content\/uploads\/2018\/07\/logo-prepas-sports-621x196.jpg 621w, https:\/\/associationodyssee.fr\/wp-content\/uploads\/2018\/07\/logo-prepas-sports-621x196-300x95.jpg 300w, https:\/\/associationodyssee.fr\/wp-content\/uploads\/2018\/07\/logo-prepas-sports-621x196-600x189.jpg 600w\" sizes=\"(max-width: 371px) 100vw, 371px\" \/><\/p>\n<p style=\"text-align: justify;\">Dans le cadre de nos activit\u00e9s interculturelles, nous sommes heureux de compter parmi nos partenaires <span style=\"color: #1bc7bc;\"><a style=\"color: #1bc7bc;\" href=\"https:\/\/www.stade-bordelais-asptt.com\/les-sports\/item\/19-prepas-sports\" target=\"_blank\" rel=\"noopener\"><strong>PR\u00c9PAS SPORTS<\/strong><\/a>. <\/span>PR\u00c9PAS SPORTS \u00abParcours de Remobilisation \u00c9ducatif Personnalis\u00e9 Autour du Sport\u00bb est un <span style=\"color: #1bc7bc;\"><strong>dispositif d\u2019insertion<\/strong> <\/span>port\u00e9 par le <span style=\"color: #1bc7bc;\"><strong>Stade Bordelais-Asptt<\/strong><\/span> et financ\u00e9 par le Fonds Social Europ\u00e9en dans le cadre du programme &#8222;Initiative pour l\u2019Emploi des Jeunes&#8220; ainsi que par la Gironde, la Nouvelle Aquitaine, Bordeaux M\u00e9tropole et la Mairie de Bordeaux.<\/p>\n<hr \/>\n<p><img decoding=\"async\" loading=\"lazy\" class=\"wp-image-2582 alignright\" src=\"http:\/\/associationodyssee.fr\/wp-content\/uploads\/2019\/10\/logo-CU.png\" alt=\"cap ulysse\" width=\"177\" height=\"177\" srcset=\"https:\/\/associationodyssee.fr\/wp-content\/uploads\/2019\/10\/logo-CU.png 302w, https:\/\/associationodyssee.fr\/wp-content\/uploads\/2019\/10\/logo-CU-150x150.png 150w, https:\/\/associationodyssee.fr\/wp-content\/uploads\/2019\/10\/logo-CU-300x300.png 300w\" sizes=\"(max-width: 177px) 100vw, 177px\" \/><\/p>\n<h5 style=\"text-align: justify;\"><span style=\"color: #1bc7bc;\">Cap Ulysse<\/span><\/h5>\n<p style=\"text-align: justify;\"><strong><span style=\"color: #1bc7bc;\"><a style=\"color: #1bc7bc;\" href=\"http:\/\/www.capulysse.fr\" target=\"_blank\" rel=\"noopener\">Cap Ulysse<\/a> <\/span><\/strong>est un organisme de formation qui accueille et place des jeunes europ\u00e9ens en stage en entreprises \u00e0 Bordeaux. Dans le cadre des activit\u00e9s linguistiques et interculturelles, Cap Ulysse est l&#8217;un de nos <span style=\"color: #1bc7bc;\"><strong>partenaires privil\u00e9gi\u00e9s<\/strong><\/span> ! Nous menons de nombreuses actions avec les jeunes europ\u00e9ens accompagn\u00e9s par l&#8217;\u00e9quipe de Cap Ulysse : italiens, espagnols, allemands, suisses, portugais, autrichiens&#8230;<\/p>\n<p>&nbsp;<\/p>\n<hr \/>\n<p style=\"text-align: justify;\"><img decoding=\"async\" loading=\"lazy\" class=\"irc_mi alignleft\" src=\"http:\/\/webetab.ac-bordeaux.fr\/Etablissement\/ClgStJeanIllac\/JourneesPortesOuvertes\/img\/menuts.jpg\" alt=\"R\u00e9sultat de recherche d'images pour &quot;lyc\u00e9e professionnel les menuts logo&quot;\" width=\"250\" height=\"195\" \/><\/p>\n<h5><span style=\"color: #1bc7bc;\">Lyc\u00e9e Professionnel Les Menuts<\/span><\/h5>\n<p style=\"text-align: justify;\">L&#8217;\u00e9quipe \u00e9ducative du <a href=\"http:\/\/lplesmenuts33.blogspot.com\/\" target=\"_blank\" rel=\"noopener\"><strong><span style=\"color: #1bc7bc;\">Lyc\u00e9e Professionnel Les Menuts<\/span><\/strong><\/a>, \u00e0 Bordeaux, est tr\u00e8s souvent impliqu\u00e9e dans la mise en place et l&#8217;animation d&#8217;activit\u00e9s interculturelles ! Les lyc\u00e9ens participent fr\u00e9quemment aux <strong><span style=\"color: #1bc7bc;\">actions interculturelles locales<\/span><\/strong> mais s&#8217;investissent \u00e9galement pour des projets particuliers et ponctuels. En 2019 par exemple, le lyc\u00e9e a accueilli une <strong><span style=\"color: #1bc7bc;\">d\u00e9l\u00e9gation d&#8217;enseignants allemands<\/span><\/strong> pendant une journ\u00e9e, accompagn\u00e9s par Odyss\u00e9e pour une visite d&#8217;\u00e9tude. Les professeurs allemands ont \u00e9t\u00e9 chaleureusement accueillis et orient\u00e9s par les lyc\u00e9ens au cours d&#8217;une mise en situation professionnelle. Un partenaire privil\u00e9gi\u00e9 et ouvert aux exp\u00e9rimentations p\u00e9dagogiques que nous remercions \u00e0 nouveau !<\/p>\n<p>&nbsp;<\/p>","protected":false},"excerpt":{"rendered":"<p>Leider ist der Eintrag nur auf Franz\u00f6sisch, Amerikanisches Englisch und Italienisch verf\u00fcgbar. Der Inhalt wird in der Standard-Sprache dieser Website angezeigt. Sie k\u00f6nnen einen Link anklicken, um zu einer anderen verf\u00fcgbaren Sprache zu wechseln. Afin de mener \u00e0 bien ses activit\u00e9s locales, l&#8217;association Odyss\u00e9e s&#8217;appuie sur un r\u00e9seau de partenaires vari\u00e9s. &nbsp; Pr\u00e9pas Sports Dans [&hellip;]<\/p>\n","protected":false},"author":1,"featured_media":300,"parent":20,"menu_order":4,"comment_status":"closed","ping_status":"closed","template":"","meta":[],"_links":{"self":[{"href":"https:\/\/associationodyssee.fr\/de\/wp-json\/wp\/v2\/pages\/702"}],"collection":[{"href":"https:\/\/associationodyssee.fr\/de\/wp-json\/wp\/v2\/pages"}],"about":[{"href":"https:\/\/associationodyssee.fr\/de\/wp-json\/wp\/v2\/types\/page"}],"author":[{"embeddable":true,"href":"https:\/\/associationodyssee.fr\/de\/wp-json\/wp\/v2\/users\/1"}],"replies":[{"embeddable":true,"href":"https:\/\/associationodyssee.fr\/de\/wp-json\/wp\/v2\/comments?post=702"}],"version-history":[{"count":17,"href":"https:\/\/associationodyssee.fr\/de\/wp-json\/wp\/v2\/pages\/702\/revisions"}],"predecessor-version":[{"id":2618,"href":"https:\/\/associationodyssee.fr\/de\/wp-json\/wp\/v2\/pages\/702\/revisions\/2618"}],"up":[{"embeddable":true,"href":"https:\/\/associationodyssee.fr\/de\/wp-json\/wp\/v2\/pages\/20"}],"wp:featuredmedia":[{"embeddable":true,"href":"https:\/\/associationodyssee.fr\/de\/wp-json\/wp\/v2\/media\/300"}],"wp:attachment":[{"href":"https:\/\/associationodyssee.fr\/de\/wp-json\/wp\/v2\/media?parent=702"}],"curies":[{"name":"wp","href":"https:\/\/api.w.org\/{rel}","templated":true}]}}