{"id":309,"date":"2017-09-27T11:50:54","date_gmt":"2017-09-27T10:50:54","guid":{"rendered":"http:\/\/associationodyssee.fr\/?page_id=309"},"modified":"2019-11-27T12:28:41","modified_gmt":"2019-11-27T11:28:41","slug":"inclusion-et-integration","status":"publish","type":"page","link":"https:\/\/associationodyssee.fr\/de\/projets-europeens\/inclusion-et-integration\/","title":{"rendered":"Inclusion &#038; Integration"},"content":{"rendered":"<p><\/p>\n<p style=\"text-align: justify;\"><b>Die <\/b><b>Association Odyss\u00e9e ist ein Partner vom europ\u00e4ischen Projekt\u00a0 <span style=\"color: #008080;\">&#8222;<\/span><\/b><b><span style=\"color: #008080;\">Aufnahme und Integration in Europa f\u00fcr Berufseinsteiger, Jugend-und Sozialarbeiter&#8220;<\/span>,<\/b><b> mit einem koordinator von Deutschland und Partnern aus Irland und Griechenland. Dieses Projekt ist kofinanziert von dem Erasmus Programm + der europ\u00e4ischen Kommission. <\/b><\/p>\n<p>&nbsp;<\/p>\n<p style=\"text-align: justify;\"><span style=\"color: #008080;\"><b>Ziele<\/b><\/span><\/p>\n<p style=\"text-align: justify;\">Das Projekt Aufnahme und Integration ist ein Austausch von Praktiken zwischen europ\u00e4ischen Fachleuten im fr\u00fchkindlichen Sektor, Jugend-und sozial-und Familienf\u00f6rderung. Es wird Ihnen erm\u00f6glicht, Methoden, Werkzeuge und Praktiken zu entdecken, um Kinder und Jugendliche (im Alter bis 18 Jahre) \u00a0und ihre Familie zu begleiten, und Ihre Praktiken mit anderen verwendeten Methoden zu verbessern mit homologischen, europ\u00e4ischen Strukturen. Das Projekt bringt Fachleute dazu \u00fcber ihre Methoden und Strukturen nachzudenken und umzusetzen, um eine P\u00e4dagogik anzunehmen, die eine bessere Integration dieser Zielgruppen und ihren Familien entwickelt.<\/p>\n<p style=\"text-align: justify;\"><span style=\"color: #008080;\"><b>Aktivit\u00e4ten<\/b><\/span><\/p>\n<p style=\"text-align: justify;\">Innerhalb von 24 Monaten, bestand das Projekt aus f\u00fcnf europ\u00e4ischen Mobilien (Leipzig, Deutschland; Irland; Griechenland, Bordeaux, Frankreich; Leipzig, Deutschland). Bei jeder Mobilit\u00e4t, verlassen vier Teilnehmer der Partnerorganisation w\u00e4hrend drei Tagen die Organisation, um die Praktiken zu entdecken, lokale Strukturen anzutreffen und neue Europ\u00e4ische Partnerschaftsbeziehungen zu f\u00f6rdern. Die Teilnehmer der europ\u00e4ischen Mobilit\u00e4t sind Mitarbeiter (z. b.Erzieher, Sozialarbeitern, Animatoren von Jugendzentren..), die mit Kindern, Teenagern, Jugendlichen und ihren Familien zusammenarbeiten, welche Schwierigkeiten in Ihrem Leben in Bezug auf die Einbeziehung und Integration haben.<\/p>\n<p style=\"text-align: justify;\"><span style=\"color: #008080;\"><b>Kalender<\/b><\/span><\/p>\n<p style=\"text-align: justify;\">D\u00e9cembre 2017 : Mobilit\u00e4t in Leipzig in Deutschland<\/p>\n<p style=\"text-align: justify;\">Avril 2018 : Mobilit\u00e4t in Irland<\/p>\n<p style=\"text-align: justify;\">Septembre 2018 : Mobilit\u00e4t in Griechenland<\/p>\n<p style=\"text-align: justify;\">Mars 2019 : Mobilit\u00e4t in Bordeaux<\/p>\n<p style=\"text-align: justify;\">Septembre 2019 : Mobilit\u00e4t \u00a0in Leipzig in Deutschland<\/p>\n<p style=\"text-align: justify;\"><b><span style=\"color: #008080;\">Partner<\/span> <\/b><\/p>\n<p style=\"text-align: justify;\">FAIRbund e.V., Leipzig, Deutschland<\/p>\n<p style=\"text-align: justify;\">KCAT Art &amp; Study center, Callan, Irland<\/p>\n<p style=\"text-align: justify;\">European Education &amp; Learning Institute, Rethymno, Griechenland<\/p>\n<p style=\"text-align: justify;\">Association Odyss\u00e9e, Bordeaux, Frankreich<\/p>\n<p style=\"text-align: justify;\"><i>Dieses Projekt ist kofinanziert vom Programm Erasmus+ der Europ\u00e4ischen Kommission. Diese Kommunikation verpflichtet sich nur dem Autor und \u00a0ist nicht verantwortlich f\u00fcr die Verwendung der darin enthaltenen Informationen.<\/i><\/p>\n<p><\/p>","protected":false},"excerpt":{"rendered":"<p>Die Association Odyss\u00e9e ist ein Partner vom europ\u00e4ischen Projekt\u00a0 &#8222;Aufnahme und Integration in Europa f\u00fcr Berufseinsteiger, Jugend-und Sozialarbeiter&#8220;, mit einem koordinator von Deutschland und Partnern aus Irland und Griechenland. Dieses Projekt ist kofinanziert von dem Erasmus Programm + der europ\u00e4ischen Kommission. &nbsp; Ziele Das Projekt Aufnahme und Integration ist ein Austausch von Praktiken zwischen europ\u00e4ischen [&hellip;]<\/p>\n","protected":false},"author":1,"featured_media":308,"parent":302,"menu_order":2,"comment_status":"closed","ping_status":"closed","template":"","meta":[],"_links":{"self":[{"href":"https:\/\/associationodyssee.fr\/de\/wp-json\/wp\/v2\/pages\/309"}],"collection":[{"href":"https:\/\/associationodyssee.fr\/de\/wp-json\/wp\/v2\/pages"}],"about":[{"href":"https:\/\/associationodyssee.fr\/de\/wp-json\/wp\/v2\/types\/page"}],"author":[{"embeddable":true,"href":"https:\/\/associationodyssee.fr\/de\/wp-json\/wp\/v2\/users\/1"}],"replies":[{"embeddable":true,"href":"https:\/\/associationodyssee.fr\/de\/wp-json\/wp\/v2\/comments?post=309"}],"version-history":[{"count":7,"href":"https:\/\/associationodyssee.fr\/de\/wp-json\/wp\/v2\/pages\/309\/revisions"}],"predecessor-version":[{"id":2828,"href":"https:\/\/associationodyssee.fr\/de\/wp-json\/wp\/v2\/pages\/309\/revisions\/2828"}],"up":[{"embeddable":true,"href":"https:\/\/associationodyssee.fr\/de\/wp-json\/wp\/v2\/pages\/302"}],"wp:featuredmedia":[{"embeddable":true,"href":"https:\/\/associationodyssee.fr\/de\/wp-json\/wp\/v2\/media\/308"}],"wp:attachment":[{"href":"https:\/\/associationodyssee.fr\/de\/wp-json\/wp\/v2\/media?parent=309"}],"curies":[{"name":"wp","href":"https:\/\/api.w.org\/{rel}","templated":true}]}}