{"id":2426,"date":"2019-10-22T14:02:06","date_gmt":"2019-10-22T13:02:06","guid":{"rendered":"http:\/\/associationodyssee.fr\/?page_id=2426"},"modified":"2020-10-05T15:16:45","modified_gmt":"2020-10-05T14:16:45","slug":"activites-interculturelles-odyssee","status":"publish","type":"page","link":"https:\/\/associationodyssee.fr\/de\/les-activites\/activites-interculturelles-odyssee\/","title":{"rendered":"Interkulturellen Aktivit\u00e4ten"},"content":{"rendered":"<p><img decoding=\"async\" loading=\"lazy\" class=\"size-full wp-image-2429 alignright\" src=\"http:\/\/associationodyssee.fr\/wp-content\/uploads\/2019\/10\/Copie-de-Copie-de-Copie-de-Copie-de-Copie-de-Nuage-mots-cl\u00e9s-nos-s\u00e9jours-EN.png\" alt=\"\" width=\"559\" height=\"397\" srcset=\"https:\/\/associationodyssee.fr\/wp-content\/uploads\/2019\/10\/Copie-de-Copie-de-Copie-de-Copie-de-Copie-de-Nuage-mots-cl\u00e9s-nos-s\u00e9jours-EN.png 559w, https:\/\/associationodyssee.fr\/wp-content\/uploads\/2019\/10\/Copie-de-Copie-de-Copie-de-Copie-de-Copie-de-Nuage-mots-cl\u00e9s-nos-s\u00e9jours-EN-300x213.png 300w\" sizes=\"(max-width: 559px) 100vw, 559px\" \/><\/p>\n<p>Die interkulturellen Aktivit\u00e4ten wurden kreiert, um jungen Menschen aus der Welt und Jugendlichen aus Bordeaux die M\u00f6glichkeit zu geben, in Kontakt zu treten, mit kulturellen, sportlichen und interkulturellen Aktivit\u00e4ten usw.<\/p>\n<p>Wollen wir es Jugendlichen erm\u00f6glichen: Entdecke andere Kulturen und \u00f6ffne dir neue Horizonte Wiederentdecken Bordeaux zusammen und teilt lustige Momente Erlebe neue erfahrungen und lerne neue Leute kennen Wir offerieren ein <a href=\"http:\/\/associationodyssee.fr\/wp-content\/uploads\/2020\/10\/Catalogue-dactivit\u00e9s-interculturelles-tarifs-2020-2021_compressed.pdf\"><span style=\"color: #33cccc;\"><strong>Katalog<\/strong><\/span><\/a> :<\/p>\n<p>La Mosa\u00efque des Langues: Entdeckung des sprachlichen Reichtums von Bordeaux<\/p>\n<p>Le Speak-Meeting: der Austausch in verschiedenen Sprachen in einem rasenden Tempo!<\/p>\n<p>F\u00eates interculturelles : die Tradition des Jahresende in der ganzen Welt zu entdecken<\/p>\n<p>Le Tour du Monde: Erfahrungsaustausch zwischen den Teilnehmern von hier und anderswo und viele andere Aktivit\u00e4ten sind noch zu entdecken!<\/p>\n<p>Diese Aktivit\u00e4ten werden mit Partnern durchgef\u00fchrt, die es uns erm\u00f6glichen, sie sowohl jungen Europ\u00e4ern oder Ausl\u00e4ndern, als auch jungen Menschen aus Bordeaux und der Umgebung anzubieten. Mehrere Verb\u00e4nde und Institutionen haben uns ihr Vertrauen geschenkt!<\/p>\n<p>Sie sagen aus: \u201eF\u00fcr unsere Sch\u00fcler, war es immer eine Gelegenheit, junge Europ\u00e4er zu treffen und sich authentisch auf Englisch auszutauschen. Noch besser, sie waren in der Lage, sich bei dieser Gelegenheit, der Welt und anderen Kulturen zu \u00f6ffnen. Die Erwachsenen des Vereins haben durch ihren Enthusiasmus, ihren Ideenreichtum und ihrer Energie, jedes Treffen zu einer menschlichen Bereicherung gemacht.\u201c Aude Carlier, Englischlehrer von Lyc\u00e9e Professionnel Les Menuts\u201c<\/p>","protected":false},"excerpt":{"rendered":"<p>Die interkulturellen Aktivit\u00e4ten wurden kreiert, um jungen Menschen aus der Welt und Jugendlichen aus Bordeaux die M\u00f6glichkeit zu geben, in Kontakt zu treten, mit kulturellen, sportlichen und interkulturellen Aktivit\u00e4ten usw. Wollen wir es Jugendlichen erm\u00f6glichen: Entdecke andere Kulturen und \u00f6ffne dir neue Horizonte Wiederentdecken Bordeaux zusammen und teilt lustige Momente Erlebe neue erfahrungen und lerne [&hellip;]<\/p>\n","protected":false},"author":1,"featured_media":1879,"parent":20,"menu_order":1,"comment_status":"closed","ping_status":"closed","template":"","meta":[],"_links":{"self":[{"href":"https:\/\/associationodyssee.fr\/de\/wp-json\/wp\/v2\/pages\/2426"}],"collection":[{"href":"https:\/\/associationodyssee.fr\/de\/wp-json\/wp\/v2\/pages"}],"about":[{"href":"https:\/\/associationodyssee.fr\/de\/wp-json\/wp\/v2\/types\/page"}],"author":[{"embeddable":true,"href":"https:\/\/associationodyssee.fr\/de\/wp-json\/wp\/v2\/users\/1"}],"replies":[{"embeddable":true,"href":"https:\/\/associationodyssee.fr\/de\/wp-json\/wp\/v2\/comments?post=2426"}],"version-history":[{"count":21,"href":"https:\/\/associationodyssee.fr\/de\/wp-json\/wp\/v2\/pages\/2426\/revisions"}],"predecessor-version":[{"id":3291,"href":"https:\/\/associationodyssee.fr\/de\/wp-json\/wp\/v2\/pages\/2426\/revisions\/3291"}],"up":[{"embeddable":true,"href":"https:\/\/associationodyssee.fr\/de\/wp-json\/wp\/v2\/pages\/20"}],"wp:featuredmedia":[{"embeddable":true,"href":"https:\/\/associationodyssee.fr\/de\/wp-json\/wp\/v2\/media\/1879"}],"wp:attachment":[{"href":"https:\/\/associationodyssee.fr\/de\/wp-json\/wp\/v2\/media?parent=2426"}],"curies":[{"name":"wp","href":"https:\/\/api.w.org\/{rel}","templated":true}]}}