{"id":2343,"date":"2019-10-22T09:50:29","date_gmt":"2019-10-22T08:50:29","guid":{"rendered":"http:\/\/associationodyssee.fr\/?page_id=2343"},"modified":"2020-10-05T14:58:20","modified_gmt":"2020-10-05T13:58:20","slug":"projet-associatif-odyssee","status":"publish","type":"page","link":"https:\/\/associationodyssee.fr\/de\/l-association\/projet-associatif-odyssee\/","title":{"rendered":"Vereinsprojekt"},"content":{"rendered":"<blockquote>\r\n<p><em><span style=\"color: #33cccc;\"> &#8222;die \u00c4hnlichkeit existiert nicht an sich: Es ist nur ein besonderer Fall der Differenz, eine, wo der Unterschied sich zu null neigt.&#8220; <\/span><\/em><\/p>\r\n<p><em><span style=\"color: #33cccc;\">Claude L\u00e9vi-Strauss<\/span> <\/em><\/p>\r\n<\/blockquote>\r\n<p>&nbsp;<\/p>\r\n<p><em>Die Welt, wie sie uns umgibt ist das Ereignis, des Treffens von Frauen und M\u00e4nnern, verschiedener Kulturen, bewegend, migranten, Plural und gemischt innerhalb von Unternehmungen. Die Wissenschaft, die digitale Revolution und die Globalisierung tragen dazu bei dieses Treffen zu beschleunigen. Infolgedessen, gibt es teilweise Spannungen und Konflikte, die wir in Frage stellen m\u00fcssen und welche uns an den Ort verweisen, den wir der Andersartigkeit und Vielfalt wiedergeben. Diese zwei Konzepte sind die Zusammenfassungen der modernen Stadt, die uns umgibt. Inmitten des herzens vom Quartier Saint-Michel in Bordeaux, als die Wiege der Einwanderung, ist es nat\u00fcrlich, dass die Association Odyss\u00e9e beabsichtigt, R\u00e4ume f\u00fcr den Austausch des Dialogs und der T\u00e4tigkeiten zu schaffen, diese Idee, l\u00e4sst unserer Ansicht nach, viele Vorurteile fallen. Allerdings verteidigen wir nicht eine abstrakte und minimalistische Universalist Position, welche ein Ende f\u00fcr jede Reflexion \u00fcber Andersheit setzen w\u00fcrde, aber wir sind f\u00fcr eine Herausforderung, um Sie in kreative Spielpl\u00e4tze und innovative Projekte, in denen jeder kann sich ausdr\u00fccken und existieren zu verwandeln.<\/em><\/p>\r\n<p>&nbsp;<\/p>\r\n<p>Elisabeth Silva, Pr\u00e4sidentin von der Association Odyss\u00e9e<\/p>","protected":false},"excerpt":{"rendered":"<p>Leider ist der Eintrag nur auf Franz\u00f6sisch und Amerikanisches Englisch verf\u00fcgbar. Der Inhalt wird in der Standard-Sprache dieser Website angezeigt. Sie k\u00f6nnen einen Link anklicken, um zu einer anderen verf\u00fcgbaren Sprache zu wechseln. &nbsp; Edito Le monde tel qu\u2019il nous entoure est le r\u00e9sultat de la rencontre de femmes et d\u2019hommes de cultures imbriqu\u00e9es au [&hellip;]<\/p>\n","protected":false},"author":1,"featured_media":662,"parent":16,"menu_order":2,"comment_status":"closed","ping_status":"closed","template":"","meta":[],"_links":{"self":[{"href":"https:\/\/associationodyssee.fr\/de\/wp-json\/wp\/v2\/pages\/2343"}],"collection":[{"href":"https:\/\/associationodyssee.fr\/de\/wp-json\/wp\/v2\/pages"}],"about":[{"href":"https:\/\/associationodyssee.fr\/de\/wp-json\/wp\/v2\/types\/page"}],"author":[{"embeddable":true,"href":"https:\/\/associationodyssee.fr\/de\/wp-json\/wp\/v2\/users\/1"}],"replies":[{"embeddable":true,"href":"https:\/\/associationodyssee.fr\/de\/wp-json\/wp\/v2\/comments?post=2343"}],"version-history":[{"count":72,"href":"https:\/\/associationodyssee.fr\/de\/wp-json\/wp\/v2\/pages\/2343\/revisions"}],"predecessor-version":[{"id":3277,"href":"https:\/\/associationodyssee.fr\/de\/wp-json\/wp\/v2\/pages\/2343\/revisions\/3277"}],"up":[{"embeddable":true,"href":"https:\/\/associationodyssee.fr\/de\/wp-json\/wp\/v2\/pages\/16"}],"wp:featuredmedia":[{"embeddable":true,"href":"https:\/\/associationodyssee.fr\/de\/wp-json\/wp\/v2\/media\/662"}],"wp:attachment":[{"href":"https:\/\/associationodyssee.fr\/de\/wp-json\/wp\/v2\/media?parent=2343"}],"curies":[{"name":"wp","href":"https:\/\/api.w.org\/{rel}","templated":true}]}}