{"id":20,"date":"2016-08-23T10:27:08","date_gmt":"2016-08-23T09:27:08","guid":{"rendered":"http:\/\/associationodyssee.fr\/?page_id=20"},"modified":"2020-03-26T10:01:28","modified_gmt":"2020-03-26T09:01:28","slug":"les-activites","status":"publish","type":"page","link":"https:\/\/associationodyssee.fr\/de\/les-activites\/","title":{"rendered":"Aktivit\u00e4ten"},"content":{"rendered":"<p><\/p>\n<p style=\"text-align: justify;\">Die Mitglieder von Association Odyss\u00e9e sind \u00fcberzeugt, dass experimentieren mit kultureller Vielfalt, die Praxis der Fremdsprachen und die Konfrontation mit Andersheit sind Teil des Aufbaus eines Zusammenlebens, des Zusammenhalts und der Staatsb\u00fcrgerschaft der Welt.<\/p>\n<p>Um die festen Objekte zu realisieren, werden die Aktivit\u00e4ten des Vereines hier pr\u00e4sentiert.<\/p>","protected":false},"excerpt":{"rendered":"<p>Die Mitglieder von Association Odyss\u00e9e sind \u00fcberzeugt, dass experimentieren mit kultureller Vielfalt, die Praxis der Fremdsprachen und die Konfrontation mit Andersheit sind Teil des Aufbaus eines Zusammenlebens, des Zusammenhalts und der Staatsb\u00fcrgerschaft der Welt. Um die festen Objekte zu realisieren, werden die Aktivit\u00e4ten des Vereines hier pr\u00e4sentiert.<\/p>\n","protected":false},"author":1,"featured_media":2109,"parent":0,"menu_order":4,"comment_status":"closed","ping_status":"closed","template":"","meta":[],"_links":{"self":[{"href":"https:\/\/associationodyssee.fr\/de\/wp-json\/wp\/v2\/pages\/20"}],"collection":[{"href":"https:\/\/associationodyssee.fr\/de\/wp-json\/wp\/v2\/pages"}],"about":[{"href":"https:\/\/associationodyssee.fr\/de\/wp-json\/wp\/v2\/types\/page"}],"author":[{"embeddable":true,"href":"https:\/\/associationodyssee.fr\/de\/wp-json\/wp\/v2\/users\/1"}],"replies":[{"embeddable":true,"href":"https:\/\/associationodyssee.fr\/de\/wp-json\/wp\/v2\/comments?post=20"}],"version-history":[{"count":20,"href":"https:\/\/associationodyssee.fr\/de\/wp-json\/wp\/v2\/pages\/20\/revisions"}],"predecessor-version":[{"id":2948,"href":"https:\/\/associationodyssee.fr\/de\/wp-json\/wp\/v2\/pages\/20\/revisions\/2948"}],"wp:featuredmedia":[{"embeddable":true,"href":"https:\/\/associationodyssee.fr\/de\/wp-json\/wp\/v2\/media\/2109"}],"wp:attachment":[{"href":"https:\/\/associationodyssee.fr\/de\/wp-json\/wp\/v2\/media?parent=20"}],"curies":[{"name":"wp","href":"https:\/\/api.w.org\/{rel}","templated":true}]}}