{"id":302,"date":"2017-09-27T09:31:51","date_gmt":"2017-09-27T08:31:51","guid":{"rendered":"http:\/\/associationodyssee.fr\/?page_id=302"},"modified":"2023-02-15T10:56:33","modified_gmt":"2023-02-15T09:56:33","slug":"projets-europeens","status":"publish","type":"page","link":"http:\/\/associationodyssee.fr\/it\/projets-europeens\/","title":{"rendered":"Progetti europei"},"content":{"rendered":"<p class=\"qtranxs-available-languages-message qtranxs-available-languages-message-it\">Ci spiace, ma questo articolo \u00e8 disponibile soltanto in <a href=\"http:\/\/associationodyssee.fr\/fr\/wp-json\/wp\/v2\/pages\/302\" class=\"qtranxs-available-language-link qtranxs-available-language-link-fr\" title=\"Fran\u00e7ais\">Francese<\/a> e <a href=\"http:\/\/associationodyssee.fr\/en\/wp-json\/wp\/v2\/pages\/302\" class=\"qtranxs-available-language-link qtranxs-available-language-link-en\" title=\"English\">Inglese Americano<\/a>. Per ragioni di convenienza del visitatore, il contenuto \u00e8 mostrato sotto nella lingua principale di questo sito. Puoi cliccare su uno dei links per cambiare la lingua del sito in un'altra lingua disponibile.<\/p><p><\/p>\n<h4 style=\"text-align: right;\"><span style=\"color: #1bc7bc;\"><strong><em>\u00ab\u00a0Un regard d\u2019ici et d\u2019ailleurs\u00a0: \u00e9changer et confronter nos pratiques \u00a0\u00bb<\/em><\/strong><\/span><\/h4>\n<p style=\"text-align: justify;\">L\u2019Association Odyss\u00e9e s\u2019engage \u00e0 renforcer la citoyennet\u00e9 europ\u00e9enne, l&#8217;\u00e9mergence de &#8220;citoyens du monde&#8221; et la coop\u00e9ration entre les diff\u00e9rents acteurs qui constituent l\u2019Union europ\u00e9enne.<\/p>\n<p style=\"text-align: justify;\">En coordonnant et en participant \u00e0 des projets dans une dimension europ\u00e9enne et internationale, l\u2019Association Odyss\u00e9e souhaite\u00a0:<\/p>\n<p style=\"text-align: justify;\">&#8211; Promouvoir et permettre la mobilit\u00e9 europ\u00e9enne de diff\u00e9rents publics, \u00e0 vis\u00e9e professionnelle, formative, \u00e9ducative, sociale et\/ou transversale,<\/p>\n<p style=\"text-align: justify;\">&#8211; Renforcer la coop\u00e9ration des acteurs \u00e0 l\u2019\u00e9chelle locale et europ\u00e9enne,<\/p>\n<p style=\"text-align: justify;\">&#8211; Promouvoir les \u00e9changes entre le milieu de l\u2019\u00e9ducation formelle et celui de l\u2019\u00e9ducation populaire et informelle,<\/p>\n<p style=\"text-align: justify;\">&#8211; Promouvoir, renforcer et valoriser la formation tout au long de la vie d\u2019une multiplicit\u00e9 d\u2019acteurs\u00a0: associations, entreprises, formateurs, enseignants, \u00e9ducateurs, animateurs etc.<\/p>\n<p style=\"text-align: justify;\">Ce sont les raisons pour lesquelles l\u2019Association Odyss\u00e9e se positionne en tant que coordinatrice ou partenaire de projets Erasmus+ correspondant \u00e0 ces objectifs.<\/p>\n<p>&nbsp;<\/p>\n<p style=\"text-align: justify;\">L&#8217;Association Odyss\u00e9e vous pr\u00e9sente ici ses projets europ\u00e9ens :<\/p>\n<p><span style=\"color: #00ccff;\"><strong><a style=\"color: #00ccff;\" href=\"http:\/\/associationodyssee.fr\/projets-europeens\/bligs\/\">&#8211; BLIGS<\/a><\/strong><\/span><\/p>\n<p style=\"text-align: justify;\"><span style=\"color: #33cccc;\"><strong>&#8211; <a style=\"color: #33cccc;\" href=\"http:\/\/associationodyssee.fr\/projets-europeens\/escape-your-stereotypes\/\">Escape Your Stereotypes<\/a><img decoding=\"async\" loading=\"lazy\" class=\"wp-image-2422 alignright\" src=\"http:\/\/associationodyssee.fr\/wp-content\/uploads\/2019\/10\/Erasmus-EN.jpg\" alt=\"Erasmus+ EN\" width=\"298\" height=\"85\" srcset=\"http:\/\/associationodyssee.fr\/wp-content\/uploads\/2019\/10\/Erasmus-EN.jpg 480w, http:\/\/associationodyssee.fr\/wp-content\/uploads\/2019\/10\/Erasmus-EN-300x86.jpg 300w\" sizes=\"(max-width: 298px) 100vw, 298px\" \/><\/strong><\/span><\/p>\n<p style=\"text-align: justify;\"><span style=\"color: #33cccc;\"><strong>&#8211; <a style=\"color: #33cccc;\" href=\"http:\/\/associationodyssee.fr\/projets-europeens\/intermove-for-trainers\/\">Intermove for Trainers<\/a><\/strong><\/span><\/p>\n<p style=\"text-align: justify;\"><span style=\"color: #33cccc;\"><strong>&#8211; <a style=\"color: #33cccc;\" href=\"http:\/\/associationodyssee.fr\/projets-europeens\/youth-employment-toolbox\/\">Youth Employment Toolbox<\/a><\/strong><\/span><\/p>\n<p style=\"text-align: justify;\"><span style=\"color: #33cccc;\"><strong>&#8211; <a style=\"color: #33cccc;\" href=\"http:\/\/associationodyssee.fr\/projets-europeens\/inclusion-et-integration\/\">Integration and Inclusion in Europe for Experts in pre-school education, youth and social work<\/a><\/strong><\/span><\/p>\n<p style=\"text-align: justify;\"><span style=\"color: #33cccc;\"><strong>&#8211; <a style=\"color: #33cccc;\" href=\"http:\/\/associationodyssee.fr\/projets-europeens\/job-to-stay\/\">Job to Stay<\/a><\/strong><\/span><\/p>\n<p style=\"text-align: justify;\"><span style=\"color: #33cccc;\"><strong><span style=\"color: #33cccc;\">&#8211; <a style=\"color: #33cccc;\" href=\"http:\/\/associationodyssee.fr\/projets-europeens\/erasmus-staff-mobility\/\">Visites d&#8217;\u00e9tude et mobilit\u00e9s de personnels Erasmus+<\/a><\/span><br \/>\n<\/strong><\/span><\/p>\n<p style=\"text-align: justify;\">Ces projets sont co-financ\u00e9s par le programme Erasmus+ de la Commission Europ\u00e9enne.<\/p>\n<p style=\"text-align: justify;\"><em>Cette communication n&#8217;engage que son auteur et la Commission n&#8217;est pas responsable de l&#8217;usage qui pourrait \u00eatre fait des informations qui y sont contenues.<\/em><\/p>\n<p style=\"text-align: justify;\"><span style=\"color: #ffffff;\">\u00a0<\/span><\/p>\n<p><\/p>","protected":false},"excerpt":{"rendered":"<p>Ci spiace, ma questo articolo \u00e8 disponibile soltanto in Francese e Inglese Americano. Per ragioni di convenienza del visitatore, il contenuto \u00e8 mostrato sotto nella lingua principale di questo sito. Puoi cliccare su uno dei links per cambiare la lingua del sito in un&#8217;altra lingua disponibile. \u00ab\u00a0Un regard d\u2019ici et d\u2019ailleurs\u00a0: \u00e9changer et confronter nos [&hellip;]<\/p>\n","protected":false},"author":1,"featured_media":308,"parent":0,"menu_order":4,"comment_status":"closed","ping_status":"closed","template":"","meta":[],"_links":{"self":[{"href":"http:\/\/associationodyssee.fr\/it\/wp-json\/wp\/v2\/pages\/302"}],"collection":[{"href":"http:\/\/associationodyssee.fr\/it\/wp-json\/wp\/v2\/pages"}],"about":[{"href":"http:\/\/associationodyssee.fr\/it\/wp-json\/wp\/v2\/types\/page"}],"author":[{"embeddable":true,"href":"http:\/\/associationodyssee.fr\/it\/wp-json\/wp\/v2\/users\/1"}],"replies":[{"embeddable":true,"href":"http:\/\/associationodyssee.fr\/it\/wp-json\/wp\/v2\/comments?post=302"}],"version-history":[{"count":13,"href":"http:\/\/associationodyssee.fr\/it\/wp-json\/wp\/v2\/pages\/302\/revisions"}],"predecessor-version":[{"id":3725,"href":"http:\/\/associationodyssee.fr\/it\/wp-json\/wp\/v2\/pages\/302\/revisions\/3725"}],"wp:featuredmedia":[{"embeddable":true,"href":"http:\/\/associationodyssee.fr\/it\/wp-json\/wp\/v2\/media\/308"}],"wp:attachment":[{"href":"http:\/\/associationodyssee.fr\/it\/wp-json\/wp\/v2\/media?parent=302"}],"curies":[{"name":"wp","href":"https:\/\/api.w.org\/{rel}","templated":true}]}}