{"id":2426,"date":"2019-10-22T14:02:06","date_gmt":"2019-10-22T13:02:06","guid":{"rendered":"http:\/\/associationodyssee.fr\/?page_id=2426"},"modified":"2020-10-05T15:16:45","modified_gmt":"2020-10-05T14:16:45","slug":"activites-interculturelles-odyssee","status":"publish","type":"page","link":"http:\/\/associationodyssee.fr\/it\/les-activites\/activites-interculturelles-odyssee\/","title":{"rendered":"Attivit\u00e0 interculturali"},"content":{"rendered":"<p><\/p>\n<p style=\"text-align: right;\"><span style=\"color: #1bc7bc;\"><strong><em>\u00ab All\u2019incontro di se stesso e degli altri \u00bb <\/em><\/strong><\/span><\/p>\n<h5><span style=\"color: #1bc7bc;\">\u00a0<\/span><\/h5>\n<p><img decoding=\"async\" loading=\"lazy\" class=\"wp-image-2429 alignright\" src=\"http:\/\/associationodyssee.fr\/wp-content\/uploads\/2019\/10\/Copie-de-Copie-de-Copie-de-Copie-de-Copie-de-Nuage-mots-cl\u00e9s-nos-s\u00e9jours-EN.png\" alt=\"\" width=\"384\" height=\"273\" srcset=\"http:\/\/associationodyssee.fr\/wp-content\/uploads\/2019\/10\/Copie-de-Copie-de-Copie-de-Copie-de-Copie-de-Nuage-mots-cl\u00e9s-nos-s\u00e9jours-EN.png 559w, http:\/\/associationodyssee.fr\/wp-content\/uploads\/2019\/10\/Copie-de-Copie-de-Copie-de-Copie-de-Copie-de-Nuage-mots-cl\u00e9s-nos-s\u00e9jours-EN-300x213.png 300w\" sizes=\"(max-width: 384px) 100vw, 384px\" \/><\/p>\n<p style=\"text-align: justify;\">Offriamo la possibilit\u00e0 ai giovani qui e altrove di incontrarsi, di discutere e di arricchirsi delle esperienze di ognuno. Cos\u00ec, l\u2019associazione agisce come intermediario tra gli organismi locali di accoglienza di giovani europei o internazionali e le associazioni o istituzioni locali\u00a0 in relazione con i giovani di Bordeaux.<\/p>\n<p>Le nostre attivit\u00e0 interculturali sono state create per permettere a giovani del mondo intero di essere in contatto con giovani di Bordeaux, grazie a delle animazioni culturali, sportive,interculturali\u2026 L\u2019obiettivo \u00e8 di permettere ai giovani di :<\/p>\n<ul>\n<li>Scoprire altre culture ed aprirsi a diversi orizzonti<\/li>\n<li>Riscoprire Bordeaux insieme condividendo momenti divertenti<\/li>\n<li>Vivere nuove esperienze e fare nuovi incontri<\/li>\n<\/ul>\n<h5><span style=\"color: #1bc7bc;\"><span style=\"color: #33cccc;\">Nostro<strong> &gt;&gt;<a style=\"color: #33cccc;\" href=\"http:\/\/associationodyssee.fr\/wp-content\/uploads\/2020\/10\/Catalogue-dactivit\u00e9s-interculturelles-tarifs-2020-2021_compressed.pdf\">Catalogo di attivit\u00e0 interculturali 2020-2021&lt;&lt;<\/a><\/strong><\/span><br \/>\n<\/span><\/h5>\n<p>Proponiamo un catalogo di attivit\u00e0 interculturali variate :<\/p>\n<ul>\n<li>Il Mosaico delle Lingue : per scoprire la ricchezza linguistica di Bordeaux<\/li>\n<li>Lo speak-meeting : conversazioni in diverse lingue a ritmo sfrenato !<\/li>\n<li>Natale interculturale : alla scoperta delle tradizioni di fine anno nel mondo intero<\/li>\n<li>Il Giro del Mondo : scambi di esperienze tra partecipanti di qui e altrove<\/li>\n<\/ul>\n<p>&#8230; E ci sono molto altre attivit\u00e0 a scoprire !<\/p>\n<p><img decoding=\"async\" loading=\"lazy\" class=\"wp-image-2428 aligncenter\" src=\"http:\/\/associationodyssee.fr\/wp-content\/uploads\/2019\/10\/activit\u00e9s-interculturelles-photo.png\" alt=\"activit\u00e9s interculturelles association odyss\u00e9e bordeaux interculturel jeunes jeunesse actions\" width=\"747\" height=\"420\" srcset=\"http:\/\/associationodyssee.fr\/wp-content\/uploads\/2019\/10\/activit\u00e9s-interculturelles-photo.png 1920w, http:\/\/associationodyssee.fr\/wp-content\/uploads\/2019\/10\/activit\u00e9s-interculturelles-photo-300x169.png 300w, http:\/\/associationodyssee.fr\/wp-content\/uploads\/2019\/10\/activit\u00e9s-interculturelles-photo-768x432.png 768w, http:\/\/associationodyssee.fr\/wp-content\/uploads\/2019\/10\/activit\u00e9s-interculturelles-photo-1024x576.png 1024w\" sizes=\"(max-width: 747px) 100vw, 747px\" \/><\/p>\n<h5><strong><span style=\"color: #33cccc;\">Partnership<\/span><\/strong><\/h5>\n<p>Queste attivit\u00e0 sono iscritte in una dimensione di partnership che permette di proporle a giovani europei o internazionali cos\u00ec come a quelli di Bordeaux o dintorni.<\/p>\n<p>Diverse associazioni e strutture ci hanno dato fiducia e testimoniano :<\/p>\n<p><img decoding=\"async\" loading=\"lazy\" class=\"wp-image-1715 alignleft\" src=\"http:\/\/associationodyssee.fr\/wp-content\/uploads\/2019\/01\/IMG-20190129-WA0003.jpg\" alt=\"s\u00e9jour linguistique soggiorno linguistico bordeaux bord'odyss\u00e9e france fran\u00e7ais cours lyc\u00e9e les menuts\" width=\"323\" height=\"242\" srcset=\"http:\/\/associationodyssee.fr\/wp-content\/uploads\/2019\/01\/IMG-20190129-WA0003.jpg 1600w, http:\/\/associationodyssee.fr\/wp-content\/uploads\/2019\/01\/IMG-20190129-WA0003-300x225.jpg 300w, http:\/\/associationodyssee.fr\/wp-content\/uploads\/2019\/01\/IMG-20190129-WA0003-768x576.jpg 768w, http:\/\/associationodyssee.fr\/wp-content\/uploads\/2019\/01\/IMG-20190129-WA0003-1024x768.jpg 1024w\" sizes=\"(max-width: 323px) 100vw, 323px\" \/><\/p>\n<p>\u201cPer i nostri studenti, \u00e8 stato ogni volta l\u2019occasione di incontrare giovani europei e di interagire in modo autentico con loro in inglese. Ancora meglio, hanno potuto aprirsi al mondo e ad altre culture grazie a queste attivit\u00e0. Gli adulti dell\u2019associazione hanno fatto di ogni incontro un appuntamento ricco sul piano umano, grazie al loro entusiasmo, alla loro energia e alle loro numerose idee\u201d Aude Carlier, Prof.ssa di Inglese al Liceo Professionale Les Menuts<\/p>\n<p>&nbsp;<\/p>\n<p>\u201cNel quadro del parntership con l\u2019Associazione Odyss\u00e9e, abbiamo permesso nel 2017 l\u2019incontro di giovani di culture e paesi diversi, che hanno contribuito insieme alla realizzazione di azioni presso bambini e vivere un\u2019esperienza di diversit\u00e0.\u201d Eddy DURTESTE, Directeur de l\u2019association Urban Vibration School<\/p>\n<p>&nbsp;<\/p>\n<p>Consultate la rubrica ACTUS per scoprire i dettagli delle nostre attivit\u00e0 interculturali.<\/p>\n<blockquote><p><img decoding=\"async\" loading=\"lazy\" class=\"wp-image-231 aligncenter\" src=\"http:\/\/associationodyssee.fr\/wp-content\/uploads\/2017\/04\/Sel-ou-poivre.jpg\" alt=\"Europe, Association Odyss\u00e9e, Sel ou poivre, interculturel, jeunes, Bordeaux\" width=\"383\" height=\"215\" srcset=\"http:\/\/associationodyssee.fr\/wp-content\/uploads\/2017\/04\/Sel-ou-poivre.jpg 2560w, http:\/\/associationodyssee.fr\/wp-content\/uploads\/2017\/04\/Sel-ou-poivre-300x169.jpg 300w, http:\/\/associationodyssee.fr\/wp-content\/uploads\/2017\/04\/Sel-ou-poivre-768x432.jpg 768w, http:\/\/associationodyssee.fr\/wp-content\/uploads\/2017\/04\/Sel-ou-poivre-1024x576.jpg 1024w, http:\/\/associationodyssee.fr\/wp-content\/uploads\/2017\/04\/Sel-ou-poivre-533x300.jpg 533w\" sizes=\"(max-width: 383px) 100vw, 383px\" \/><\/p><\/blockquote>\n<p>&nbsp;<\/p>\n<p>&nbsp;<\/p>\n<p>&nbsp;<\/p>","protected":false},"excerpt":{"rendered":"<p>\u00ab All\u2019incontro di se stesso e degli altri \u00bb \u00a0 Offriamo la possibilit\u00e0 ai giovani qui e altrove di incontrarsi, di discutere e di arricchirsi delle esperienze di ognuno. Cos\u00ec, l\u2019associazione agisce come intermediario tra gli organismi locali di accoglienza di giovani europei o internazionali e le associazioni o istituzioni locali\u00a0 in relazione con i [&hellip;]<\/p>\n","protected":false},"author":1,"featured_media":1879,"parent":20,"menu_order":1,"comment_status":"closed","ping_status":"closed","template":"","meta":[],"_links":{"self":[{"href":"http:\/\/associationodyssee.fr\/it\/wp-json\/wp\/v2\/pages\/2426"}],"collection":[{"href":"http:\/\/associationodyssee.fr\/it\/wp-json\/wp\/v2\/pages"}],"about":[{"href":"http:\/\/associationodyssee.fr\/it\/wp-json\/wp\/v2\/types\/page"}],"author":[{"embeddable":true,"href":"http:\/\/associationodyssee.fr\/it\/wp-json\/wp\/v2\/users\/1"}],"replies":[{"embeddable":true,"href":"http:\/\/associationodyssee.fr\/it\/wp-json\/wp\/v2\/comments?post=2426"}],"version-history":[{"count":21,"href":"http:\/\/associationodyssee.fr\/it\/wp-json\/wp\/v2\/pages\/2426\/revisions"}],"predecessor-version":[{"id":3291,"href":"http:\/\/associationodyssee.fr\/it\/wp-json\/wp\/v2\/pages\/2426\/revisions\/3291"}],"up":[{"embeddable":true,"href":"http:\/\/associationodyssee.fr\/it\/wp-json\/wp\/v2\/pages\/20"}],"wp:featuredmedia":[{"embeddable":true,"href":"http:\/\/associationodyssee.fr\/it\/wp-json\/wp\/v2\/media\/1879"}],"wp:attachment":[{"href":"http:\/\/associationodyssee.fr\/it\/wp-json\/wp\/v2\/media?parent=2426"}],"curies":[{"name":"wp","href":"https:\/\/api.w.org\/{rel}","templated":true}]}}