{"id":1973,"date":"2019-04-02T15:03:54","date_gmt":"2019-04-02T14:03:54","guid":{"rendered":"http:\/\/associationodyssee.fr\/?page_id=1973"},"modified":"2021-07-01T14:40:14","modified_gmt":"2021-07-01T13:40:14","slug":"activites-et-excursions","status":"publish","type":"page","link":"http:\/\/associationodyssee.fr\/it\/nos-sejours-linguistiques-et-culturels\/activites-et-excursions\/","title":{"rendered":"Attivit\u00e0 ed escursioni"},"content":{"rendered":"<p><\/p>\n<h4><span style=\"color: #1bc7bc;\"><strong>ATTIVIT\u00c0 <\/strong><strong>INTERCULTURALI<\/strong><\/span><\/h4>\n<p>Per un&#8217;esperienza indimenticabile, vi proponiamo diverse <span style=\"color: #1bc7bc;\"><strong>attivit\u00e0 interculturali ed escursioni<\/strong> <\/span>per i gruppi scolastici che vengono in<strong><span style=\"color: #1bc7bc;\"> soggiorno linguistico a Bordeaux.<\/span><\/strong><\/p>\n<p>Queste attivit\u00e0 permettono ai govani di mettere in pratica le proprie <strong><span style=\"color: #1bc7bc;\">competenze linguistiche e trasversali<\/span><\/strong>, e di scoprire nuovi formati <strong><span style=\"color: #1bc7bc;\">ludici ed interattivi<\/span><\/strong> per imparare e familiarizzarsi con le tematiche del soggiorno. Favoriamo gli<span style=\"color: #1bc7bc;\"><strong> incontri e gli scambi interculturali<\/strong><\/span> con ragazzi della stessa et\u00e0 della vostra classe.<\/p>\n<p>Rallye scoperta di Bordeaux, land art, geocaching, concorso fotografico, gioco di ruolo, vi proponiamo diverse attivit\u00e0 per un <strong><span style=\"color: #1bc7bc;\">programma su misura.<\/span><\/strong><\/p>\n<h4><span style=\"color: #1bc7bc;\"><strong>ESCURSIONI<\/strong><\/span><\/h4>\n<p><img decoding=\"async\" loading=\"lazy\" class=\"size-full wp-image-1976 alignleft\" src=\"http:\/\/associationodyssee.fr\/wp-content\/uploads\/2019\/04\/surfer_sur_la_cote_ouest-1.png\" alt=\"\" width=\"499\" height=\"81\" srcset=\"http:\/\/associationodyssee.fr\/wp-content\/uploads\/2019\/04\/surfer_sur_la_cote_ouest-1.png 499w, http:\/\/associationodyssee.fr\/wp-content\/uploads\/2019\/04\/surfer_sur_la_cote_ouest-1-300x49.png 300w\" sizes=\"(max-width: 499px) 100vw, 499px\" \/><\/p>\n<p>&nbsp;<\/p>\n<p>&nbsp;<\/p>\n<p><span style=\"color: #6464ad;\"><strong><img decoding=\"async\" loading=\"lazy\" class=\"size-full wp-image-1988 aligncenter\" src=\"http:\/\/associationodyssee.fr\/wp-content\/uploads\/2019\/04\/SURF2.png\" alt=\"\" width=\"1200\" height=\"500\" srcset=\"http:\/\/associationodyssee.fr\/wp-content\/uploads\/2019\/04\/SURF2.png 1200w, http:\/\/associationodyssee.fr\/wp-content\/uploads\/2019\/04\/SURF2-300x125.png 300w, http:\/\/associationodyssee.fr\/wp-content\/uploads\/2019\/04\/SURF2-768x320.png 768w, http:\/\/associationodyssee.fr\/wp-content\/uploads\/2019\/04\/SURF2-1024x427.png 1024w\" sizes=\"(max-width: 1200px) 100vw, 1200px\" \/><\/strong><span style=\"color: #333333;\">Il <strong><span style=\"color: #6d7eb3;\">surf<\/span><\/strong>&#8230; attivit\u00e0 imprescindibile della costa Ovest ! Sperimentate <strong><span style=\"color: #6d7eb3;\">nuove sensazioni <\/span><\/strong>sulle onde !<\/span><strong><br \/>\n<\/strong><\/span><\/p>\n<p>\u25b8 Periodo consigliato : <strong><span style=\"color: #6d7eb3;\">maggio a settembre<\/span><\/strong><\/p>\n<p>\u25b8 Escursione <strong><span style=\"color: #6d7eb3;\">giornata intera o met\u00e0 giornata con iniziazione surf<\/span><span style=\"color: #5fad91;\"><br \/>\n<\/span><\/strong><\/p>\n<p>\u25b8 Scoperta<span style=\"color: #5fad91;\"><strong><span style=\"color: #6d7eb3;\"> fauna &amp; flora locale<\/span><\/strong><br \/>\n<\/span><\/p>\n<p>\u25b8 Adattato a <strong><span style=\"color: #6d7eb3;\">tutti i livelli<\/span><\/strong><\/p>\n<p><img decoding=\"async\" loading=\"lazy\" class=\"size-full wp-image-1986 alignleft\" src=\"http:\/\/associationodyssee.fr\/wp-content\/uploads\/2019\/04\/Capture_bassin_arcachon-1.png\" alt=\"\" width=\"779\" height=\"111\" srcset=\"http:\/\/associationodyssee.fr\/wp-content\/uploads\/2019\/04\/Capture_bassin_arcachon-1.png 779w, http:\/\/associationodyssee.fr\/wp-content\/uploads\/2019\/04\/Capture_bassin_arcachon-1-300x43.png 300w, http:\/\/associationodyssee.fr\/wp-content\/uploads\/2019\/04\/Capture_bassin_arcachon-1-768x109.png 768w\" sizes=\"(max-width: 779px) 100vw, 779px\" \/><\/p>\n<p>&nbsp;<\/p>\n<p>&nbsp;<\/p>\n<p>&nbsp;<\/p>\n<p><img decoding=\"async\" loading=\"lazy\" class=\"size-full wp-image-1989 aligncenter\" src=\"http:\/\/associationodyssee.fr\/wp-content\/uploads\/2019\/04\/D\u00e9couverte-du-Bassin-dArcachon.png\" alt=\"\" width=\"1200\" height=\"500\" srcset=\"http:\/\/associationodyssee.fr\/wp-content\/uploads\/2019\/04\/D\u00e9couverte-du-Bassin-dArcachon.png 1200w, http:\/\/associationodyssee.fr\/wp-content\/uploads\/2019\/04\/D\u00e9couverte-du-Bassin-dArcachon-300x125.png 300w, http:\/\/associationodyssee.fr\/wp-content\/uploads\/2019\/04\/D\u00e9couverte-du-Bassin-dArcachon-768x320.png 768w, http:\/\/associationodyssee.fr\/wp-content\/uploads\/2019\/04\/D\u00e9couverte-du-Bassin-dArcachon-1024x427.png 1024w\" sizes=\"(max-width: 1200px) 100vw, 1200px\" \/><\/p>\n<p>Vicino a Bordeaux, il bacino di Arcachon vi offrir\u00e0 una <strong><span style=\"color: #5689b3;\">ventata d&#8217;aria fresca <\/span><\/strong>!<\/p>\n<p>Osservate l&#8217;architettura specifica delle case della &#8220;Ville d&#8217;hiver&#8221;, scoprite le <strong><span style=\"color: #5689b3;\">capanne dei pescatori<\/span><\/strong>, le <strong><span style=\"color: #5689b3;\">&#8220;cabanes tchanqu\u00e9es&#8221;,<\/span><\/strong> e assagiate le <span style=\"color: #5689b3;\"><strong>ostriche locali <\/strong><\/span>!<\/p>\n<p>\u25b8 Periodo consigliato : <span style=\"color: #5689b3;\"><strong>maggio a settembre<\/strong><\/span><\/p>\n<p>\u25b8Escursione <span style=\"color: #5689b3;\"><strong>giornata o met\u00e0 giornata<\/strong><\/span><\/p>\n<p>\u25b8 Possibilit\u00e0 <span style=\"color: #5689b3;\"><strong>escursione in nave<\/strong><\/span><\/p>\n<p>&nbsp;<\/p>\n<p><img decoding=\"async\" loading=\"lazy\" class=\"size-full wp-image-1993 alignleft\" src=\"http:\/\/associationodyssee.fr\/wp-content\/uploads\/2019\/04\/Capture_pilat.png\" alt=\"\" width=\"685\" height=\"88\" srcset=\"http:\/\/associationodyssee.fr\/wp-content\/uploads\/2019\/04\/Capture_pilat.png 685w, http:\/\/associationodyssee.fr\/wp-content\/uploads\/2019\/04\/Capture_pilat-300x39.png 300w\" sizes=\"(max-width: 685px) 100vw, 685px\" \/><\/p>\n<p><img decoding=\"async\" loading=\"lazy\" class=\"size-full wp-image-2009 aligncenter\" src=\"http:\/\/associationodyssee.fr\/wp-content\/uploads\/2019\/04\/Excursion-\u00e0-la-Dune-du-Pilat3-1.png\" alt=\"\" width=\"1200\" height=\"500\" srcset=\"http:\/\/associationodyssee.fr\/wp-content\/uploads\/2019\/04\/Excursion-\u00e0-la-Dune-du-Pilat3-1.png 1200w, http:\/\/associationodyssee.fr\/wp-content\/uploads\/2019\/04\/Excursion-\u00e0-la-Dune-du-Pilat3-1-300x125.png 300w, http:\/\/associationodyssee.fr\/wp-content\/uploads\/2019\/04\/Excursion-\u00e0-la-Dune-du-Pilat3-1-768x320.png 768w, http:\/\/associationodyssee.fr\/wp-content\/uploads\/2019\/04\/Excursion-\u00e0-la-Dune-du-Pilat3-1-1024x427.png 1024w\" sizes=\"(max-width: 1200px) 100vw, 1200px\" \/><\/p>\n<p>La<span style=\"color: #e6b36c;\"><strong> Dune di Pilat<\/strong><\/span> cos&#8217;\u00e8 ?\u00a0 <strong><span style=\"color: #e6b36c;\">109 metri d&#8217;altezza<\/span>,<\/strong> <strong><span style=\"color: #e6b36c;\">2 millioni di visitori<\/span> <span style=\"color: #e6b36c;\">ogni anno<\/span><\/strong>, <strong><span style=\"color: #e6b36c;\">506 ettari, tra foreste delle Landes de Gascogne et Oceano Atlantico<\/span><\/strong><span style=\"color: #e6b36c;\">&#8230;<\/span> paesaggi fantastici !<\/p>\n<p>\u25b8Periodo consigliato : <strong><span style=\"color: #e6b36c;\">maggio a settembre <\/span><br \/>\n<\/strong><\/p>\n<p>\u25b8Escursione<strong><span style=\"color: #e6b36c;\"> giornata o met\u00e0 giornata<\/span><br \/>\n<\/strong><\/p>\n<p>\u25b8Possibilit\u00e0 di combinare con l&#8217;escursione Arcachon<\/p>\n<p><img decoding=\"async\" loading=\"lazy\" class=\"alignleft size-full wp-image-2005\" src=\"http:\/\/associationodyssee.fr\/wp-content\/uploads\/2019\/04\/Capture_saint-emilion.png\" alt=\"\" width=\"557\" height=\"97\" srcset=\"http:\/\/associationodyssee.fr\/wp-content\/uploads\/2019\/04\/Capture_saint-emilion.png 557w, http:\/\/associationodyssee.fr\/wp-content\/uploads\/2019\/04\/Capture_saint-emilion-300x52.png 300w\" sizes=\"(max-width: 557px) 100vw, 557px\" \/><\/p>\n<p><img decoding=\"async\" loading=\"lazy\" class=\"size-full wp-image-2006 aligncenter\" src=\"http:\/\/associationodyssee.fr\/wp-content\/uploads\/2019\/04\/St-Emilion.png\" alt=\"\" width=\"1200\" height=\"500\" srcset=\"http:\/\/associationodyssee.fr\/wp-content\/uploads\/2019\/04\/St-Emilion.png 1200w, http:\/\/associationodyssee.fr\/wp-content\/uploads\/2019\/04\/St-Emilion-300x125.png 300w, http:\/\/associationodyssee.fr\/wp-content\/uploads\/2019\/04\/St-Emilion-768x320.png 768w, http:\/\/associationodyssee.fr\/wp-content\/uploads\/2019\/04\/St-Emilion-1024x427.png 1024w\" sizes=\"(max-width: 1200px) 100vw, 1200px\" \/><span style=\"color: #993300;\"><strong>Saint-Emilion<\/strong><\/span> \u00e8 conosciuta nel mondo intero per i suoi vini eccezionali &#8230; \u00c8, del resto, il <strong><span style=\"color: #993300;\">primo vigneto nel mondo classificato al Patrimonio Mondiale dell&#8217;Umanit\u00e0 dall&#8217;UNESCO<\/span><\/strong> ! Ma oltre al patrimonio naturale, conoscete la citt\u00e0 e su patrimonio storico e architettonico ? Durante una giornata, andate alla scoperta della citt\u00e0 medievale e dei suoi monumenti sotterranei !<\/p>\n<p>\u25b8Periodo consigliato : <strong><span style=\"color: #993300;\">maggio a settembre<\/span><br \/>\n<\/strong><\/p>\n<p>\u25b8Escursione<strong><span style=\"color: #993300;\"> giornata o met\u00e0 giornata<\/span><br \/>\n<\/strong><\/p>\n<p><em><strong>Il consumo eccessivo d&#8217;alcol nuoce alla salute. Consumare con moderazione.<br \/>\n<\/strong><\/em><\/p>","protected":false},"excerpt":{"rendered":"<p>ATTIVIT\u00c0 INTERCULTURALI Per un&#8217;esperienza indimenticabile, vi proponiamo diverse attivit\u00e0 interculturali ed escursioni per i gruppi scolastici che vengono in soggiorno linguistico a Bordeaux. Queste attivit\u00e0 permettono ai govani di mettere in pratica le proprie competenze linguistiche e trasversali, e di scoprire nuovi formati ludici ed interattivi per imparare e familiarizzarsi con le tematiche del soggiorno. [&hellip;]<\/p>\n","protected":false},"author":1,"featured_media":2101,"parent":668,"menu_order":2,"comment_status":"closed","ping_status":"closed","template":"","meta":[],"_links":{"self":[{"href":"http:\/\/associationodyssee.fr\/it\/wp-json\/wp\/v2\/pages\/1973"}],"collection":[{"href":"http:\/\/associationodyssee.fr\/it\/wp-json\/wp\/v2\/pages"}],"about":[{"href":"http:\/\/associationodyssee.fr\/it\/wp-json\/wp\/v2\/types\/page"}],"author":[{"embeddable":true,"href":"http:\/\/associationodyssee.fr\/it\/wp-json\/wp\/v2\/users\/1"}],"replies":[{"embeddable":true,"href":"http:\/\/associationodyssee.fr\/it\/wp-json\/wp\/v2\/comments?post=1973"}],"version-history":[{"count":22,"href":"http:\/\/associationodyssee.fr\/it\/wp-json\/wp\/v2\/pages\/1973\/revisions"}],"predecessor-version":[{"id":2591,"href":"http:\/\/associationodyssee.fr\/it\/wp-json\/wp\/v2\/pages\/1973\/revisions\/2591"}],"up":[{"embeddable":true,"href":"http:\/\/associationodyssee.fr\/it\/wp-json\/wp\/v2\/pages\/668"}],"wp:featuredmedia":[{"embeddable":true,"href":"http:\/\/associationodyssee.fr\/it\/wp-json\/wp\/v2\/media\/2101"}],"wp:attachment":[{"href":"http:\/\/associationodyssee.fr\/it\/wp-json\/wp\/v2\/media?parent=1973"}],"curies":[{"name":"wp","href":"https:\/\/api.w.org\/{rel}","templated":true}]}}