{"id":2592,"date":"2019-10-23T16:18:18","date_gmt":"2019-10-23T15:18:18","guid":{"rendered":"http:\/\/associationodyssee.fr\/?page_id=2592"},"modified":"2019-10-30T10:58:08","modified_gmt":"2019-10-30T09:58:08","slug":"sejours-et-visites-detude","status":"publish","type":"page","link":"http:\/\/associationodyssee.fr\/es\/nos-sejours-linguistiques-et-culturels\/sejours-et-visites-detude\/","title":{"rendered":"(Fran\u00e7ais) S\u00e9jours et visites d&#8217;\u00e9tude"},"content":{"rendered":"<p class=\"qtranxs-available-languages-message qtranxs-available-languages-message-es\">Disculpa, pero esta entrada est\u00e1 disponible s\u00f3lo en <a href=\"http:\/\/associationodyssee.fr\/fr\/wp-json\/wp\/v2\/pages\/2592\" class=\"qtranxs-available-language-link qtranxs-available-language-link-fr\" title=\"Fran\u00e7ais\">Franc\u00e9s<\/a>, <a href=\"http:\/\/associationodyssee.fr\/en\/wp-json\/wp\/v2\/pages\/2592\" class=\"qtranxs-available-language-link qtranxs-available-language-link-en\" title=\"English\">Ingl\u00e9s Estadounidense<\/a> y <a href=\"http:\/\/associationodyssee.fr\/it\/wp-json\/wp\/v2\/pages\/2592\" class=\"qtranxs-available-language-link qtranxs-available-language-link-it\" title=\"Italiano\">Italiano<\/a>. For the sake of viewer convenience, the content is shown below in this site default language. You may click one of the links to switch the site language to another available language.<\/p><p><\/p>\n<h4><span style=\"color: #1bc7bc;\">S\u00e9jours et visites d&#8217;\u00e9tude<\/span><\/h4>\n<p style=\"text-align: justify;\">Nous proposons \u00e9galement des <span style=\"color: #1bc7bc;\"><strong>s\u00e9jours d&#8217;\u00e9tude<\/strong><\/span> adapt\u00e9s aux <span style=\"color: #1bc7bc;\"><strong>th\u00e9matiques d\u00e9finies<\/strong> <\/span>par les \u00e9tablissements scolaires.<\/p>\n<p style=\"text-align: justify;\">Les s\u00e9jours d&#8217;\u00e9tudes consistent en des visites de structures locales, des interventions d&#8217;experts de la th\u00e9matique, des pr\u00e9sentations ou expos\u00e9s, des recherches effectu\u00e9es par les \u00e9l\u00e8ves&#8230; Notre r\u00e9seau de <span style=\"color: #1bc7bc;\"><strong>partenaires locaux<\/strong><\/span> nous permet de r\u00e9aliser des <strong><span style=\"color: #1bc7bc;\">programmes sur-mesure<\/span><\/strong> et<strong><span style=\"color: #1bc7bc;\"> adapt\u00e9s aux demandes<\/span><\/strong> des \u00e9tablissements.<\/p>\n<p><strong><span style=\"color: #1bc7bc;\">Zoom : s\u00e9jour d&#8217;\u00e9tude \u00abViolence et Sport\u00bb<\/span><\/strong><\/p>\n<p style=\"text-align: justify;\">A titre d&#8217;exemple, Odyss\u00e9e a organis\u00e9 un s\u00e9jour d&#8217;\u00e9tude en juin 2019 au sujet de la violence dans le milieu sportif avec une classe de 15 \u00e9l\u00e8ves italiens. Ils ont pu d\u00e9couvrir la <strong>th\u00e9matique de la violence dans le sport<\/strong> \u00e0 travers plusieurs aspects, tels que les clich\u00e9s dans le sport, le sport comme vecteur de coh\u00e9sion sociale, l\u2019\u00e9thique et les valeurs du sport, la question de l\u2019arbitrage\u2026 La s\u00e9curit\u00e9 des \u00e9quipements sportifs a aussi \u00e9t\u00e9 abord\u00e9e.<\/p>\n<p><\/p>","protected":false},"excerpt":{"rendered":"<p>Disculpa, pero esta entrada est\u00e1 disponible s\u00f3lo en Franc\u00e9s, Ingl\u00e9s Estadounidense y Italiano. For the sake of viewer convenience, the content is shown below in this site default language. You may click one of the links to switch the site language to another available language. S\u00e9jours et visites d&#8217;\u00e9tude Nous proposons \u00e9galement des s\u00e9jours d&#8217;\u00e9tude [&hellip;]<\/p>\n","protected":false},"author":1,"featured_media":2099,"parent":668,"menu_order":3,"comment_status":"closed","ping_status":"closed","template":"","meta":[],"_links":{"self":[{"href":"http:\/\/associationodyssee.fr\/es\/wp-json\/wp\/v2\/pages\/2592"}],"collection":[{"href":"http:\/\/associationodyssee.fr\/es\/wp-json\/wp\/v2\/pages"}],"about":[{"href":"http:\/\/associationodyssee.fr\/es\/wp-json\/wp\/v2\/types\/page"}],"author":[{"embeddable":true,"href":"http:\/\/associationodyssee.fr\/es\/wp-json\/wp\/v2\/users\/1"}],"replies":[{"embeddable":true,"href":"http:\/\/associationodyssee.fr\/es\/wp-json\/wp\/v2\/comments?post=2592"}],"version-history":[{"count":4,"href":"http:\/\/associationodyssee.fr\/es\/wp-json\/wp\/v2\/pages\/2592\/revisions"}],"predecessor-version":[{"id":2621,"href":"http:\/\/associationodyssee.fr\/es\/wp-json\/wp\/v2\/pages\/2592\/revisions\/2621"}],"up":[{"embeddable":true,"href":"http:\/\/associationodyssee.fr\/es\/wp-json\/wp\/v2\/pages\/668"}],"wp:featuredmedia":[{"embeddable":true,"href":"http:\/\/associationodyssee.fr\/es\/wp-json\/wp\/v2\/media\/2099"}],"wp:attachment":[{"href":"http:\/\/associationodyssee.fr\/es\/wp-json\/wp\/v2\/media?parent=2592"}],"curies":[{"name":"wp","href":"https:\/\/api.w.org\/{rel}","templated":true}]}}