{"id":2426,"date":"2019-10-22T14:02:06","date_gmt":"2019-10-22T13:02:06","guid":{"rendered":"http:\/\/associationodyssee.fr\/?page_id=2426"},"modified":"2020-10-05T15:16:45","modified_gmt":"2020-10-05T14:16:45","slug":"activites-interculturelles-odyssee","status":"publish","type":"page","link":"http:\/\/associationodyssee.fr\/es\/les-activites\/activites-interculturelles-odyssee\/","title":{"rendered":"(Fran\u00e7ais) Activit\u00e9s interculturelles"},"content":{"rendered":"<p class=\"qtranxs-available-languages-message qtranxs-available-languages-message-es\">Disculpa, pero esta entrada est\u00e1 disponible s\u00f3lo en <a href=\"http:\/\/associationodyssee.fr\/fr\/wp-json\/wp\/v2\/pages\/2426\" class=\"qtranxs-available-language-link qtranxs-available-language-link-fr\" title=\"Fran\u00e7ais\">Franc\u00e9s<\/a>, <a href=\"http:\/\/associationodyssee.fr\/en\/wp-json\/wp\/v2\/pages\/2426\" class=\"qtranxs-available-language-link qtranxs-available-language-link-en\" title=\"English\">Ingl\u00e9s Estadounidense<\/a>, <a href=\"http:\/\/associationodyssee.fr\/it\/wp-json\/wp\/v2\/pages\/2426\" class=\"qtranxs-available-language-link qtranxs-available-language-link-it\" title=\"Italiano\">Italiano<\/a> y <a href=\"http:\/\/associationodyssee.fr\/de\/wp-json\/wp\/v2\/pages\/2426\" class=\"qtranxs-available-language-link qtranxs-available-language-link-de\" title=\"Deutsch\">Alem\u00e1n<\/a>. For the sake of viewer convenience, the content is shown below in this site default language. You may click one of the links to switch the site language to another available language.<\/p><p><\/p>\n<p style=\"text-align: right;\"><span style=\"color: #1bc7bc;\"><strong><em>\u00ab\u00a0A la rencontre de l\u2019autre et de soi \u00bb <\/em><\/strong><\/span><\/p>\n<h5><span style=\"color: #1bc7bc;\">Favoriser la d\u00e9couverte et l&#8217;apprentissage interculturel<\/span><\/h5>\n<p style=\"text-align: justify;\"><img decoding=\"async\" loading=\"lazy\" class=\"wp-image-2427 alignright\" src=\"http:\/\/associationodyssee.fr\/wp-content\/uploads\/2019\/10\/activit\u00e9s-interculturelles.png\" alt=\"activit\u00e9s interculturelles association odyss\u00e9e jeunesse\" width=\"355\" height=\"252\" srcset=\"http:\/\/associationodyssee.fr\/wp-content\/uploads\/2019\/10\/activit\u00e9s-interculturelles.png 559w, http:\/\/associationodyssee.fr\/wp-content\/uploads\/2019\/10\/activit\u00e9s-interculturelles-300x213.png 300w\" sizes=\"(max-width: 355px) 100vw, 355px\" \/>Nous donnons la possibilit\u00e9 aux jeunes habitants bordelais et aux jeunes en mobilit\u00e9 europ\u00e9enne ou internationale \u00e0 Bordeaux de se rencontrer, d\u2019\u00e9changer et de s\u2019enrichir de leurs exp\u00e9riences mutuelles au travers d&#8217;activit\u00e9s interculturelles.<\/p>\n<p style=\"text-align: justify;\">Pour cela, l\u2019association propose des activit\u00e9s en tant qu&#8217;interm\u00e9diaire entre les organismes bordelais d\u2019accueil de jeunes europ\u00e9ens ou internationaux et les associations ou institutions locales en relation avec les jeunes bordelais.<\/p>\n<p style=\"text-align: justify;\">Plusieurs activit\u00e9s contribuent \u00e0 l\u2019engagement et \u00e0 la participation des jeunes dans les enjeux soci\u00e9taux, \u00e0 renforcer leur ouverture, leur d\u00e9couverte de la diversit\u00e9 et leur apprentissage interculturel et \u00e0 d\u00e9velopper leur citoyennet\u00e9 europ\u00e9enne et mondiale.<\/p>\n<h5><span style=\"color: #1bc7bc;\">Notre catalogue d&#8217;activit\u00e9s interculturelles<\/span><\/h5>\n<p style=\"text-align: justify;\">Un catalogue d&#8217;activit\u00e9s interculturelles a \u00e9t\u00e9 cr\u00e9\u00e9 pour permettre \u00e0 des jeunes du monde entier et des jeunes de Bordeaux de rentrer en contact, gr\u00e2ce \u00e0 des animations culturelles, sportives, interculturelles etc. Nous voulons permettre aux jeunes de :<\/p>\n<ul>\n<li style=\"text-align: justify;\">D\u00e9couvrir d&#8217;autres cultures et <span style=\"color: #1bc7bc;\"><strong>s\u2019ouvrir \u00e0 d\u2019autres horizons<\/strong><\/span><\/li>\n<li style=\"text-align: justify;\">Red\u00e9couvrir Bordeaux <span style=\"color: #1bc7bc;\"><strong>ensemble<\/strong><\/span><span class=\"text_exposed_show\"> tout en partageant des moments fun<br \/>\n<\/span><\/li>\n<li style=\"text-align: justify;\"><span class=\"text_exposed_show\">Vivre de nouvelles exp\u00e9riences d&#8217;<span style=\"color: #1bc7bc;\"><strong>apprentissage interculturel<\/strong><\/span> et faire de nouvelles rencontres<\/span><\/li>\n<\/ul>\n<p>&nbsp;<\/p>\n<p><img decoding=\"async\" loading=\"lazy\" class=\"wp-image-2428 aligncenter\" src=\"http:\/\/associationodyssee.fr\/wp-content\/uploads\/2019\/10\/activit\u00e9s-interculturelles-photo.png\" alt=\"activit\u00e9s interculturelles association odyss\u00e9e bordeaux interculturel jeunes jeunesse actions\" width=\"747\" height=\"420\" srcset=\"http:\/\/associationodyssee.fr\/wp-content\/uploads\/2019\/10\/activit\u00e9s-interculturelles-photo.png 1920w, http:\/\/associationodyssee.fr\/wp-content\/uploads\/2019\/10\/activit\u00e9s-interculturelles-photo-300x169.png 300w, http:\/\/associationodyssee.fr\/wp-content\/uploads\/2019\/10\/activit\u00e9s-interculturelles-photo-768x432.png 768w, http:\/\/associationodyssee.fr\/wp-content\/uploads\/2019\/10\/activit\u00e9s-interculturelles-photo-1024x576.png 1024w\" sizes=\"(max-width: 747px) 100vw, 747px\" \/><\/p>\n<p>&nbsp;<\/p>\n<p>Nous proposons <span style=\"color: #1bc7bc;\"> un<strong><span style=\"color: #33cccc;\"> <a style=\"color: #33cccc;\" href=\"http:\/\/associationodyssee.fr\/wp-content\/uploads\/2020\/10\/Catalogue-dactivit\u00e9s-interculturelles-tarifs-2020-2021_compressed.pdf\">Catalogue d&#8217;activit\u00e9s interculturelles 2020-2021<\/a> :<\/span><\/strong><\/span><\/p>\n<ul>\n<li>La Mosa\u00efque des Langues : \u00e0 la d\u00e9couverte de la richesse linguistique dans Bordeaux<\/li>\n<li>Le Speak-Meeting : des \u00e9changes en plusieurs langues \u00e0 un rythme effr\u00e9n\u00e9 !<\/li>\n<li>F\u00eates interculturelles : \u00e0 la d\u00e9couverte des traditions de fin d&#8217;ann\u00e9e dans le monde entier<\/li>\n<li>Bordeaux Citoyenne du Monde : les \u00e9l\u00e9ments interculturels et internationaux de Bordeaux<\/li>\n<li>Inter&#8217;Actions : plusieurs activit\u00e9s interculturelles au cours d&#8217;une demi-journ\u00e9e riche en \u00e9changes<\/li>\n<li>Le Tour du Monde : des partages d&#8217;exp\u00e9riences entre des participants venus d&#8217;ici et d&#8217;ailleurs<\/li>\n<\/ul>\n<p>Et bien d&#8217;autres activit\u00e9s interculturelles sont encore \u00e0 d\u00e9couvrir !<\/p>\n<p>&nbsp;<\/p>\n<h5><span style=\"color: #1bc7bc;\">Une d\u00e9marche partenariale<\/span><\/h5>\n<p style=\"text-align: justify;\">Nous inscrivons ces activit\u00e9s dans une d\u00e9marche partenariale qui permet de les proposer \u00e0 des jeunes europ\u00e9ens ou internationaux ainsi qu\u2019\u00e0 des jeunes de Bordeaux et de ses environs. Plusieurs associations et \u00e9tablissements nous ont fait confiance !<\/p>\n<p>&nbsp;<\/p>\n<p><img decoding=\"async\" loading=\"lazy\" class=\"wp-image-1715 alignleft\" src=\"http:\/\/associationodyssee.fr\/wp-content\/uploads\/2019\/01\/IMG-20190129-WA0003.jpg\" alt=\"s\u00e9jour linguistique soggiorno linguistico bordeaux bord'odyss\u00e9e france fran\u00e7ais cours lyc\u00e9e les menuts\" width=\"323\" height=\"242\" srcset=\"http:\/\/associationodyssee.fr\/wp-content\/uploads\/2019\/01\/IMG-20190129-WA0003.jpg 1600w, http:\/\/associationodyssee.fr\/wp-content\/uploads\/2019\/01\/IMG-20190129-WA0003-300x225.jpg 300w, http:\/\/associationodyssee.fr\/wp-content\/uploads\/2019\/01\/IMG-20190129-WA0003-768x576.jpg 768w, http:\/\/associationodyssee.fr\/wp-content\/uploads\/2019\/01\/IMG-20190129-WA0003-1024x768.jpg 1024w\" sizes=\"(max-width: 323px) 100vw, 323px\" \/><\/p>\n<p style=\"text-align: justify;\">Ils t\u00e9moignent :<\/p>\n<blockquote><p><em><strong>\u00ab Pour nos \u00e9l\u00e8ves, ce fut \u00e0 chaque fois l\u2019opportunit\u00e9 de rencontrer des jeunes europ\u00e9ens et d\u2019interagir de fa\u00e7on authentique en anglais. Mieux encore, ils ont pu, \u00e0 cette occasion, s\u2019ouvrir au monde et \u00e0 d\u2019autres cultures. Les adultes de l\u2019association ont, par leur enthousiasme, leur bouillonnement d\u2019id\u00e9es et leur \u00e9nergie, fait de chaque rencontre un rendez-vous humainement enrichissant. \u00bb<\/strong><\/em><\/p><\/blockquote>\n<p style=\"text-align: right;\"><span style=\"color: #1bc7bc;\"><strong>Aude CARLIER, Professeure d\u2019Anglais au Lyc\u00e9e Professionnel Les Menuts <\/strong><\/span><\/p>\n<p>&nbsp;<\/p>\n<p>&nbsp;<\/p>\n<blockquote><p><img decoding=\"async\" loading=\"lazy\" class=\"wp-image-231 alignright\" src=\"http:\/\/associationodyssee.fr\/wp-content\/uploads\/2017\/04\/Sel-ou-poivre.jpg\" alt=\"Europe, Association Odyss\u00e9e, Sel ou poivre, interculturel, jeunes, Bordeaux\" width=\"383\" height=\"215\" srcset=\"http:\/\/associationodyssee.fr\/wp-content\/uploads\/2017\/04\/Sel-ou-poivre.jpg 2560w, http:\/\/associationodyssee.fr\/wp-content\/uploads\/2017\/04\/Sel-ou-poivre-300x169.jpg 300w, http:\/\/associationodyssee.fr\/wp-content\/uploads\/2017\/04\/Sel-ou-poivre-768x432.jpg 768w, http:\/\/associationodyssee.fr\/wp-content\/uploads\/2017\/04\/Sel-ou-poivre-1024x576.jpg 1024w, http:\/\/associationodyssee.fr\/wp-content\/uploads\/2017\/04\/Sel-ou-poivre-533x300.jpg 533w\" sizes=\"(max-width: 383px) 100vw, 383px\" \/><\/p>\n<p><em><strong>\u00ab Nous avons pu courant de l\u2019ann\u00e9e 2017, dans le cadre du partenariat engag\u00e9 avec l\u2019association Odyss\u00e9e, permettre la rencontre de jeunes de cultures et pays diff\u00e9rents qui ont pu ensemble contribuer \u00e0 la r\u00e9alisation d\u2019actions aupr\u00e8s des enfants en particulier et vivre une v\u00e9ritable exp\u00e9rience de mixit\u00e9. \u00bb<\/strong> <\/em><\/p>\n<p>&nbsp;<\/p><\/blockquote>\n<p style=\"text-align: right;\"><span style=\"color: #1bc7bc;\"><strong>Eddy DURTESTE, Directeur de l\u2019association Urban Vibration School<\/strong><\/span><\/p>\n<p>&nbsp;<\/p>\n<p style=\"text-align: justify;\">Consultez la rubrique <span style=\"color: #1bc7bc;\"><a style=\"color: #1bc7bc;\" href=\"http:\/\/associationodyssee.fr\/category\/actualites\/\"><strong>ACTUS<\/strong><\/a> <\/span>pour d\u00e9couvrir les activit\u00e9s interculturelles en d\u00e9tails.<\/p>\n<p><\/p>","protected":false},"excerpt":{"rendered":"<p>Disculpa, pero esta entrada est\u00e1 disponible s\u00f3lo en Franc\u00e9s, Ingl\u00e9s Estadounidense, Italiano y Alem\u00e1n. For the sake of viewer convenience, the content is shown below in this site default language. You may click one of the links to switch the site language to another available language. \u00ab\u00a0A la rencontre de l\u2019autre et de soi \u00bb [&hellip;]<\/p>\n","protected":false},"author":1,"featured_media":1879,"parent":20,"menu_order":1,"comment_status":"closed","ping_status":"closed","template":"","meta":[],"_links":{"self":[{"href":"http:\/\/associationodyssee.fr\/es\/wp-json\/wp\/v2\/pages\/2426"}],"collection":[{"href":"http:\/\/associationodyssee.fr\/es\/wp-json\/wp\/v2\/pages"}],"about":[{"href":"http:\/\/associationodyssee.fr\/es\/wp-json\/wp\/v2\/types\/page"}],"author":[{"embeddable":true,"href":"http:\/\/associationodyssee.fr\/es\/wp-json\/wp\/v2\/users\/1"}],"replies":[{"embeddable":true,"href":"http:\/\/associationodyssee.fr\/es\/wp-json\/wp\/v2\/comments?post=2426"}],"version-history":[{"count":21,"href":"http:\/\/associationodyssee.fr\/es\/wp-json\/wp\/v2\/pages\/2426\/revisions"}],"predecessor-version":[{"id":3291,"href":"http:\/\/associationodyssee.fr\/es\/wp-json\/wp\/v2\/pages\/2426\/revisions\/3291"}],"up":[{"embeddable":true,"href":"http:\/\/associationodyssee.fr\/es\/wp-json\/wp\/v2\/pages\/20"}],"wp:featuredmedia":[{"embeddable":true,"href":"http:\/\/associationodyssee.fr\/es\/wp-json\/wp\/v2\/media\/1879"}],"wp:attachment":[{"href":"http:\/\/associationodyssee.fr\/es\/wp-json\/wp\/v2\/media?parent=2426"}],"curies":[{"name":"wp","href":"https:\/\/api.w.org\/{rel}","templated":true}]}}