{"id":20,"date":"2016-08-23T10:27:08","date_gmt":"2016-08-23T09:27:08","guid":{"rendered":"http:\/\/associationodyssee.fr\/?page_id=20"},"modified":"2020-03-26T10:01:28","modified_gmt":"2020-03-26T09:01:28","slug":"les-activites","status":"publish","type":"page","link":"http:\/\/associationodyssee.fr\/es\/les-activites\/","title":{"rendered":"(Fran\u00e7ais) Les activit\u00e9s"},"content":{"rendered":"<p class=\"qtranxs-available-languages-message qtranxs-available-languages-message-es\">Disculpa, pero esta entrada est\u00e1 disponible s\u00f3lo en <a href=\"http:\/\/associationodyssee.fr\/fr\/wp-json\/wp\/v2\/pages\/20\" class=\"qtranxs-available-language-link qtranxs-available-language-link-fr\" title=\"Fran\u00e7ais\">Franc\u00e9s<\/a>, <a href=\"http:\/\/associationodyssee.fr\/en\/wp-json\/wp\/v2\/pages\/20\" class=\"qtranxs-available-language-link qtranxs-available-language-link-en\" title=\"English\">Ingl\u00e9s Estadounidense<\/a>, <a href=\"http:\/\/associationodyssee.fr\/it\/wp-json\/wp\/v2\/pages\/20\" class=\"qtranxs-available-language-link qtranxs-available-language-link-it\" title=\"Italiano\">Italiano<\/a> y <a href=\"http:\/\/associationodyssee.fr\/de\/wp-json\/wp\/v2\/pages\/20\" class=\"qtranxs-available-language-link qtranxs-available-language-link-de\" title=\"Deutsch\">Alem\u00e1n<\/a>. For the sake of viewer convenience, the content is shown below in this site default language. You may click one of the links to switch the site language to another available language.<\/p><p><\/p>\n<p style=\"text-align: justify;\">Les membres de l\u2019Association Odyss\u00e9e sont convaincus que l\u2019exp\u00e9rimentation de la diversit\u00e9 culturelle, la pratique de langues \u00e9trang\u00e8res et la confrontation \u00e0 l\u2019alt\u00e9rit\u00e9 participent de la construction d\u2019un vivre ensemble, d\u2019une coh\u00e9sion et d\u2019une citoyennet\u00e9 du monde.<\/p>\n<p style=\"text-align: justify;\">Pour r\u00e9aliser les objectifs fix\u00e9s, les activit\u00e9s de l\u2019association sont pr\u00e9sent\u00e9es ici :<\/p>\n<p><span style=\"color: #33cccc;\"><strong>&#8211; <a style=\"color: #33cccc;\" href=\"http:\/\/associationodyssee.fr\/les-activites\/ateliers-daccompagnement-professionnel-job-to-stay\/\">Nos ateliers d&#8217;accompagnement Job to Stay<\/a><\/strong><\/span><\/p>\n<p><span style=\"color: #33cccc;\"><strong>&#8211; <a style=\"color: #33cccc;\" href=\"http:\/\/associationodyssee.fr\/les-activites\/activites-interculturelles-odyssee\/\">Nos activit\u00e9s interculturelles jeunesse<\/a><\/strong><\/span><\/p>\n<p><span style=\"color: #33cccc;\"><strong>&#8211; <a style=\"color: #33cccc;\" href=\"http:\/\/associationodyssee.fr\/les-activites\/cours-francais-animation-linguistique\/\">N<\/a><\/strong><a style=\"color: #33cccc;\" href=\"http:\/\/associationodyssee.fr\/les-activites\/cours-francais-animation-linguistique\/\">os cours et ateliers de fran\u00e7ais<\/a><\/span><\/p>\n<p><span style=\"color: #33cccc;\">&#8211; <\/span><a href=\"http:\/\/associationodyssee.fr\/les-activites\/nos-partenaires-locaux\/\"><span style=\"color: #33cccc;\">Nos partenariats locaux<\/span><\/a><\/p>\n<p style=\"text-align: justify;\"><span style=\"color: #ffffff;\">\u00a0<\/span><\/p>\n<p><\/p>","protected":false},"excerpt":{"rendered":"<p>Disculpa, pero esta entrada est\u00e1 disponible s\u00f3lo en Franc\u00e9s, Ingl\u00e9s Estadounidense, Italiano y Alem\u00e1n. For the sake of viewer convenience, the content is shown below in this site default language. You may click one of the links to switch the site language to another available language. Les membres de l\u2019Association Odyss\u00e9e sont convaincus que l\u2019exp\u00e9rimentation [&hellip;]<\/p>\n","protected":false},"author":1,"featured_media":2109,"parent":0,"menu_order":4,"comment_status":"closed","ping_status":"closed","template":"","meta":[],"_links":{"self":[{"href":"http:\/\/associationodyssee.fr\/es\/wp-json\/wp\/v2\/pages\/20"}],"collection":[{"href":"http:\/\/associationodyssee.fr\/es\/wp-json\/wp\/v2\/pages"}],"about":[{"href":"http:\/\/associationodyssee.fr\/es\/wp-json\/wp\/v2\/types\/page"}],"author":[{"embeddable":true,"href":"http:\/\/associationodyssee.fr\/es\/wp-json\/wp\/v2\/users\/1"}],"replies":[{"embeddable":true,"href":"http:\/\/associationodyssee.fr\/es\/wp-json\/wp\/v2\/comments?post=20"}],"version-history":[{"count":20,"href":"http:\/\/associationodyssee.fr\/es\/wp-json\/wp\/v2\/pages\/20\/revisions"}],"predecessor-version":[{"id":2948,"href":"http:\/\/associationodyssee.fr\/es\/wp-json\/wp\/v2\/pages\/20\/revisions\/2948"}],"wp:featuredmedia":[{"embeddable":true,"href":"http:\/\/associationodyssee.fr\/es\/wp-json\/wp\/v2\/media\/2109"}],"wp:attachment":[{"href":"http:\/\/associationodyssee.fr\/es\/wp-json\/wp\/v2\/media?parent=20"}],"curies":[{"name":"wp","href":"https:\/\/api.w.org\/{rel}","templated":true}]}}