{"id":2907,"date":"2020-03-03T13:17:48","date_gmt":"2020-03-03T12:17:48","guid":{"rendered":"http:\/\/associationodyssee.fr\/?page_id=2907"},"modified":"2020-10-05T13:57:24","modified_gmt":"2020-10-05T12:57:24","slug":"historique","status":"publish","type":"page","link":"http:\/\/associationodyssee.fr\/en\/l-association\/historique\/","title":{"rendered":"History"},"content":{"rendered":"<p><\/p>\n<h4><strong>A history of Odyss\u00e9e<br \/>\n<\/strong><\/h4>\n<p>Odyss\u00e9e introduces its history since its creation in 2015 until now.<\/p>\n<p><img decoding=\"async\" loading=\"lazy\" class=\" wp-image-3258\" src=\"http:\/\/associationodyssee.fr\/wp-content\/uploads\/2020\/10\/Texte-Historique-asso-odyss\u00e9e-anglais.jpg\" alt=\"association odyss\u00e9e bordeaux interculturalit\u00e9 jeunesse europe erasmus\" width=\"641\" height=\"906\" srcset=\"http:\/\/associationodyssee.fr\/wp-content\/uploads\/2020\/10\/Texte-Historique-asso-odyss\u00e9e-anglais.jpg 1414w, http:\/\/associationodyssee.fr\/wp-content\/uploads\/2020\/10\/Texte-Historique-asso-odyss\u00e9e-anglais-212x300.jpg 212w, http:\/\/associationodyssee.fr\/wp-content\/uploads\/2020\/10\/Texte-Historique-asso-odyss\u00e9e-anglais-724x1024.jpg 724w, http:\/\/associationodyssee.fr\/wp-content\/uploads\/2020\/10\/Texte-Historique-asso-odyss\u00e9e-anglais-768x1086.jpg 768w, http:\/\/associationodyssee.fr\/wp-content\/uploads\/2020\/10\/Texte-Historique-asso-odyss\u00e9e-anglais-1086x1536.jpg 1086w\" sizes=\"(max-width: 641px) 100vw, 641px\" \/><\/p>\n<h4><strong>The history in details<br \/>\n<\/strong><\/h4>\n<h5><strong>Odyss\u00e9e in 2015<br \/>\n<\/strong><\/h5>\n<p class=\"_5RYuEA direction-ltr align-justify para-style-body\"><span class=\"SS_gjA\">Created on the 23 December 2015 by Elisabeth Silva, president, Marl\u00e8ne S\u00e9v\u00e8re, secretary, and C\u00e9dric Monier, treasurer, and as specified in its statutes, Assosiation Odyss\u00e9e aims at:<\/span><\/p>\n<ul>\n<li><span class=\"SS_gjA\">Contributing to the commitment and participation of all, strengthening European citizenship and the emergence of \u201cworldwide citizens\u201d, by being a stakeholder for lifelong education and training and for intercultural exchanges and by promoting cooperation between local actors in the voluntary sector and the private sector;<\/span><\/li>\n<li><span class=\"SS_gjA\">Providing \u201creading keys\u201d for a better understanding of globalization, in order to understand the diversity and complexity of today\u2019s world and develop intercultural learning by promoting and implementing European and international exchanges and advising and accompanying projects in this dynamic;<\/span><\/li>\n<li><span class=\"SS_gjA\">Facilitating living and working together, by experiencing cultural diversity and practising foreign languages including French as a foreign language;<\/span><\/li>\n<li><span class=\"SS_gjA\">Valuing the local territories by providing activities to discover the culture and heritage.<\/span><\/li>\n<\/ul>\n<p class=\"_5RYuEA direction-ltr align-justify para-style-body\"><span class=\"SS_gjA\">The declaration was approved the 6 January 2016 in the Prefecture of Gironde and was published in the Official Journal on the 30 January 2016.<\/span><\/p>\n<p>&nbsp;<\/p>\n<h5><strong>Odyss\u00e9e in 2016<\/strong><\/h5>\n<p class=\"_5RYuEA direction-ltr align-justify para-style-body\"><span class=\"SS_gjA\">In 2016, Odyss\u00e9e was focused on developing various activities which allowed them to respond to their missions. The following directions were established:<\/span><\/p>\n<ul>\n<li><span class=\"SS_gjA\">Promote living and working together by proposing French language activities for young Europeans participating in a mobility programme in Bordeaux (123 young people participated in the activities, totalling 223 hours), and by organising language study trips (a trip was organised for two German participants);<\/span><\/li>\n<li><span class=\"SS_gjA\">Showcase Bordeaux and the Gironde region&#8217;s rich cultural heritage through accompanied visits for young people and adults (38 people);<\/span><\/li>\n<li><span class=\"SS_gjA\">Support intercultural exchanges and cooperation between European stakeholders by organising and setting up study visits for Italian and Polish professionals in Bordeaux (28 participants), by hosting intercultural activities with young locals and foreigners (22 people), and by developing local and European partnerships.<\/span><\/li>\n<\/ul>\n<p class=\"_5RYuEA direction-ltr align-justify para-style-body\"><span class=\"SS_gjA\">These activities were put into place thanks to the volunteer involvement of Odyss\u00e9e&#8217;s members who wished to give an important and necessary boost to the association&#8217;s permanence.<\/span><\/p>\n<p class=\"_5RYuEA direction-ltr align-justify para-style-body\"><span class=\"SS_gjA\">A single integration contract in the non-market\u00a0sector (CUI-CAE) was created, resulting in the training of a French as a Foreign Language instructor by Marilou Breda for two months and their later employment.<\/span><\/p>\n<p>&nbsp;<\/p>\n<h5><strong>Odyss\u00e9e in 2017<\/strong><\/h5>\n<p class=\"_5RYuEA direction-ltr align-justify para-style-body\"><span class=\"SS_gjA\">In 2017, the &#8220;intercultural activities&#8221; section was launched at a local level and partnerships were established. Ten intercultural activities were carried out in partnership with local partner structures, bringing together more than 90 young people from the Nouvelle Aquitaine region and 250 young Europeans and internationals to exchange views. All the activities carried out were from then on included in Odyss\u00e9e&#8217;s intercultural activity catalogue.<\/span><\/p>\n<p class=\"_5RYuEA direction-ltr align-justify para-style-body\"><span class=\"SS_gjA\">Engagement in European partnerships allowed the association to finance through the Erasmus+ programme a project for the mobility of youth workers (\u201cYouth Employment Toolbox\u201d) as well as to be a partner in different projects which were also funded by the Erasmus+ programme (\u201cJob to Stay\u201d about the socio-professional support of female refugees and &#8220;Inclusion and Integration&#8221; about exchanging experiences among experts in pre-school education, youth and social work).<\/span><\/p>\n<p class=\"_5RYuEA direction-ltr align-justify para-style-body\"><span class=\"SS_gjA\">The cultural and language activities (34 activities gathering together over 230 people) were continued. The decrease in language activities (57 young people, 98 hours) lead us to propose a new activity: the section &#8220;language study stays&#8221; was created, as part of an application for a seed grant for the initial financing of the project (Cap Amor\u00e7age, Aquitaine Active).<\/span><\/p>\n<p class=\"_5RYuEA direction-ltr align-justify para-style-body\"><span class=\"SS_gjA\">The Odyss\u00e9e team grew by welcoming a Serbian volunteer thanks to a local partnership, as well as European interns in Erasmus+ mobility. Odyss\u00e9e&#8217;s members (employee, unpaid helpers and volunteer) benefited from local training courses (on interculturalism with the association Elan Interculturel, internally on language animation through observation) and a training course on intercomprehension between romance languages carried out in the context of an Erasmus+ project (Elisabeth Silva and Marilou Breda).<\/span><\/p>\n<p>&nbsp;<\/p>\n<h5><strong>Odyss\u00e9e in 2018<\/strong><\/h5>\n<p class=\"_5RYuEA direction-ltr align-justify para-style-body\"><span class=\"SS_gjA\">In 2018, the language activities were continued (212 hours of training with 12 Swiss students), resulting in the employment of two French as a Foreign Language instructors and the internal training of volunteers. The &#8220;language study stays&#8221; section was particularly developed after the employment of Andr\u00e9a Cozon, made possible by the funding of the Cap Amor\u00e7age programme (Bord&#8217;Odyss\u00e9e project financed by the Nouvelle-Aquitaine region with the European Social Fund). This allowed us to carry out the first language study stay in December 2018 with 20 Italian students accompanied by two teachers by rallying host families and local partners for the intercultural activities.<\/span><\/p>\n<p class=\"_5RYuEA direction-ltr align-justify para-style-body\"><span class=\"SS_gjA\">The cultural activities were continued with 175 participants and six intercultural activities were carried out, allowing us to expand and update our catalogue while strengthening our local partnerships. The activity \u201cBordeaux Citoyenne du Monde\u201d, a city visit which highlights the cultural and linguistic diversity in Bordeaux, was tried out and awarded the Prize for Initiative by Bordeaux&#8217;s City Hall.<\/span><\/p>\n<p class=\"_5RYuEA direction-ltr align-justify para-style-body\"><span class=\"SS_gjA\">The European projects that were underway (\u201cJob to Stay\u201d and \u201cInclusion and Integration\u201d) were continued with the support of a local network of partners with structures engaged in aiding asylum seekers, refugees or beneficiaries of international protection, language instruction or adult training centres, or even associations promoting social links. Odyss\u00e9e presented a project to create a pedagogical escape game about intercultural learning and the battle against prejudice, in partnership with an English university and a Lithuanian social innovation centre, in order to obtain financing from the Erasmus+ programme.<\/span><\/p>\n<p>&nbsp;<\/p>\n<h5><strong>Odyss\u00e9e in 2019 and perspectives for 2020<br \/>\n<\/strong><\/h5>\n<p class=\"_5RYuEA direction-ltr align-justify para-style-body\"><span class=\"SS_gjA\">In 2019, a language themed study visit took place with 16 young Italians and three supervisors. A themed study visit was later organised with a class of 15 Italian high school students who came to learn about violence in the world of sport through professional from Nouvelle-Aquitaine. Today, the association is on hold with this section of their activity but remains able to respond to the requests of potential partners.<\/span><\/p>\n<p class=\"_5RYuEA direction-ltr align-justify para-style-body\"><span class=\"SS_gjA\">The intercultural activities (seven activities) were continued, mainly with the involvement of an Italian volunteer and an intern who were able to take part in the Odyss\u00e9e thinking process about the participation of young people and the partners&#8217; approach. The activity programme for 2020 was therefore created and was included in the programme of certain key annual events such as the week of modern languages, le Joli Mois de l&#8217;Europe (the Pretty Month of Europe), world language days, Francophonie Day, the European Day of Languages, Erasmus Days, etc.<\/span><\/p>\n<p class=\"_5RYuEA direction-ltr align-justify para-style-body\"><span class=\"SS_gjA\">The project \u201cJob to Stay\u201d ended in 2019 after the establishment of a reinforced support programme for women who are beneficiares of an international protection, which constituted a French course, professional workshops, a practical exercise in a professional environment, informal activities and individual monitoring. The project &#8220;Inclusion and Integration&#8221; was also finished after two years of exchanges of practices and hosting the European partners in Bordeaux.<\/span><\/p>\n<p class=\"_5RYuEA direction-ltr align-justify para-style-body\"><span class=\"SS_gjA\">Odyss\u00e9e was a partner in the \u201cINTERMOVE for trainers\u201d project, financed by the Erasmus+ programme, aimed at providing training for trainers on intercomprehension and interculturalism (the project focuses on four romance languages: French, Italian, Spanish, Portugal as well as English). Thanks to the solid experience and expertise of the European partners who conceived the &#8220;INTERMOVE&#8221; training course and tools, new Odyss\u00e9e members were trained in these approaches, activities and tools. From that moment, various Odyss\u00e9e members were trained internally and the activities were proposed to groups of young people. At the start of 2020, the project continued with the preparation of the first training session for mobility operators from Nouvelle-Aquitaine which will take place the 27 March and the 16 April, as part of the \u201cINTERMOVE for trainers project.\u00a0<\/span><\/p>\n<p class=\"_5RYuEA direction-ltr align-justify para-style-body\"><span class=\"SS_gjA\">The project \u201cEscape your stereotypes\u201d, aimed at creating a pedagogical escape game, started in 2019 via a meeting between partners and the creation of a method with a transferable conception for this type of game with an educational aim. In 2020 the project is continued through activities and the development of an escape game.<\/span><\/p>\n<p><\/p>","protected":false},"excerpt":{"rendered":"<p>A history of Odyss\u00e9e Odyss\u00e9e introduces its history since its creation in 2015 until now. The history in details Odyss\u00e9e in 2015 Created on the 23 December 2015 by Elisabeth Silva, president, Marl\u00e8ne S\u00e9v\u00e8re, secretary, and C\u00e9dric Monier, treasurer, and as specified in its statutes, Assosiation Odyss\u00e9e aims at: Contributing to the commitment and participation [&hellip;]<\/p>\n","protected":false},"author":1,"featured_media":0,"parent":16,"menu_order":2,"comment_status":"closed","ping_status":"closed","template":"","meta":[],"_links":{"self":[{"href":"http:\/\/associationodyssee.fr\/en\/wp-json\/wp\/v2\/pages\/2907"}],"collection":[{"href":"http:\/\/associationodyssee.fr\/en\/wp-json\/wp\/v2\/pages"}],"about":[{"href":"http:\/\/associationodyssee.fr\/en\/wp-json\/wp\/v2\/types\/page"}],"author":[{"embeddable":true,"href":"http:\/\/associationodyssee.fr\/en\/wp-json\/wp\/v2\/users\/1"}],"replies":[{"embeddable":true,"href":"http:\/\/associationodyssee.fr\/en\/wp-json\/wp\/v2\/comments?post=2907"}],"version-history":[{"count":7,"href":"http:\/\/associationodyssee.fr\/en\/wp-json\/wp\/v2\/pages\/2907\/revisions"}],"predecessor-version":[{"id":3259,"href":"http:\/\/associationodyssee.fr\/en\/wp-json\/wp\/v2\/pages\/2907\/revisions\/3259"}],"up":[{"embeddable":true,"href":"http:\/\/associationodyssee.fr\/en\/wp-json\/wp\/v2\/pages\/16"}],"wp:attachment":[{"href":"http:\/\/associationodyssee.fr\/en\/wp-json\/wp\/v2\/media?parent=2907"}],"curies":[{"name":"wp","href":"https:\/\/api.w.org\/{rel}","templated":true}]}}