{"id":2644,"date":"2019-10-30T12:46:35","date_gmt":"2019-10-30T11:46:35","guid":{"rendered":"http:\/\/associationodyssee.fr\/?page_id=2644"},"modified":"2022-02-14T18:22:16","modified_gmt":"2022-02-14T17:22:16","slug":"escape-your-stereotypes","status":"publish","type":"page","link":"http:\/\/associationodyssee.fr\/en\/projets-europeens\/escape-your-stereotypes\/","title":{"rendered":"Escape your Stereotypes"},"content":{"rendered":"<p><\/p>\n<p style=\"text-align: justify;\"><img decoding=\"async\" loading=\"lazy\" class=\"alignleft wp-image-3046\" src=\"http:\/\/associationodyssee.fr\/wp-content\/uploads\/2020\/04\/EN-ESY-LOGO-EUROPE.png\" alt=\" The goal of Escape your Stereotypes project is to create an educational escape game focused on interculturality and the fight against prejudices and stereotypes. Escape your Stereotypes project is supported by the Erasmus+ programme of the European Commission.\" width=\"211\" height=\"246\" srcset=\"http:\/\/associationodyssee.fr\/wp-content\/uploads\/2020\/04\/EN-ESY-LOGO-EUROPE.png 1062w, http:\/\/associationodyssee.fr\/wp-content\/uploads\/2020\/04\/EN-ESY-LOGO-EUROPE-257x300.png 257w, http:\/\/associationodyssee.fr\/wp-content\/uploads\/2020\/04\/EN-ESY-LOGO-EUROPE-877x1024.png 877w, http:\/\/associationodyssee.fr\/wp-content\/uploads\/2020\/04\/EN-ESY-LOGO-EUROPE-768x897.png 768w\" sizes=\"(max-width: 211px) 100vw, 211px\" \/>The goal of <strong>Escape your Stereotypes<\/strong> project is to create an educational escape game focused on interculturality and the fight against prejudices and stereotypes. <strong>Escape your Stereotypes<\/strong> project is supported by the Erasmus+ programme of the European Commission.<\/p>\n<h5 style=\"text-align: justify;\"><span style=\"color: #1bc7bc;\">Context<\/span><\/h5>\n<p><img decoding=\"async\" loading=\"lazy\" class=\"wp-image-2176 alignright\" src=\"http:\/\/associationodyssee.fr\/wp-content\/uploads\/2019\/10\/pic-travail.jpg\" alt=\"odyss\u00e9e escape game your seterotypes pr\u00e9jug\u00e9s interculturel europe erasmus jeunesse animation fun association odyss\u00e9e\" width=\"412\" height=\"309\" srcset=\"http:\/\/associationodyssee.fr\/wp-content\/uploads\/2019\/10\/pic-travail.jpg 960w, http:\/\/associationodyssee.fr\/wp-content\/uploads\/2019\/10\/pic-travail-300x225.jpg 300w, http:\/\/associationodyssee.fr\/wp-content\/uploads\/2019\/10\/pic-travail-768x576.jpg 768w\" sizes=\"(max-width: 412px) 100vw, 412px\" \/><\/p>\n<p style=\"text-align: justify;\">In a context of rising nationalisms in Europe (Brexit, euroscepticism etc.), our project wishes to work on the rapprochement of cultures in order to help the construction of a Europe which is not only economical and political, but also with a human dimension. In our view, intercultural learning can not be taught, it should be something that someone experiences. Indeed, it is by encountering and exchanging with the other that we become aware of a stereotype and that we can learn to know and understand each other, to break down stereotypes and prejudices. In order to offer adequate intercultural learning support, we are convinced that it should be based on the principle of &#8220;Learning by doing\u201d in a playful way. That&#8217;s why we chose the escape game as support to achieve our goal.<\/p>\n<h5><span style=\"color: #1bc7bc;\">Target groups of Escape your Stereotypes<br \/>\n<\/span><\/h5>\n<p style=\"text-align: justify;\">The target groups are:<\/p>\n<p style=\"text-align: justify;\">&#8211; Young people in general: volunteers, students, trainees, apprentices, pupils, learners, but also young people with fewer opportunities, NEETs (through partnerships at a local level with associated partners)<\/p>\n<p>&#8211; Organisations working with young people in various contexts: school, informal learning etc. at a local level<\/p>\n<p>&#8211; Youth workers, staff active in education, training: partnerships set up with local structures will reach both young people and their tutors.<\/p>\n<h5 style=\"text-align: justify;\"><span style=\"color: #1bc7bc;\">Project&#8217;s outcomes<\/span><\/h5>\n<p style=\"text-align: justify;\">Considering the context, the identified outcomes of <strong>Escape your Stereotypes<\/strong> are the following:<\/p>\n<p>&#8211; acquire knowledge about each other,<\/p>\n<p>&#8211; be aware of erroneous beliefs and stereotypes,<\/p>\n<p>&#8211; overcome the anxieties towards the other,<\/p>\n<p>&#8211; reduce the feeling that the other is a threat,<\/p>\n<p>&#8211; change a vision of the other,<\/p>\n<p>&#8211; unit people around a common goal.<\/p>\n<p><img decoding=\"async\" loading=\"lazy\" class=\"wp-image-2178 alignleft\" src=\"http:\/\/associationodyssee.fr\/wp-content\/uploads\/2019\/10\/pic-tout-le-groupe.jpg\" alt=\"odyssodyss\u00e9e escape game your seterotypes pr\u00e9jug\u00e9s interculturel europe erasmus jeunesse animation fun association odyss\u00e9e\u00e9e escape game your seterotypes pr\u00e9jug\u00e9s interculturel europe erasmus jeunesse animation fun association odyss\u00e9e\" width=\"465\" height=\"349\" srcset=\"http:\/\/associationodyssee.fr\/wp-content\/uploads\/2019\/10\/pic-tout-le-groupe.jpg 960w, http:\/\/associationodyssee.fr\/wp-content\/uploads\/2019\/10\/pic-tout-le-groupe-300x225.jpg 300w, http:\/\/associationodyssee.fr\/wp-content\/uploads\/2019\/10\/pic-tout-le-groupe-768x576.jpg 768w\" sizes=\"(max-width: 465px) 100vw, 465px\" \/><\/p>\n<h5><span style=\"color: #1bc7bc;\">Partnership<\/span><\/h5>\n<p style=\"text-align: justify;\">In order to carry out this project, 3 partners with different fields of expertise are committed into <strong>Escape your Stereotypes<\/strong>:<\/p>\n<p style=\"text-align: justify;\"><span style=\"color: #33cccc;\"><strong>Association Odyss\u00e9e<\/strong><\/span> is an association involved in the fight against stereotypes and prejudices with some years of experience in the management of KA1 and KA2 European projects and in setting up activities aimed at intercultural learning;<\/p>\n<p style=\"text-align: justify;\"><a href=\"https:\/\/www.leedstrinity.ac.uk\/\"><span style=\"color: #33cccc;\"><strong>Leeds Trinity University<\/strong><\/span><\/a> is a university involved in European programmes which developed pedagogical escape games and has available resources about the communication management of a project;<\/p>\n<p style=\"text-align: justify;\"><a href=\"http:\/\/kuryboslab.lt\/\"><strong><span style=\"color: #33cccc;\">Kuryboslab<\/span><\/strong> <\/a>is an association with an expertise on the building of educational escape games for young people and youth workers as a tool to develop social, personal and other competences in a non-formal context and with experience in the management of European projects.<\/p>\n<h5><span style=\"color: #1bc7bc;\">Methodology and activities<\/span><\/h5>\n<p style=\"text-align: justify;\">In order to achieve our goal, we will implement the following methodology and activities:<\/p>\n<p style=\"text-align: justify;\">&#8211; Propose a methodology and make it validate by experts (Escape Roomers Community) and a Youth Committee Board. Discover the methodology in <a href=\"http:\/\/associationodyssee.fr\/wp-content\/uploads\/2022\/02\/FRENCH-methodology-final-web-consultation1.pdf\">French<\/a>, <a href=\"http:\/\/associationodyssee.fr\/wp-content\/uploads\/2022\/02\/ENGLISH-methodology-final-web-consultation1.pdf\">English<\/a> and <a href=\"http:\/\/associationodyssee.fr\/wp-content\/uploads\/2022\/02\/LITHUANIAN-methodology-final-web-consultation.pdf\">Lithuanian<\/a>.<\/p>\n<p>&#8211; Collect content about interculturality\/stereotypes through focus groups with young people (30 young people from various nationalities) in order to get a common reference framework about stereotypes and prejudices and determine the pedagogical objectives of our escape game<\/p>\n<p>&#8211; Experiment the Escape Game with a total amount of min. 12 young participants and 3 youth workers in order to validate the final version<\/p>\n<p>&#8211; Launch the final version of the escape game (in\u00a0<a href=\"http:\/\/associationodyssee.fr\/wp-content\/uploads\/2022\/02\/FRENCH-Escape-Game-kit-final.pdf\" target=\"_blank\" rel=\"noopener noreferrer\">French<\/a>,\u00a0<a href=\"http:\/\/associationodyssee.fr\/wp-content\/uploads\/2022\/02\/ENGLISH-Escape-Game-kit-final.pdf\" target=\"_blank\" rel=\"noopener noreferrer\">English,<\/a> Lithuanian) during the multiplier events involving participants of the escape game experimentation (young people and\/or youth workers), local partners and local authorities representative.<\/p>\n<h5><span style=\"color: #1bc7bc;\">Our vision<\/span><\/h5>\n<p style=\"text-align: justify;\">We want our escape game and its methodology to be transferable to other organizations and their networks after the project\u2019s end to get more impact on a larger scale, therefore we will produce a methodology guideline and a ready-to-play Escape Game which will be freely accessible.<\/p>\n<p style=\"text-align: justify;\">We believe that <strong>Escape your Stereotypes<\/strong> can be a good mean to, little by little, at various scales and with various types of public, make people escape from their stereotypes, give them a new vision and make them learn about others and in that way contribute to build a more tolerant society.<\/p>\n<p><em>This project is supported by the Erasmus+ programme of the European Commission. This communication relies only with the view of its author and does not reflect the view of the European Commission. <\/em><\/p>","protected":false},"excerpt":{"rendered":"<p>The goal of Escape your Stereotypes project is to create an educational escape game focused on interculturality and the fight against prejudices and stereotypes. Escape your Stereotypes project is supported by the Erasmus+ programme of the European Commission. Context In a context of rising nationalisms in Europe (Brexit, euroscepticism etc.), our project wishes to work [&hellip;]<\/p>\n","protected":false},"author":1,"featured_media":2177,"parent":302,"menu_order":1,"comment_status":"closed","ping_status":"closed","template":"","meta":[],"_links":{"self":[{"href":"http:\/\/associationodyssee.fr\/en\/wp-json\/wp\/v2\/pages\/2644"}],"collection":[{"href":"http:\/\/associationodyssee.fr\/en\/wp-json\/wp\/v2\/pages"}],"about":[{"href":"http:\/\/associationodyssee.fr\/en\/wp-json\/wp\/v2\/types\/page"}],"author":[{"embeddable":true,"href":"http:\/\/associationodyssee.fr\/en\/wp-json\/wp\/v2\/users\/1"}],"replies":[{"embeddable":true,"href":"http:\/\/associationodyssee.fr\/en\/wp-json\/wp\/v2\/comments?post=2644"}],"version-history":[{"count":29,"href":"http:\/\/associationodyssee.fr\/en\/wp-json\/wp\/v2\/pages\/2644\/revisions"}],"predecessor-version":[{"id":3620,"href":"http:\/\/associationodyssee.fr\/en\/wp-json\/wp\/v2\/pages\/2644\/revisions\/3620"}],"up":[{"embeddable":true,"href":"http:\/\/associationodyssee.fr\/en\/wp-json\/wp\/v2\/pages\/302"}],"wp:featuredmedia":[{"embeddable":true,"href":"http:\/\/associationodyssee.fr\/en\/wp-json\/wp\/v2\/media\/2177"}],"wp:attachment":[{"href":"http:\/\/associationodyssee.fr\/en\/wp-json\/wp\/v2\/media?parent=2644"}],"curies":[{"name":"wp","href":"https:\/\/api.w.org\/{rel}","templated":true}]}}