{"id":1696,"date":"2019-01-18T14:48:01","date_gmt":"2019-01-18T13:48:01","guid":{"rendered":"http:\/\/associationodyssee.fr\/?page_id=1696"},"modified":"2020-04-06T11:23:01","modified_gmt":"2020-04-06T10:23:01","slug":"intermove-for-trainers","status":"publish","type":"page","link":"http:\/\/associationodyssee.fr\/en\/projets-europeens\/intermove-for-trainers\/","title":{"rendered":"Intermove for trainers"},"content":{"rendered":"<p><\/p>\n<p style=\"text-align: justify;\">Association Odyss\u00e9e is partner of the Erasmus+ project <span style=\"color: #1bc7bc;\"><strong>&#8220;Intermove for trainers&#8221;.<br \/>\n<\/strong><\/span><\/p>\n<h5><span style=\"color: #1bc7bc;\">Intermove for trainers is based on a former project: Intermove<\/span><\/h5>\n<p><img decoding=\"async\" loading=\"lazy\" class=\"wp-image-2122 alignright\" src=\"http:\/\/associationodyssee.fr\/wp-content\/uploads\/2019\/07\/Logo-intermove-for-trainers.png\" alt=\"intermove for trainers formation interculturalit\u00e9 interculturelle bordeaux odyss\u00e9e france europe erasmusintermove for trainers formation interculturalit\u00e9 interculturelle bordeaux odyss\u00e9e france europe erasmus\" width=\"287\" height=\"198\" srcset=\"http:\/\/associationodyssee.fr\/wp-content\/uploads\/2019\/07\/Logo-intermove-for-trainers.png 418w, http:\/\/associationodyssee.fr\/wp-content\/uploads\/2019\/07\/Logo-intermove-for-trainers-300x207.png 300w\" sizes=\"(max-width: 287px) 100vw, 287px\" \/><\/p>\n<p style=\"text-align: justify;\"><strong>Intermove for trainers<\/strong> aims at extending and transferring the INTERMOVE model developed by previous project (http:\/\/intermove.eu\/en\/home\/) to other partner organizations active in mobility programmes in Italy, Portugal, France, Ireland and Spain. The former Erasmus+ project INTERMOVE developed from 2015 to 2017, tackled two of the main barriers to mobility such as <span style=\"color: #1bc7bc;\"><strong>crosscultural issues and foreign language knowledge<\/strong><\/span> by developing and implementing a new<span style=\"color: #1bc7bc;\"><strong> training pathway<\/strong><\/span> to prepare participants on Mobility projects by including the <span style=\"color: #1bc7bc;\"><strong>Intercomprehension of French, English, Portuguese, Italian and Spanish as a tool to follow an intercultural preparation<\/strong>.<\/span><\/p>\n<h5><span style=\"color: #1bc7bc;\">An innovative and specialized training for trainers<\/span><\/h5>\n<p style=\"text-align: justify;\"><strong>Intermove for trainers<\/strong> takes a step further by developing an <strong><span style=\"color: #1bc7bc;\">innovative specialized training for trainers programme<\/span><\/strong>. It will not only will allow partner organizations to train their mobility participants (pre-departure and\/or upon-arrival) but train <span style=\"color: #1bc7bc;\"><strong>other third organizations<\/strong><\/span> on the INTERMOVE model. They will be certified with the INTERMOVE label, becoming INTERMOVE experts and multipliers of this model.<\/p>\n<p style=\"text-align: justify;\">In addition, <strong>Intermove for trainers<\/strong> will <span style=\"color: #1bc7bc;\"><strong>develop a network<\/strong><\/span> to extend the INTERMOVE label to third organizations by the testing of the specialized training of trainers programme to other key mobility actors in Europe. This will also increase the capacity of the institutions to work following the same quality standards with their counterparts that will be also entitled to follow the same system.<\/p>\n<h5><span style=\"color: #1bc7bc;\">The Intermove for trainers&#8217; partnership<\/span><\/h5>\n<p><img decoding=\"async\" loading=\"lazy\" class=\"wp-image-2149 alignleft\" src=\"http:\/\/associationodyssee.fr\/wp-content\/uploads\/2019\/09\/IMG-20190918-WA000111.jpg\" alt=\"intermove for trainers intercomprehension plurilinguisme interculturalit\u00e9 interculturalism bordeaux association odyss\u00e9e erasmus france\" width=\"420\" height=\"315\" srcset=\"http:\/\/associationodyssee.fr\/wp-content\/uploads\/2019\/09\/IMG-20190918-WA000111.jpg 1024w, http:\/\/associationodyssee.fr\/wp-content\/uploads\/2019\/09\/IMG-20190918-WA000111-300x225.jpg 300w, http:\/\/associationodyssee.fr\/wp-content\/uploads\/2019\/09\/IMG-20190918-WA000111-768x576.jpg 768w\" sizes=\"(max-width: 420px) 100vw, 420px\" \/><\/p>\n<p style=\"text-align: justify;\">For this purpose, the partnership of <strong>Intermove for trainers<\/strong> is composed by <span style=\"color: #1bc7bc;\"><strong>11 organizations<\/strong><\/span> active in mobility projects and involves two types of partners. First of all, it involves the 5 partners who have participated in the previous project INTERMOVE: <span style=\"color: #00c2cb;\"><a style=\"color: #00c2cb;\" href=\"http:\/\/www.incoma.net\/IncomaPublic\/es\/zonaPublica\/index\">INCOMA<\/a> <\/span>(Spain), <span style=\"color: #00c2cb;\"><a style=\"color: #00c2cb;\" href=\"https:\/\/www.ifoa.it\/en\/\">IFOA<\/a> <\/span>(Italy), <span style=\"color: #00c2cb;\"><a style=\"color: #00c2cb;\" href=\"http:\/\/www.porto.ucp.pt\/\">University Catholic of Portugal<\/a><\/span> (Portugal), <span style=\"color: #00c2cb;\"><a style=\"color: #00c2cb;\" href=\"http:\/\/www.capulysse.fr\/en\/\">Cap Ulysse<\/a> <\/span>(France) and <span style=\"color: #00c2cb;\"><a style=\"color: #00c2cb;\" href=\"https:\/\/www.ittralee.ie\/en\/\">ITT<\/a> <\/span>(Ireland).<\/p>\n<p style=\"text-align: justify;\">They bring to the project their expertise with the INTERMOVE model. Second, organizations have been added to this new partnership: <span style=\"color: #00c2cb;\"><a style=\"color: #00c2cb;\" href=\"https:\/\/colegioslasalle.org\/\">La Salle<\/a><\/span> and <span style=\"color: #00c2cb;\"><a style=\"color: #00c2cb;\" href=\"https:\/\/www.sopenasevilla.org\/english\/index.php\">Sope\u00f1a<\/a><\/span> (Spain), <span style=\"color: #00c2cb;\"><a style=\"color: #00c2cb;\" href=\"http:\/\/www.ipv.pt\/default.htm\">IPV<\/a><\/span> (Portugal), <span style=\"color: #00c2cb;\"><a style=\"color: #00c2cb;\" href=\"http:\/\/www.enaip.it\/eng\/home.html\">ENAIP VENETO<\/a><\/span> (Italy), Association Odyss\u00e9e (France) and <span style=\"color: #00c2cb;\"><a style=\"color: #00c2cb;\" href=\"https:\/\/www.ul.ie\/\">UL<\/a> <\/span>(Ireland).<\/p>\n<h5><span style=\"color: #1bc7bc;\">Methodology and activities of the project<\/span><\/h5>\n<p style=\"text-align: justify;\">Regarding the development and preparation of the <strong>Intermove for trainers<\/strong> training programme, former INTERMOVE partners will work in a collaborative way through the creation of 2 working groups: one focused on <strong><span style=\"color: #1bc7bc;\">Intercomprehension<\/span><\/strong> and a second one focused on <span style=\"color: #1bc7bc;\"><strong>Interculturality.<\/strong><\/span><\/p>\n<p><img decoding=\"async\" loading=\"lazy\" class=\"wp-image-2147 alignright\" src=\"http:\/\/associationodyssee.fr\/wp-content\/uploads\/2019\/09\/IMG-20190926-WA0003.jpg\" alt=\"intermove for trainers intercomprehension plurilinguisme interculturalit\u00e9 interculturalism bordeaux association odyss\u00e9e erasmus france\" width=\"400\" height=\"225\" srcset=\"http:\/\/associationodyssee.fr\/wp-content\/uploads\/2019\/09\/IMG-20190926-WA0003.jpg 1600w, http:\/\/associationodyssee.fr\/wp-content\/uploads\/2019\/09\/IMG-20190926-WA0003-300x169.jpg 300w, http:\/\/associationodyssee.fr\/wp-content\/uploads\/2019\/09\/IMG-20190926-WA0003-768x432.jpg 768w, http:\/\/associationodyssee.fr\/wp-content\/uploads\/2019\/09\/IMG-20190926-WA0003-1024x576.jpg 1024w, http:\/\/associationodyssee.fr\/wp-content\/uploads\/2019\/09\/IMG-20190926-WA0003-750x420.jpg 750w\" sizes=\"(max-width: 400px) 100vw, 400px\" \/><\/p>\n<p style=\"text-align: justify;\">The implementation of the <strong>Intermove for trainers<\/strong> specialised training programme will include <strong><span style=\"color: #1bc7bc;\">international learning activities<\/span><\/strong> as 2 trainings according to the main two topics: Intercomprehension and Interculturality will be organised. Former INTERMOVERS will train a minimum of 2 participants from the other 6 partner organisations according the working groups created (1 facilitator per former partner organisation will be involved in the organisation of the training).<\/p>\n<p style=\"text-align: justify;\">A session with <span style=\"color: #1bc7bc;\"><strong>stakeholders and associated partners<\/strong> <\/span>will be organised in <span style=\"color: #1bc7bc;\"><strong>each country<\/strong><\/span> to present the project, share main relevant issues and goals, deepen the knowledge sharing on the main concepts in each partner country and attract these organizations to participate in the Network and training to third organizations.<\/p>\n<p style=\"text-align: justify;\">Finally, a <span style=\"color: #1bc7bc;\"><strong>Final Conference<\/strong><\/span> of the project will take place in order to present the INTERMOVE model and label and attract new organizations to participate at the INTERMOVE Network.<\/p>\n<p><em>This project is supported by the Erasmus+ programme of the European Commission. This communication relies only with the view of its author and does not reflect the view of the European Commission. <\/em><\/p>","protected":false},"excerpt":{"rendered":"<p>Association Odyss\u00e9e is partner of the Erasmus+ project &#8220;Intermove for trainers&#8221;. Intermove for trainers is based on a former project: Intermove Intermove for trainers aims at extending and transferring the INTERMOVE model developed by previous project (http:\/\/intermove.eu\/en\/home\/) to other partner organizations active in mobility programmes in Italy, Portugal, France, Ireland and Spain. The former Erasmus+ [&hellip;]<\/p>\n","protected":false},"author":1,"featured_media":2124,"parent":302,"menu_order":2,"comment_status":"closed","ping_status":"closed","template":"","meta":[],"_links":{"self":[{"href":"http:\/\/associationodyssee.fr\/en\/wp-json\/wp\/v2\/pages\/1696"}],"collection":[{"href":"http:\/\/associationodyssee.fr\/en\/wp-json\/wp\/v2\/pages"}],"about":[{"href":"http:\/\/associationodyssee.fr\/en\/wp-json\/wp\/v2\/types\/page"}],"author":[{"embeddable":true,"href":"http:\/\/associationodyssee.fr\/en\/wp-json\/wp\/v2\/users\/1"}],"replies":[{"embeddable":true,"href":"http:\/\/associationodyssee.fr\/en\/wp-json\/wp\/v2\/comments?post=1696"}],"version-history":[{"count":19,"href":"http:\/\/associationodyssee.fr\/en\/wp-json\/wp\/v2\/pages\/1696\/revisions"}],"predecessor-version":[{"id":3061,"href":"http:\/\/associationodyssee.fr\/en\/wp-json\/wp\/v2\/pages\/1696\/revisions\/3061"}],"up":[{"embeddable":true,"href":"http:\/\/associationodyssee.fr\/en\/wp-json\/wp\/v2\/pages\/302"}],"wp:featuredmedia":[{"embeddable":true,"href":"http:\/\/associationodyssee.fr\/en\/wp-json\/wp\/v2\/media\/2124"}],"wp:attachment":[{"href":"http:\/\/associationodyssee.fr\/en\/wp-json\/wp\/v2\/media?parent=1696"}],"curies":[{"name":"wp","href":"https:\/\/api.w.org\/{rel}","templated":true}]}}