{"id":1973,"date":"2019-04-02T15:03:54","date_gmt":"2019-04-02T14:03:54","guid":{"rendered":"http:\/\/associationodyssee.fr\/?page_id=1973"},"modified":"2021-07-01T14:40:14","modified_gmt":"2021-07-01T13:40:14","slug":"activites-et-excursions","status":"publish","type":"page","link":"http:\/\/associationodyssee.fr\/de\/nos-sejours-linguistiques-et-culturels\/activites-et-excursions\/","title":{"rendered":"(Fran\u00e7ais) Activit\u00e9s et excursions culturelles"},"content":{"rendered":"<p class=\"qtranxs-available-languages-message qtranxs-available-languages-message-de\">Leider ist der Eintrag nur auf <a href=\"http:\/\/associationodyssee.fr\/fr\/wp-json\/wp\/v2\/pages\/1973\" class=\"qtranxs-available-language-link qtranxs-available-language-link-fr\" title=\"Fran\u00e7ais\">Franz\u00f6sisch<\/a>, <a href=\"http:\/\/associationodyssee.fr\/en\/wp-json\/wp\/v2\/pages\/1973\" class=\"qtranxs-available-language-link qtranxs-available-language-link-en\" title=\"English\">Amerikanisches Englisch<\/a> und <a href=\"http:\/\/associationodyssee.fr\/it\/wp-json\/wp\/v2\/pages\/1973\" class=\"qtranxs-available-language-link qtranxs-available-language-link-it\" title=\"Italiano\">Italienisch<\/a> verf\u00fcgbar. Der Inhalt wird in der Standard-Sprache dieser Website angezeigt. Sie k\u00f6nnen einen Link anklicken, um zu einer anderen verf\u00fcgbaren Sprache zu wechseln.<\/p><p><\/p>\n<h4><span style=\"color: #1bc7bc;\">ACTIVIT\u00c9S INTERCULTURELLES<\/span><\/h4>\n<p>Pour une exp\u00e9rience inoubliable, nous proposons diff\u00e9rentes <span style=\"color: #1bc7bc;\"><strong>activit\u00e9s interculturelles et excursions<\/strong> <\/span>pour les groupes scolaires en <strong><span style=\"color: #1bc7bc;\">s\u00e9jour linguistique \u00e0 Bordeaux.<\/span><\/strong><\/p>\n<p>Nos activit\u00e9s interculturelles permettent aux \u00e9l\u00e8ves de mettre en pratique leurs <span style=\"color: #009786;\"><strong><span style=\"color: #1bc7bc;\">comp\u00e9tences linguistiques et transversales, <\/span><\/strong><span style=\"color: #333333;\">et de d\u00e9couvrir de nouveaux formats<strong><span style=\"color: #1bc7bc;\"> ludiques et interactifs<\/span><\/strong> pour apprendre et se familiariser avec les th\u00e9matiques du s\u00e9jour. Nous favorisons les <strong><span style=\"color: #1bc7bc;\">rencontres et \u00e9changes interculturels <\/span><\/strong>avec des lyc\u00e9ens du m\u00eame \u00e2ge que votre classe.<\/span><\/span><\/p>\n<p>Rallye d\u00e9couverte de Bordeaux, land art, g\u00e9ocaching, concours photo, jeux de r\u00f4le, nous vous proposerons des activit\u00e9s sur mesure pour un <strong><span style=\"color: #1bc7bc;\">programme 100% personnalis\u00e9.<\/span><\/strong><\/p>\n<h4><span style=\"color: #1bc7bc;\"><strong>EXCURSIONS<\/strong><\/span><\/h4>\n<p><img decoding=\"async\" loading=\"lazy\" class=\"alignleft size-full wp-image-1976\" src=\"http:\/\/associationodyssee.fr\/wp-content\/uploads\/2019\/04\/surfer_sur_la_cote_ouest-1.png\" alt=\"\" width=\"499\" height=\"81\" srcset=\"http:\/\/associationodyssee.fr\/wp-content\/uploads\/2019\/04\/surfer_sur_la_cote_ouest-1.png 499w, http:\/\/associationodyssee.fr\/wp-content\/uploads\/2019\/04\/surfer_sur_la_cote_ouest-1-300x49.png 300w\" sizes=\"(max-width: 499px) 100vw, 499px\" \/><\/p>\n<p>&nbsp;<\/p>\n<p>&nbsp;<\/p>\n<p>&nbsp;<\/p>\n<p><img decoding=\"async\" loading=\"lazy\" class=\"size-full wp-image-1988 aligncenter\" src=\"http:\/\/associationodyssee.fr\/wp-content\/uploads\/2019\/04\/SURF2.png\" alt=\"\" width=\"1200\" height=\"500\" srcset=\"http:\/\/associationodyssee.fr\/wp-content\/uploads\/2019\/04\/SURF2.png 1200w, http:\/\/associationodyssee.fr\/wp-content\/uploads\/2019\/04\/SURF2-300x125.png 300w, http:\/\/associationodyssee.fr\/wp-content\/uploads\/2019\/04\/SURF2-768x320.png 768w, http:\/\/associationodyssee.fr\/wp-content\/uploads\/2019\/04\/SURF2-1024x427.png 1024w\" sizes=\"(max-width: 1200px) 100vw, 1200px\" \/><\/p>\n<p>Le<span style=\"color: #666699;\"><strong> surf&#8230;<\/strong> <\/span>une activit\u00e9 incontournable de la<span style=\"color: #666699;\"><strong> c\u00f4te Atlantique<\/strong><\/span> ! Venez vous essayer \u00e0 ce sport de glisse pour tester les vagues et vivre des <strong><span style=\"color: #666699;\">sensations uniques<\/span><\/strong> !<\/p>\n<p>\u25b8P\u00e9riode conseill\u00e9e : <span style=\"color: #666699;\"><strong>mai \u00e0 septembre<\/strong><\/span><\/p>\n<p>\u25b8 Excursion<span style=\"color: #666699;\"><strong> journ\u00e9e ou demi journ\u00e9e<\/strong><\/span> avec initiation surf<\/p>\n<p>\u25b8 D\u00e9couverte <span style=\"color: #666699;\"><strong>faune &amp; flore<\/strong> <\/span>locale<\/p>\n<p>\u25b8 Adapt\u00e9 \u00e0 <span style=\"color: #666699;\"><strong>tous niveaux<\/strong><\/span><\/p>\n<p><img decoding=\"async\" loading=\"lazy\" class=\"size-full wp-image-1986 alignleft\" src=\"http:\/\/associationodyssee.fr\/wp-content\/uploads\/2019\/04\/Capture_bassin_arcachon-1.png\" alt=\"\" width=\"779\" height=\"111\" srcset=\"http:\/\/associationodyssee.fr\/wp-content\/uploads\/2019\/04\/Capture_bassin_arcachon-1.png 779w, http:\/\/associationodyssee.fr\/wp-content\/uploads\/2019\/04\/Capture_bassin_arcachon-1-300x43.png 300w, http:\/\/associationodyssee.fr\/wp-content\/uploads\/2019\/04\/Capture_bassin_arcachon-1-768x109.png 768w\" sizes=\"(max-width: 779px) 100vw, 779px\" \/><\/p>\n<p>&nbsp;<\/p>\n<p>&nbsp;<\/p>\n<p>&nbsp;<\/p>\n<p><img decoding=\"async\" loading=\"lazy\" class=\"size-full wp-image-1989 aligncenter\" src=\"http:\/\/associationodyssee.fr\/wp-content\/uploads\/2019\/04\/D\u00e9couverte-du-Bassin-dArcachon.png\" alt=\"\" width=\"1200\" height=\"500\" srcset=\"http:\/\/associationodyssee.fr\/wp-content\/uploads\/2019\/04\/D\u00e9couverte-du-Bassin-dArcachon.png 1200w, http:\/\/associationodyssee.fr\/wp-content\/uploads\/2019\/04\/D\u00e9couverte-du-Bassin-dArcachon-300x125.png 300w, http:\/\/associationodyssee.fr\/wp-content\/uploads\/2019\/04\/D\u00e9couverte-du-Bassin-dArcachon-768x320.png 768w, http:\/\/associationodyssee.fr\/wp-content\/uploads\/2019\/04\/D\u00e9couverte-du-Bassin-dArcachon-1024x427.png 1024w\" sizes=\"(max-width: 1200px) 100vw, 1200px\" \/><\/p>\n<p>&nbsp;<\/p>\n<p>A proximit\u00e9 de Bordeaux, le <span style=\"color: #5689b3;\"><strong>Bassin d&#8217;Arcachon <\/strong><\/span>vous offrira une vraie <span style=\"color: #5689b3;\"><strong>bouff\u00e9e d&#8217;air frais<\/strong><\/span> !<\/p>\n<p>Observez l&#8216;<strong><span style=\"color: #5689b3;\">architecture des maisons de la ville d&#8217;hiver<\/span><\/strong>, d\u00e9couvrez les <strong><span style=\"color: #5689b3;\">cabanes de p\u00eacheurs<\/span><\/strong>, les <strong><span style=\"color: #5689b3;\">cabanes tchanqu\u00e9es<\/span><\/strong>, et go\u00fbtez les <strong><span style=\"color: #5689b3;\">hu\u00eetres <\/span><\/strong>locales !<\/p>\n<p>\u25b8P\u00e9riode conseill\u00e9e : <span style=\"color: #5689b3;\"><strong>mai \u00e0 septembre<\/strong><\/span><\/p>\n<p>\u25b8Excursion<strong><span style=\"color: #5689b3;\"> journ\u00e9e ou demi journ\u00e9e<\/span><br \/>\n<\/strong><\/p>\n<p>\u25b8Possibilit\u00e9 <strong><span style=\"color: #5689b3;\">tour en bateau<\/span><br \/>\n<\/strong><\/p>\n<p>&nbsp;<\/p>\n<p><img decoding=\"async\" loading=\"lazy\" class=\"alignleft size-full wp-image-1993\" src=\"http:\/\/associationodyssee.fr\/wp-content\/uploads\/2019\/04\/Capture_pilat.png\" alt=\"\" width=\"685\" height=\"88\" srcset=\"http:\/\/associationodyssee.fr\/wp-content\/uploads\/2019\/04\/Capture_pilat.png 685w, http:\/\/associationodyssee.fr\/wp-content\/uploads\/2019\/04\/Capture_pilat-300x39.png 300w\" sizes=\"(max-width: 685px) 100vw, 685px\" \/><\/p>\n<p>&nbsp;<\/p>\n<p>&nbsp;<\/p>\n<p>&nbsp;<\/p>\n<p><img decoding=\"async\" loading=\"lazy\" class=\"alignleft size-full wp-image-2009\" src=\"http:\/\/associationodyssee.fr\/wp-content\/uploads\/2019\/04\/Excursion-\u00e0-la-Dune-du-Pilat3-1.png\" alt=\"\" width=\"1200\" height=\"500\" srcset=\"http:\/\/associationodyssee.fr\/wp-content\/uploads\/2019\/04\/Excursion-\u00e0-la-Dune-du-Pilat3-1.png 1200w, http:\/\/associationodyssee.fr\/wp-content\/uploads\/2019\/04\/Excursion-\u00e0-la-Dune-du-Pilat3-1-300x125.png 300w, http:\/\/associationodyssee.fr\/wp-content\/uploads\/2019\/04\/Excursion-\u00e0-la-Dune-du-Pilat3-1-768x320.png 768w, http:\/\/associationodyssee.fr\/wp-content\/uploads\/2019\/04\/Excursion-\u00e0-la-Dune-du-Pilat3-1-1024x427.png 1024w\" sizes=\"(max-width: 1200px) 100vw, 1200px\" \/><\/p>\n<p><span style=\"color: #333333;\">La<\/span><strong><span style=\"color: #d9a14e;\"> Dune du Pilat<\/span><\/strong> en quelques mots : <strong><span style=\"color: #d9a14e;\">109 m\u00e8tres de hauteur<\/span><\/strong>, <strong><span style=\"color: #d9a14e;\">2 millions de visiteurs chaque ann\u00e9e<\/span><\/strong>, <span style=\"color: #d9a14e;\"><strong>506 hectares, entre for\u00eat des Landes de Gascogne et Oc\u00e9an Atlantique<\/strong><\/span>&#8230; de quoi en prendre plein la vue !<\/p>\n<p>\u25b8P\u00e9riode conseill\u00e9e : <span style=\"color: #e6b36c;\"><strong>mai \u00e0 septembre<\/strong><\/span><\/p>\n<p>\u25b8Excursion<span style=\"color: #e6b36c;\"><strong> journ\u00e9e ou demi journ\u00e9e<\/strong><\/span><\/p>\n<p>\u25b8Possibilit\u00e9 de combiner avec l&#8217;excursion Arcachon<\/p>\n<p><img decoding=\"async\" loading=\"lazy\" class=\"alignleft size-full wp-image-2005\" src=\"http:\/\/associationodyssee.fr\/wp-content\/uploads\/2019\/04\/Capture_saint-emilion.png\" alt=\"\" width=\"557\" height=\"97\" srcset=\"http:\/\/associationodyssee.fr\/wp-content\/uploads\/2019\/04\/Capture_saint-emilion.png 557w, http:\/\/associationodyssee.fr\/wp-content\/uploads\/2019\/04\/Capture_saint-emilion-300x52.png 300w\" sizes=\"(max-width: 557px) 100vw, 557px\" \/><img decoding=\"async\" loading=\"lazy\" class=\"size-full wp-image-2006 aligncenter\" src=\"http:\/\/associationodyssee.fr\/wp-content\/uploads\/2019\/04\/St-Emilion.png\" alt=\"\" width=\"1200\" height=\"500\" srcset=\"http:\/\/associationodyssee.fr\/wp-content\/uploads\/2019\/04\/St-Emilion.png 1200w, http:\/\/associationodyssee.fr\/wp-content\/uploads\/2019\/04\/St-Emilion-300x125.png 300w, http:\/\/associationodyssee.fr\/wp-content\/uploads\/2019\/04\/St-Emilion-768x320.png 768w, http:\/\/associationodyssee.fr\/wp-content\/uploads\/2019\/04\/St-Emilion-1024x427.png 1024w\" sizes=\"(max-width: 1200px) 100vw, 1200px\" \/><\/p>\n<p><span style=\"color: #800000;\"><strong>Saint-Emilion<\/strong> <\/span>est connue dans le monde entier pour ses vins exceptionnels &#8230; C&#8217;est d&#8217;ailleurs le premier vignoble du monde \u00e0 avoir \u00e9t\u00e9 inscrit au <strong><span style=\"color: #800000;\">Patrimoine Mondial de l&#8217;Humanit\u00e9 par l&#8217;UNESCO<\/span><\/strong> ! Mais au del\u00e0 du patrimoine naturel, connaissez-vous la ville et son <strong><span style=\"color: #800000;\">patrimoine historique et architectural<\/span><\/strong> ? Le temps d&#8217;une journ\u00e9e, partez \u00e0 la d\u00e9couverte de la cit\u00e9 m\u00e9di\u00e9vale et de ses <strong><span style=\"color: #800000;\">monuments souterrains<\/span><\/strong> !<\/p>\n<p>\u25b8P\u00e9riode conseill\u00e9e : <span style=\"color: #800000;\"><strong>mai \u00e0 septembre<\/strong><\/span><\/p>\n<p>\u25b8Excursion<span style=\"color: #800000;\"><strong> journ\u00e9e ou demi journ\u00e9e<\/strong><\/span><\/p>\n<p><em><strong>L&#8217;abus d&#8217;alcool est dangereux pour la sant\u00e9. A consommer avec mod\u00e9ration.<\/strong><\/em><\/p>","protected":false},"excerpt":{"rendered":"<p>Leider ist der Eintrag nur auf Franz\u00f6sisch, Amerikanisches Englisch und Italienisch verf\u00fcgbar. Der Inhalt wird in der Standard-Sprache dieser Website angezeigt. Sie k\u00f6nnen einen Link anklicken, um zu einer anderen verf\u00fcgbaren Sprache zu wechseln. ACTIVIT\u00c9S INTERCULTURELLES Pour une exp\u00e9rience inoubliable, nous proposons diff\u00e9rentes activit\u00e9s interculturelles et excursions pour les groupes scolaires en s\u00e9jour linguistique \u00e0 [&hellip;]<\/p>\n","protected":false},"author":1,"featured_media":2101,"parent":668,"menu_order":2,"comment_status":"closed","ping_status":"closed","template":"","meta":[],"_links":{"self":[{"href":"http:\/\/associationodyssee.fr\/de\/wp-json\/wp\/v2\/pages\/1973"}],"collection":[{"href":"http:\/\/associationodyssee.fr\/de\/wp-json\/wp\/v2\/pages"}],"about":[{"href":"http:\/\/associationodyssee.fr\/de\/wp-json\/wp\/v2\/types\/page"}],"author":[{"embeddable":true,"href":"http:\/\/associationodyssee.fr\/de\/wp-json\/wp\/v2\/users\/1"}],"replies":[{"embeddable":true,"href":"http:\/\/associationodyssee.fr\/de\/wp-json\/wp\/v2\/comments?post=1973"}],"version-history":[{"count":22,"href":"http:\/\/associationodyssee.fr\/de\/wp-json\/wp\/v2\/pages\/1973\/revisions"}],"predecessor-version":[{"id":2591,"href":"http:\/\/associationodyssee.fr\/de\/wp-json\/wp\/v2\/pages\/1973\/revisions\/2591"}],"up":[{"embeddable":true,"href":"http:\/\/associationodyssee.fr\/de\/wp-json\/wp\/v2\/pages\/668"}],"wp:featuredmedia":[{"embeddable":true,"href":"http:\/\/associationodyssee.fr\/de\/wp-json\/wp\/v2\/media\/2101"}],"wp:attachment":[{"href":"http:\/\/associationodyssee.fr\/de\/wp-json\/wp\/v2\/media?parent=1973"}],"curies":[{"name":"wp","href":"https:\/\/api.w.org\/{rel}","templated":true}]}}